{"id":184,"date":"2020-07-30T16:52:29","date_gmt":"2020-07-30T14:52:29","guid":{"rendered":"http:\/\/ssps\/web\/?page_id=184"},"modified":"2025-11-03T15:59:49","modified_gmt":"2025-11-03T14:59:49","slug":"kontakt","status":"publish","type":"page","link":"https:\/\/ssps-backup.200.solutions\/?page_id=184","title":{"rendered":"Kontakty"},"content":{"rendered":"\t\t<div data-elementor-type=\"wp-page\" data-elementor-id=\"184\" class=\"elementor elementor-184\">\n\t\t\t\t\t\t<section class=\"elementor-section elementor-top-section elementor-element elementor-element-2a2e728c elementor-section-boxed elementor-section-height-default elementor-section-height-default\" data-id=\"2a2e728c\" data-element_type=\"section\">\n\t\t\t\t\t\t<div class=\"elementor-container elementor-column-gap-default\">\n\t\t\t\t\t<div class=\"elementor-column elementor-col-100 elementor-top-column elementor-element elementor-element-6f4ff6d8\" data-id=\"6f4ff6d8\" data-element_type=\"column\">\n\t\t\t<div class=\"elementor-widget-wrap elementor-element-populated\">\n\t\t\t\t\t\t<div class=\"elementor-element elementor-element-26f7f322 elementor-widget elementor-widget-text-editor\" data-id=\"26f7f322\" data-element_type=\"widget\" data-widget_type=\"text-editor.default\">\n\t\t\t\t<div class=\"elementor-widget-container\">\n\t\t\t\t\t\t\t\t\t<div class=\"grid\">\n<div class=\"item\">\n<div class=\"title\">Adresa<\/div>\n<div class=\"content\">\n<p>Preslova 72\/25<br>Praha 5 &#8211; Sm\u00edchov<br>150 21<\/p>\n<\/div>\n<\/div>\n<div class=\"item\">\n<div class=\"title\">\n<h3>IZO<\/h3>\n<\/div>\n<div class=\"content\">\n<p>061 386 855<\/p>\n<\/div>\n<\/div>\n<div class=\"item\">\n<div class=\"title\">\n<h3>\u00da\u0159edn\u00ed hodiny<\/h3>\n<\/div>\n<div class=\"content\">\n<p>Po &#8211; \u010ct: 8:00 &#8211; 15:30 h<br>P\u00e1: 8:00 &#8211; 14:00 h<br>So &#8211; Ne: Zav\u0159eno<\/p>\n<\/div>\n<\/div>\n<div class=\"item\">\n<div class=\"title\">\n<h3>I\u010cO<\/h3>\n<\/div>\n<div class=\"content\">\n<p>61 38 68 55<\/p>\n<\/div>\n<\/div>\n<div class=\"item\">\n<div class=\"title\">\n<h3>\u0158editel<\/h3>\n<\/div>\n<div class=\"content\">\n<p>radko.sablik@ssps-backup.200.solutions<\/p>\n<p>+420 777 355 040<\/p>\n<\/div>\n<\/div>\n<div class=\"item\">\n<div class=\"title\">\n<h3>Hospod\u00e1\u0159<\/h3>\n<\/div>\n<div class=\"content\">\n<p>aramis.tochjan@ssps-backup.200.solutions<\/p>\n<p>+420 777 355 170<\/p>\n<p><\/p>\n<\/div>\n<\/div>\n<div class=\"item\">\n<div class=\"title\">\n<h3>Z\u00e1stupce pro spr\u00e1vn\u00ed z\u00e1le\u017eitosti<\/h3>\n<\/div>\n<div class=\"content\">\n<p>aramis.tochjan@ssps-backup.200.solutions<\/p>\n<p>+420 777 355 170<\/p>\n<\/div>\n<\/div>\n<div class=\"item\">\n<div class=\"title\">\n<h3>Z\u00e1stupce pro ped. \u010dinnost<\/h3>\n<\/div>\n<div class=\"content\">\n<p>tomas.goj@ssps-backup.200.solutions<\/p>\n<p>+420 730 546 498<\/p>\n<p><\/p>\n<\/div>\n<\/div>\n<div class=\"item\">\n<div class=\"title\">\n<h3>Z\u00e1stupce pro mimo\u0161. \u010dinnost<\/h3>\n<\/div>\n<div class=\"content\">\n<p>jan.lacina@ssps-backup.200.solutions<\/p>\n<p>Telefonn\u00ed \u010d\u00edslo bude dopln\u011bno.<\/p>\n<\/div>\n<\/div>\n<div class=\"item\">\n<div class=\"title\">\n<h3>IT odd\u011blen\u00ed<\/h3>\n<\/div>\n<div class=\"content\">\n<p>dominik.vokurka@ssps-backup.200.solutions<\/p>\n<p>podpora@ssps-backup.200.solutions &#8211; Po\u017eadavek na IT odd\u011blen\u00ed<\/p>\n<p><\/p>\n<\/div>\n<\/div>\n<div class=\"item\">\n<div class=\"title\">\n<h3>Spr\u00e1va webu&nbsp;<\/h3>\n<\/div>\n<div class=\"content\">\n<p>WEB &#8211; jan.kratochvile@ssps-backup.200.solutions<\/p>\n<p>PR &#8211; patrik.muller@ssps-backup.200.solutions<\/p>\n<\/div>\n<\/div>\n<div class=\"item\">\n<div class=\"title\">\n<h3>Studijn\u00ed agenda<\/h3>\n<\/div>\n<div class=\"content\">\n<p>gabriela.stehnova@ssps-backup.200.solutions<\/p>\n<p>sr@ssps-backup.200.solutions &#8211; Studentsk\u00e1 rada<\/p>\n<p><\/p>\n<\/div>\n<\/div>\n<div class=\"item\">\n<div class=\"title\">\n<h3>Bankovn\u00ed spojen\u00ed<\/h3>\n<\/div>\n<div class=\"content\">\n<p>Bankovn\u00ed spojen\u00ed: Komer\u010dn\u00ed banka, a.s.<\/p>\n<p><span style=\"font-weight: bold;\">\u010c\u00edslo \u00fa\u010dtu:<\/span> 19-1426340277\/0100<\/p>\n<p><span style=\"font-weight: bold;\">IBAN:&nbsp;<\/span>CZ5501000000191426340277<\/p>\n<p><b>BIC k\u00f3d:<\/b> KOMBCZPP<\/p>\n<p><strong>SWIFT:<\/strong> KOMBCZPPXXX<\/p>\n<p>Pro platbu \u0161koln\u00edch akc\u00ed (studenti a uchaze\u010di):<\/p>\n<p><b>\u010c\u00edslo \u00fa\u010dtu: <\/b>115-8032460227\/0100<\/p>\n<\/div>\n<\/div>\n<div class=\"item\">\n<div class=\"title\">\n<h3>Soci\u00e1ln\u00ed s\u00edt\u011b<\/h3>\n<\/div>\n<div class=\"content\">\n<p><a href=\"https:\/\/www.instagram.com\/sspsprague\/\" target=\"_blank\" rel=\"noopener nofollow\"><img decoding=\"async\" src=\"https:\/\/ssps-backup.200.solutions\/wp-content\/uploads\/2023\/01\/ezgif.com-gif-maker.jpg\" width=\"20\" height=\"20\"><\/a><span style=\"font-weight: bold;\"> Instagram: <\/span><a href=\"https:\/\/www.instagram.com\/sspsprague\/\" target=\"_blank\" rel=\"noopener nofollow\">@sspsprague<\/a><\/p>\n<p><a href=\"https:\/\/www.facebook.com\/smichovskasps\/\" target=\"_blank\" rel=\"noopener nofollow\"><img decoding=\"async\" src=\"https:\/\/ssps-backup.200.solutions\/wp-content\/uploads\/2023\/01\/FB-f-Logo__blue_512.png\" width=\"20\" height=\"20\"><\/a><span style=\"font-weight: bold;\"> Facebook: <\/span><a href=\"https:\/\/www.facebook.com\/smichovskasps\/\" target=\"_blank\" rel=\"noopener nofollow\">@smichovskasps<\/a><\/p>\n<p><span style=\"font-weight: bold;\">X: <\/span><a href=\"https:\/\/x.com\/RadkoSablik\" target=\"_blank\" rel=\"noopener nofollow\">@RadkoSablik<\/a><\/p>\n<\/div>\n<\/div>\n<\/div>\n<p><!-- \/wp:html --><\/p>\n<p><!-- wp:html --><\/p>\n<div class=\"map\"><iframe style=\"border: 0;\" src=\"https:\/\/www.google.com\/maps\/embed\/v1\/place?key=AIzaSyA5J-eKX0qB5ShmqmDraEkn_Cu9YZdKTPM &amp;q=Sm\u00edchovsk\u00e1+st\u0159edn\u00ed+pr\u016fmyslov\u00e1+\u0161kola\" width=\"100%\" height=\"450\" frameborder=\"0\" allowfullscreen=\"allowfullscreen\"><\/iframe><\/div>\n<p><!-- \/wp:html --><\/p>\t\t\t\t\t\t\t\t<\/div>\n\t\t\t\t<\/div>\n\t\t\t\t\t<\/div>\n\t\t<\/div>\n\t\t\t\t\t<\/div>\n\t\t<\/section>\n\t\t\t\t<\/div>\n\t\t","protected":false},"excerpt":{"rendered":"<p>Adresa Preslova 72\/25Praha 5 &#8211; Sm\u00edchov150 21 IZO 061 386 855 \u00da\u0159edn\u00ed hodiny Po &#8211;&#8230; <a href=\"https:\/\/ssps-backup.200.solutions\/?page_id=184\" class=\"readmore\">Zobrazit v\u00edce<\/a><\/p>\n","protected":false},"author":14,"featured_media":0,"parent":0,"menu_order":0,"comment_status":"closed","ping_status":"closed","template":"","meta":{"_acf_changed":false,"inline_featured_image":false,"footnotes":""},"class_list":["post-184","page","type-page","status-publish","hentry"],"acf":[],"_links":{"self":[{"href":"https:\/\/ssps-backup.200.solutions\/index.php?rest_route=\/wp\/v2\/pages\/184","targetHints":{"allow":["GET"]}}],"collection":[{"href":"https:\/\/ssps-backup.200.solutions\/index.php?rest_route=\/wp\/v2\/pages"}],"about":[{"href":"https:\/\/ssps-backup.200.solutions\/index.php?rest_route=\/wp\/v2\/types\/page"}],"author":[{"embeddable":true,"href":"https:\/\/ssps-backup.200.solutions\/index.php?rest_route=\/wp\/v2\/users\/14"}],"replies":[{"embeddable":true,"href":"https:\/\/ssps-backup.200.solutions\/index.php?rest_route=%2Fwp%2Fv2%2Fcomments&post=184"}],"version-history":[{"count":143,"href":"https:\/\/ssps-backup.200.solutions\/index.php?rest_route=\/wp\/v2\/pages\/184\/revisions"}],"predecessor-version":[{"id":7257,"href":"https:\/\/ssps-backup.200.solutions\/index.php?rest_route=\/wp\/v2\/pages\/184\/revisions\/7257"}],"wp:attachment":[{"href":"https:\/\/ssps-backup.200.solutions\/index.php?rest_route=%2Fwp%2Fv2%2Fmedia&parent=184"}],"curies":[{"name":"wp","href":"https:\/\/api.w.org\/{rel}","templated":true}]}}