{"id":168,"date":"2020-07-30T16:46:41","date_gmt":"2020-07-30T14:46:41","guid":{"rendered":"http:\/\/ssps\/web\/?page_id=168"},"modified":"2025-11-22T18:09:39","modified_gmt":"2025-11-22T17:09:39","slug":"dokumenty-ke-stazeni","status":"publish","type":"page","link":"https:\/\/ssps-backup.200.solutions\/?page_id=168","title":{"rendered":"Dokumenty ke sta\u017een\u00ed"},"content":{"rendered":"\n<h4 class=\"wp-block-heading\">Vnit\u0159n\u00ed p\u0159edpisy<\/h4>\n\n\n\n<div class=\"wp-block-file\"><a id=\"wp-block-file--media-e9ac5291-d1f2-4af4-9001-e146254903b9\" href=\"https:\/\/ssps-backup.200.solutions\/wp-content\/uploads\/2024\/10\/Skolni_rad_F_2024.doc\">\u0160koln\u00ed \u0159\u00e1d s \u00fa\u010dinnost\u00ed ode dne 1. 9. 2024<\/a><a href=\"https:\/\/ssps-backup.200.solutions\/wp-content\/uploads\/2024\/10\/Skolni_rad_F_2024.doc\" class=\"wp-block-file__button wp-element-button\" download aria-describedby=\"wp-block-file--media-e9ac5291-d1f2-4af4-9001-e146254903b9\">St\u00e1hnout<\/a><\/div>\n\n\n\n<div class=\"wp-block-file\"><a id=\"wp-block-file--media-8b17d449-61e3-4061-a3b3-c873ca449df5\" href=\"https:\/\/ssps-backup.200.solutions\/wp-content\/uploads\/2024\/10\/Klas-rad.doc\">Klasifika\u010dn\u00ed \u0159\u00e1d s \u00fa\u010dinnost\u00ed ode dne 1. 9. 2024<\/a><a href=\"https:\/\/ssps-backup.200.solutions\/wp-content\/uploads\/2024\/10\/Klas-rad.doc\" class=\"wp-block-file__button wp-element-button\" download aria-describedby=\"wp-block-file--media-8b17d449-61e3-4061-a3b3-c873ca449df5\">St\u00e1hnout<\/a><\/div>\n\n\n\n<div class=\"wp-block-file\"><a id=\"wp-block-file--media-3382f196-c9d2-4840-a215-54b462a0eb25\" href=\"https:\/\/ssps-backup.200.solutions\/wp-content\/uploads\/2022\/06\/Stipendijni-rad.pdf\">Stipendijn\u00ed \u0159\u00e1d s \u00fa\u010dinnost\u00ed ode dne 1. 6. 2022<\/a><a href=\"https:\/\/ssps-backup.200.solutions\/wp-content\/uploads\/2022\/06\/Stipendijni-rad.pdf\" class=\"wp-block-file__button wp-element-button\" download aria-describedby=\"wp-block-file--media-3382f196-c9d2-4840-a215-54b462a0eb25\">St\u00e1hnout<\/a><\/div>\n\n\n\n<div class=\"wp-block-file\"><a id=\"wp-block-file--media-b45badc8-fe6e-4f05-a812-24b265bb740c\" href=\"https:\/\/ssps-backup.200.solutions\/wp-content\/uploads\/2023\/12\/sazebnik-2024.pdf\">Sazebn\u00edk \u00fahrad za informace s \u00fa\u010dinnost\u00ed ode dne 1. 1. 2024<\/a><a href=\"https:\/\/ssps-backup.200.solutions\/wp-content\/uploads\/2023\/12\/sazebnik-2024.pdf\" class=\"wp-block-file__button wp-element-button\" download aria-describedby=\"wp-block-file--media-b45badc8-fe6e-4f05-a812-24b265bb740c\">St\u00e1hnout<\/a><\/div>\n\n\n\n<div class=\"wp-block-file\"><a id=\"wp-block-file--media-526a9033-0971-4ff1-acc3-259b22bdaace\" href=\"https:\/\/ssps-backup.200.solutions\/wp-content\/uploads\/2025\/02\/Minimalni-preventivni-program-s-ucinnosti-ode-dne-1.-9.-2024.docx\">Minim\u00e1ln\u00ed preventivn\u00ed program s \u00fa\u010dinnost\u00ed ode dne 1. 9. 2024<\/a><a href=\"https:\/\/ssps-backup.200.solutions\/wp-content\/uploads\/2025\/02\/Minimalni-preventivni-program-s-ucinnosti-ode-dne-1.-9.-2024.docx\" class=\"wp-block-file__button wp-element-button\" download aria-describedby=\"wp-block-file--media-526a9033-0971-4ff1-acc3-259b22bdaace\">St\u00e1hnout<\/a><\/div>\n\n\n\n<div class=\"wp-block-file\"><a id=\"wp-block-file--media-84a6c26a-00a1-425e-9370-75fc1b675e17\" href=\"https:\/\/ssps-backup.200.solutions\/wp-content\/uploads\/2024\/10\/Kodex-studenta-Smichovske-SPS-a-gymnazia-20242025.docx\">Kodex studenta s \u00fa\u010dinnost\u00ed ode dne 1. 9. 2024<\/a><a href=\"https:\/\/ssps-backup.200.solutions\/wp-content\/uploads\/2024\/10\/Kodex-studenta-Smichovske-SPS-a-gymnazia-20242025.docx\" class=\"wp-block-file__button wp-element-button\" download aria-describedby=\"wp-block-file--media-84a6c26a-00a1-425e-9370-75fc1b675e17\">St\u00e1hnout<\/a><\/div>\n\n\n\n<div class=\"wp-block-file\"><a id=\"wp-block-file--media-37f744ba-4ece-4fac-886c-a00991333c3b\" href=\"https:\/\/ssps-backup.200.solutions\/wp-content\/uploads\/2024\/10\/Kodex-ucitele-Smichovske-SPS-a-gymnazia-20242025.docx\">Kodex u\u010ditele s \u00fa\u010dinnost\u00ed ode dne 1. 9. 2024<\/a><a href=\"https:\/\/ssps-backup.200.solutions\/wp-content\/uploads\/2024\/10\/Kodex-ucitele-Smichovske-SPS-a-gymnazia-20242025.docx\" class=\"wp-block-file__button wp-element-button\" download aria-describedby=\"wp-block-file--media-37f744ba-4ece-4fac-886c-a00991333c3b\">St\u00e1hnout<\/a><\/div>\n\n\n\n<div class=\"wp-block-file\"><a id=\"wp-block-file--media-2667ec99-4133-4a21-8192-ef0efebb7c3e\" href=\"https:\/\/ssps-backup.200.solutions\/wp-content\/uploads\/2023\/10\/VZ_SMICHOVSKA_SPS_2023.pdf\">V\u00fdro\u010dn\u00ed zpr\u00e1va za \u0161koln\u00ed rok 2022\/2023<\/a><a href=\"https:\/\/ssps-backup.200.solutions\/wp-content\/uploads\/2023\/10\/VZ_SMICHOVSKA_SPS_2023.pdf\" class=\"wp-block-file__button wp-element-button\" download aria-describedby=\"wp-block-file--media-2667ec99-4133-4a21-8192-ef0efebb7c3e\">St\u00e1hnout<\/a><\/div>\n\n\n\n<div class=\"wp-block-file\"><a id=\"wp-block-file--media-b56f9c01-f9ac-4327-87f7-a93904859c61\" href=\"https:\/\/ssps-backup.200.solutions\/wp-content\/uploads\/2023\/10\/Vysledovka-1.pdf\">V\u00fdsledkov\u00e1 zpr\u00e1va zisku a ztr\u00e1ty obdob\u00ed 06\/2023<\/a><a href=\"https:\/\/ssps-backup.200.solutions\/wp-content\/uploads\/2023\/10\/Vysledovka-1.pdf\" class=\"wp-block-file__button wp-element-button\" download aria-describedby=\"wp-block-file--media-b56f9c01-f9ac-4327-87f7-a93904859c61\">St\u00e1hnout<\/a><\/div>\n\n\n\n<h4 class=\"wp-block-heading\">\u0160koln\u00ed vzd\u011bl\u00e1vac\u00ed programy<\/h4>\n\n\n\n<ul class=\"wp-block-list\">\n<li>18-20-M\/01 Informa\u010dn\u00ed technologie &#8211; <a href=\"https:\/\/ssps-backup.200.solutions\/wp-content\/uploads\/2024\/11\/IT-SVP_2024_Ru.pdf\">\u0160VP<\/a><\/li>\n\n\n\n<li>18-20-M\/01 Informa\u010dn\u00ed technologie &#8211; Kybernetick\u00e1 bezpe\u010dnost &#8211; <a href=\"https:\/\/ssps-backup.200.solutions\/wp-content\/uploads\/2024\/11\/IT-SVP_KB_2024_2025.pdf\">\u0160VP<\/a><\/li>\n\n\n\n<li>79-41-K\/81 Gymn\u00e1zium &#8211; <a href=\"https:\/\/ssps-backup.200.solutions\/wp-content\/uploads\/2024\/11\/Gymnazium_2024_Ru.pdf\">\u0160VP<\/a><\/li>\n<\/ul>\n\n\n\n<h4 class=\"wp-block-heading\">Pro m\u00e9dia<\/h4>\n\n\n\n<ul class=\"wp-block-list\">\n<li><a href=\"https:\/\/ssps-backup.200.solutions\/wp-content\/uploads\/2021\/10\/logo_svg.svg\">Logo \u0161koly (form\u00e1t svg)<\/a><\/li>\n\n\n\n<li><a href=\"https:\/\/ssps-backup.200.solutions\/wp-content\/uploads\/2021\/10\/logo.png\">Logo \u0161koly (form\u00e1t png)<\/a><\/li>\n\n\n\n<li><a href=\"https:\/\/ssps-backup.200.solutions\/wp-content\/uploads\/2023\/09\/Logo-manual.pdf\">Logo manu\u00e1l (form\u00e1t pdf)<\/a><\/li>\n<\/ul>\n\n\n\n<h4 class=\"wp-block-heading\">Pro zam\u011bstnance<\/h4>\n\n\n\n<ul class=\"wp-block-list\">\n<li><a href=\"https:\/\/ssps-backup.200.solutions\/wp-content\/uploads\/2025\/11\/ZADOST-O-NEPLACENE-VOLNO-RADNOU-DOVOLENOU_interaktivni.pdf\" data-type=\"attachment\" data-id=\"5327\">\u017d\u00e1dost o neplacen\u00e9 volno\/\u0159\u00e1dnou dovolenou (interaktivn\u00ed form\u00e1t pdf)<\/a><\/li>\n\n\n\n<li><a href=\"https:\/\/ssps-backup.200.solutions\/wp-content\/uploads\/2023\/06\/ZADOST-O-NEPLACENE-VOLNO-RADNOU-DOVOLENOU.docx\" data-type=\"attachment\" data-id=\"5328\">\u017d\u00e1dost o neplacen\u00e9 volno\/\u0159\u00e1dnou dovolenou (form\u00e1t docx)<\/a><\/li>\n<\/ul>\n\n\n\n<h4 class=\"wp-block-heading\">Ostatn\u00ed<\/h4>\n\n\n\n<ul class=\"wp-block-list\">\n<li><a href=\"https:\/\/ssps-backup.200.solutions\/wp-content\/uploads\/2021\/06\/SSPS_zrizovaci_listina.pdf\">Z\u0159izovac\u00ed listina s \u00fa\u010dinnost\u00ed ode dne 1. 9. 2021<\/a><\/li>\n\n\n\n<li><a href=\"https:\/\/ssps-backup.200.solutions\/wp-content\/uploads\/2022\/10\/OBECNA-ZADOST.docx\" data-type=\"attachment\" data-id=\"4009\">Obecn\u00e1 \u017e\u00e1dost<\/a><\/li>\n\n\n\n<li>Dal\u0161\u00ed \u017e\u00e1dosti pro studenty lze nal\u00e9zt v sekci <a href=\"https:\/\/ssps-backup.200.solutions\/studenti\/potrebuji-vyridit\/\">Pot\u0159ebuji vy\u0159\u00eddit<\/a><\/li>\n<\/ul>\n\n\n\n<h4 class=\"wp-block-heading\">Opis maturitn\u00edho vysv\u011bd\u010den\u00ed<\/h4>\n\n\n\n<div class=\"wp-block-file\"><a id=\"wp-block-file--media-00d6b334-a79b-4214-91bb-b5b8b8dfae8b\" href=\"https:\/\/ssps-backup.200.solutions\/wp-content\/uploads\/2022\/10\/ZADOST-O-VYSTAVENI-OPISU-VYSVEDCENI.docx\">\u017d\u00e1dost o vystaven\u00ed opisu vysv\u011bd\u010den\u00ed<\/a><a href=\"https:\/\/ssps-backup.200.solutions\/wp-content\/uploads\/2022\/10\/ZADOST-O-VYSTAVENI-OPISU-VYSVEDCENI.docx\" class=\"wp-block-file__button wp-element-button\" download aria-describedby=\"wp-block-file--media-00d6b334-a79b-4214-91bb-b5b8b8dfae8b\">St\u00e1hnout<\/a><\/div>\n\n\n\n<p>Uve\u010fte pros\u00edm <strong>celkovou dobu studia<\/strong>, v\u010d. opakov\u00e1n\u00ed ro\u010dn\u00edk\u016f, <strong>rok ukon\u010den\u00ed studia<\/strong> a p\u0159\u00edpadn\u011b <strong>jm\u00e9no t\u0159\u00eddn\u00edho u\u010ditele<\/strong>.<\/p>\n\n\n\n<p>\u017d\u00e1dost bude zpracov\u00e1na pouze na z\u00e1klad\u011b <strong>zaplacen\u00ed 100,- K\u010d<\/strong> v&nbsp;hotovosti, splatn\u00e9 p\u0159edem.&nbsp;<\/p>\n\n\n\n<p>\u017d\u00e1dost <strong>nelze vy\u0159\u00eddit na po\u010dk\u00e1n\u00ed<\/strong>, lh\u016fta je 30 dn\u00ed od pod\u00e1n\u00ed \u017e\u00e1dosti o opis vysv\u011bd\u010den\u00ed.<\/p>\n","protected":false},"excerpt":{"rendered":"<p>Vnit\u0159n\u00ed p\u0159edpisy \u0160koln\u00ed vzd\u011bl\u00e1vac\u00ed programy Pro m\u00e9dia Pro zam\u011bstnance Ostatn\u00ed Opis maturitn\u00edho vysv\u011bd\u010den\u00ed Uve\u010fte pros\u00edm&#8230; <a href=\"https:\/\/ssps-backup.200.solutions\/?page_id=168\" class=\"readmore\">Zobrazit v\u00edce<\/a><\/p>\n","protected":false},"author":14,"featured_media":0,"parent":184,"menu_order":5,"comment_status":"closed","ping_status":"closed","template":"","meta":{"_acf_changed":false,"inline_featured_image":false,"footnotes":""},"class_list":["post-168","page","type-page","status-publish","hentry"],"acf":[],"_links":{"self":[{"href":"https:\/\/ssps-backup.200.solutions\/index.php?rest_route=\/wp\/v2\/pages\/168","targetHints":{"allow":["GET"]}}],"collection":[{"href":"https:\/\/ssps-backup.200.solutions\/index.php?rest_route=\/wp\/v2\/pages"}],"about":[{"href":"https:\/\/ssps-backup.200.solutions\/index.php?rest_route=\/wp\/v2\/types\/page"}],"author":[{"embeddable":true,"href":"https:\/\/ssps-backup.200.solutions\/index.php?rest_route=\/wp\/v2\/users\/14"}],"replies":[{"embeddable":true,"href":"https:\/\/ssps-backup.200.solutions\/index.php?rest_route=%2Fwp%2Fv2%2Fcomments&post=168"}],"version-history":[{"count":40,"href":"https:\/\/ssps-backup.200.solutions\/index.php?rest_route=\/wp\/v2\/pages\/168\/revisions"}],"predecessor-version":[{"id":7277,"href":"https:\/\/ssps-backup.200.solutions\/index.php?rest_route=\/wp\/v2\/pages\/168\/revisions\/7277"}],"up":[{"embeddable":true,"href":"https:\/\/ssps-backup.200.solutions\/index.php?rest_route=\/wp\/v2\/pages\/184"}],"wp:attachment":[{"href":"https:\/\/ssps-backup.200.solutions\/index.php?rest_route=%2Fwp%2Fv2%2Fmedia&parent=168"}],"curies":[{"name":"wp","href":"https:\/\/api.w.org\/{rel}","templated":true}]}}