{"id":166,"date":"2020-07-30T16:46:20","date_gmt":"2020-07-30T14:46:20","guid":{"rendered":"http:\/\/ssps\/web\/?page_id=166"},"modified":"2023-08-31T12:02:58","modified_gmt":"2023-08-31T10:02:58","slug":"gdpr","status":"publish","type":"page","link":"https:\/\/ssps-backup.200.solutions\/?page_id=166","title":{"rendered":"GDPR"},"content":{"rendered":"\n<p class=\"has-text-align-center has-text-color has-background\" style=\"color:#0c5a89;background-color:#eeeeee\">\u017d\u00e1dosti subjekt\u016f osobn\u00edch \u00fadaj\u016f (d\u00e1le tak\u00e9 O\u00da) (\u017e\u00e1ci, z\u00e1konn\u00ed z\u00e1stupci, pedagogi\u010dt\u00ed a nepedagogi\u010dt\u00ed pracovn\u00edci a dal\u0161\u00ed), nap\u0159. o v\u00fdmaz, budou vy\u0159e\u0161eny do jednoho m\u011bs\u00edce (do 30 dn\u016f) od pod\u00e1n\u00ed \u017e\u00e1dosti.<\/p>\n\n\n\n<h3 class=\"wp-block-heading title\">Pov\u011b\u0159enec na ochranu osobn\u00edch \u00fadaj\u016f<\/h3>\n\n\n\n<p><strong>Moore Czech Republic s.r.o.<\/strong><br>Mgr. Eva \u0160m\u00eddov\u00e1<br>telefon: 731 609 403<br>email:\u00a0<a href=\"mailto:gdpr@bdo.cz\"><a rel=\"noreferrer noopener\" href=\"mailto:gdpr@moore-czech.cz\" target=\"_blank\">gdpr@moore-czech.cz<\/a><\/a><\/p>\n","protected":false},"excerpt":{"rendered":"<p>\u017d\u00e1dosti subjekt\u016f osobn\u00edch \u00fadaj\u016f (d\u00e1le tak\u00e9 O\u00da) (\u017e\u00e1ci, z\u00e1konn\u00ed z\u00e1stupci, pedagogi\u010dt\u00ed a nepedagogi\u010dt\u00ed pracovn\u00edci a&#8230; <a href=\"https:\/\/ssps-backup.200.solutions\/?page_id=166\" class=\"readmore\">Zobrazit v\u00edce<\/a><\/p>\n","protected":false},"author":14,"featured_media":0,"parent":184,"menu_order":4,"comment_status":"closed","ping_status":"closed","template":"","meta":{"_acf_changed":false,"inline_featured_image":false,"footnotes":""},"class_list":["post-166","page","type-page","status-publish","hentry"],"acf":[],"_links":{"self":[{"href":"https:\/\/ssps-backup.200.solutions\/index.php?rest_route=\/wp\/v2\/pages\/166","targetHints":{"allow":["GET"]}}],"collection":[{"href":"https:\/\/ssps-backup.200.solutions\/index.php?rest_route=\/wp\/v2\/pages"}],"about":[{"href":"https:\/\/ssps-backup.200.solutions\/index.php?rest_route=\/wp\/v2\/types\/page"}],"author":[{"embeddable":true,"href":"https:\/\/ssps-backup.200.solutions\/index.php?rest_route=\/wp\/v2\/users\/14"}],"replies":[{"embeddable":true,"href":"https:\/\/ssps-backup.200.solutions\/index.php?rest_route=%2Fwp%2Fv2%2Fcomments&post=166"}],"version-history":[{"count":5,"href":"https:\/\/ssps-backup.200.solutions\/index.php?rest_route=\/wp\/v2\/pages\/166\/revisions"}],"predecessor-version":[{"id":5471,"href":"https:\/\/ssps-backup.200.solutions\/index.php?rest_route=\/wp\/v2\/pages\/166\/revisions\/5471"}],"up":[{"embeddable":true,"href":"https:\/\/ssps-backup.200.solutions\/index.php?rest_route=\/wp\/v2\/pages\/184"}],"wp:attachment":[{"href":"https:\/\/ssps-backup.200.solutions\/index.php?rest_route=%2Fwp%2Fv2%2Fmedia&parent=166"}],"curies":[{"name":"wp","href":"https:\/\/api.w.org\/{rel}","templated":true}]}}