{"id":164,"date":"2020-07-30T16:45:36","date_gmt":"2020-07-30T14:45:36","guid":{"rendered":"http:\/\/ssps\/web\/?page_id=164"},"modified":"2025-10-06T20:33:08","modified_gmt":"2025-10-06T18:33:08","slug":"obory","status":"publish","type":"page","link":"https:\/\/ssps-backup.200.solutions\/?page_id=164","title":{"rendered":"Obory"},"content":{"rendered":"\t\t<div data-elementor-type=\"wp-page\" data-elementor-id=\"164\" class=\"elementor elementor-164\">\n\t\t\t\t\t\t<section class=\"elementor-section elementor-top-section elementor-element elementor-element-3cbf7ef elementor-section-boxed elementor-section-height-default elementor-section-height-default\" data-id=\"3cbf7ef\" data-element_type=\"section\">\n\t\t\t\t\t\t<div class=\"elementor-container elementor-column-gap-default\">\n\t\t\t\t\t<div class=\"elementor-column elementor-col-100 elementor-top-column elementor-element elementor-element-56fd93bc\" data-id=\"56fd93bc\" data-element_type=\"column\">\n\t\t\t<div class=\"elementor-widget-wrap elementor-element-populated\">\n\t\t\t\t\t\t<div class=\"elementor-element elementor-element-11b3700d elementor-widget elementor-widget-text-editor\" data-id=\"11b3700d\" data-element_type=\"widget\" data-widget_type=\"text-editor.default\">\n\t\t\t\t<div class=\"elementor-widget-container\">\n\t\t\t\t\t\t\t\t\t\n<section class=\"systems\">\n<div class=\"image\"><img decoding=\"async\" src=\"https:\/\/ssps-backup.200.solutions\/wp-content\/uploads\/2020\/08\/IMG_5825-scaled-1.jpg\" alt=\"\" \/><\/div>\n<div class=\"content\">\n<h3>Informa\u010dn\u00ed technologie<\/h3>\n<p>Virtu\u00e1ln\u00ed realita, internet v\u011bc\u00ed, 3D modelov\u00e1n\u00ed, multim\u00e9dia, drony, robotika a mnoh\u00e9 dal\u0161\u00ed. Sna\u017e\u00edme se na\u0161im student\u016fm p\u0159edv\u00e9st to nejlep\u0161\u00ed ze sv\u011bta IT a nau\u010dit je se u\u010dit, nebo\u0165 dob\u0159e v\u00edme, \u017ee dobr\u00fd aj\u0165\u00e1k se bude muset vzd\u011bl\u00e1vat cel\u00fd \u017eivot. Otev\u00edr\u00e1me pro 90 student\u016f.<\/p>\n<\/div>\n<div class=\"image\"><img decoding=\"async\" src=\"https:\/\/ssps-backup.200.solutions\/wp-content\/uploads\/2020\/09\/P1120300.jpg\" alt=\"\" \/><\/div>\n<div class=\"content\">\n<h3>Kybernetick\u00e1 bezpe\u010dnost<\/h3>\n<p>Nastupuj\u00edc\u00ed \u00e9ra IoT a Pr\u016fmyslu 4.0 s sebou p\u0159in\u00e1\u0161\u00ed mikroprocesory v tak\u0159ka ka\u017ed\u00e9 \u010d\u00e1sti na\u0161\u00ed civilizace. I p\u0159es nesm\u00edrn\u011b pokro\u010dil\u00e9 zp\u016fsoby zabezpe\u010den\u00ed je tou nejslab\u0161\u00ed komponentou \u010d\u00e1st mezi stolem a \u017eidl\u00ed. Na to v\u0161e, a je\u0161t\u011b mnohem v\u00edc p\u0159ipravujeme na\u0161e kybernetick\u00e9 specialisty. Otev\u00edr\u00e1me pro 30 student\u016f.<\/p>\n<\/div>\n<div class=\"image\"><img decoding=\"async\" src=\"https:\/\/ssps-backup.200.solutions\/wp-content\/uploads\/2020\/09\/IMG_0745.jpg\" alt=\"\" \/><\/div>\n<div class=\"content\">\n<h3>Gymn\u00e1zium<\/h3>\n<p>V nov\u00e9m takzvan\u00e9m \u201eSm\u00edchovsk\u00e9m gymn\u00e1ziu\u201c budeme propojovat sv\u011bt humanitn\u00edch v\u011bd se sv\u011btem v\u011bd p\u0159\u00edrodn\u00edch, s t\u011bmi nejmodern\u011bj\u0161\u00edmi v\u00fdpo\u010detn\u00edmi a informa\u010dn\u00edmi technologiemi v z\u00e1dech. Otev\u00edr\u00e1me pro 30 student\u016f.<\/p>\n<\/div>\n<\/section>\n\t\t\t\t\t\t\t\t<\/div>\n\t\t\t\t<\/div>\n\t\t\t\t\t<\/div>\n\t\t<\/div>\n\t\t\t\t\t<\/div>\n\t\t<\/section>\n\t\t\t\t<\/div>\n\t\t","protected":false},"excerpt":{"rendered":"<p>Informa\u010dn\u00ed technologie Virtu\u00e1ln\u00ed realita, internet v\u011bc\u00ed, 3D modelov\u00e1n\u00ed, multim\u00e9dia, drony, robotika a mnoh\u00e9 dal\u0161\u00ed. Sna\u017e\u00edme&#8230; <a href=\"https:\/\/ssps-backup.200.solutions\/?page_id=164\" class=\"readmore\">Zobrazit v\u00edce<\/a><\/p>\n","protected":false},"author":14,"featured_media":0,"parent":182,"menu_order":4,"comment_status":"closed","ping_status":"closed","template":"","meta":{"_acf_changed":false,"inline_featured_image":false,"footnotes":""},"class_list":["post-164","page","type-page","status-publish","hentry"],"acf":[],"_links":{"self":[{"href":"https:\/\/ssps-backup.200.solutions\/index.php?rest_route=\/wp\/v2\/pages\/164","targetHints":{"allow":["GET"]}}],"collection":[{"href":"https:\/\/ssps-backup.200.solutions\/index.php?rest_route=\/wp\/v2\/pages"}],"about":[{"href":"https:\/\/ssps-backup.200.solutions\/index.php?rest_route=\/wp\/v2\/types\/page"}],"author":[{"embeddable":true,"href":"https:\/\/ssps-backup.200.solutions\/index.php?rest_route=\/wp\/v2\/users\/14"}],"replies":[{"embeddable":true,"href":"https:\/\/ssps-backup.200.solutions\/index.php?rest_route=%2Fwp%2Fv2%2Fcomments&post=164"}],"version-history":[{"count":15,"href":"https:\/\/ssps-backup.200.solutions\/index.php?rest_route=\/wp\/v2\/pages\/164\/revisions"}],"predecessor-version":[{"id":7229,"href":"https:\/\/ssps-backup.200.solutions\/index.php?rest_route=\/wp\/v2\/pages\/164\/revisions\/7229"}],"up":[{"embeddable":true,"href":"https:\/\/ssps-backup.200.solutions\/index.php?rest_route=\/wp\/v2\/pages\/182"}],"wp:attachment":[{"href":"https:\/\/ssps-backup.200.solutions\/index.php?rest_route=%2Fwp%2Fv2%2Fmedia&parent=164"}],"curies":[{"name":"wp","href":"https:\/\/api.w.org\/{rel}","templated":true}]}}