{"id":162,"date":"2020-07-30T16:45:15","date_gmt":"2020-07-30T14:45:15","guid":{"rendered":"http:\/\/ssps\/web\/?page_id=162"},"modified":"2025-02-20T12:37:07","modified_gmt":"2025-02-20T11:37:07","slug":"prijimaci-rizeni","status":"publish","type":"page","link":"https:\/\/ssps-backup.200.solutions\/?page_id=162","title":{"rendered":"Statistika"},"content":{"rendered":"\n<h2 class=\"wp-block-heading has-text-align-center\" id=\"statistika\"><strong>STATISTIKA<\/strong><\/h2>\n\n\n\n<p>V p\u0159ij\u00edmac\u00edm \u0159\u00edzen\u00ed pro \u0161koln\u00ed rok <strong>2025\/2026<\/strong> je nav\u00fd\u0161ena kapacita oboru gymn\u00e1zium na 64 uchaze\u010d\u016f. <\/p>\n\n\n\n<figure class=\"wp-block-table is-style-stripes\"><table class=\"has-white-background-color has-background\"><thead><tr><th><strong>Obor<\/strong><\/th><th class=\"has-text-align-center\" data-align=\"center\"><strong>P\u0159ihl\u00e1\u0161ek<\/strong><\/th><th class=\"has-text-align-center\" data-align=\"center\">Bude <strong>p\u0159ijato<\/strong><\/th><\/tr><\/thead><tbody><tr><td>Informa\u010dn\u00ed technologie<\/td><td class=\"has-text-align-center\" data-align=\"center\">&#8211;<\/td><td class=\"has-text-align-center\" data-align=\"center\">                  96<\/td><\/tr><tr><td>Kybernetick\u00e1 bezpe\u010dnost<\/td><td class=\"has-text-align-center\" data-align=\"center\">&#8211;<\/td><td class=\"has-text-align-center\" data-align=\"center\">                  32<\/td><\/tr><tr><td>Gymn\u00e1zium <\/td><td class=\"has-text-align-center\" data-align=\"center\">&#8211;<\/td><td class=\"has-text-align-center\" data-align=\"center\">                  64<\/td><\/tr><\/tbody><\/table><\/figure>\n\n\n\n<p>V p\u0159ij\u00edmac\u00edm \u0159\u00edzen\u00ed pro \u0161koln\u00ed rok <strong>2024\/2025<\/strong> je nav\u00fd\u0161ena kapacita oboru gymn\u00e1zium na 64 uchaze\u010d\u016f. Na \u0161koln\u00ed rok <strong>2024\/2025<\/strong> obdr\u017eela Sm\u00edchovsk\u00e1 SP\u0160 a gymn\u00e1zium celkem 918 p\u0159ihl\u00e1\u0161ek ke studiu.<\/p>\n\n\n\n<figure class=\"wp-block-table is-style-stripes\"><table class=\"has-white-background-color has-background\"><thead><tr><th><strong>Obor<\/strong><\/th><th class=\"has-text-align-left\" data-align=\"left\"><strong>P\u0159ihl\u00e1\u0161ek<\/strong><\/th><th class=\"has-text-align-left\" data-align=\"left\"><strong>P\u0159ijato<\/strong><\/th><\/tr><\/thead><tbody><tr><td>Informa\u010dn\u00ed technologie<\/td><td class=\"has-text-align-left\" data-align=\"left\">438<\/td><td class=\"has-text-align-left\" data-align=\"left\">                  96<\/td><\/tr><tr><td>Kybernetick\u00e1 bezpe\u010dnost<\/td><td class=\"has-text-align-left\" data-align=\"left\">183<\/td><td class=\"has-text-align-left\" data-align=\"left\">                  32<\/td><\/tr><tr><td>Gymn\u00e1zium <\/td><td class=\"has-text-align-left\" data-align=\"left\">297<\/td><td class=\"has-text-align-left\" data-align=\"left\">                  64<\/td><\/tr><\/tbody><\/table><\/figure>\n\n\n\n<p>V p\u0159ij\u00edmac\u00edm \u0159\u00edzen\u00ed pro \u0161koln\u00ed rok <strong>2023\/2024<\/strong> obdr\u017eela Sm\u00edchovsk\u00e1 SP\u0160 492 p\u0159ihl\u00e1\u0161ek.<\/p>\n\n\n\n<figure class=\"wp-block-table is-style-stripes\"><table class=\"has-white-background-color has-background\"><thead><tr><th><strong>Obor<\/strong><\/th><th><strong>P\u0159ihl\u00e1\u0161ek<\/strong><\/th><th><strong>P\u0159ijato<\/strong><\/th><\/tr><\/thead><tbody><tr><td>Informa\u010dn\u00ed technologie<\/td><td>            369<\/td><td>                  90<\/td><\/tr><tr><td>Kybernetick\u00e1 bezpe\u010dnost<\/td><td>             69<\/td><td>                  30<\/td><\/tr><tr><td>Gymn\u00e1zium <\/td><td>             54<\/td><td>                  30<\/td><\/tr><\/tbody><\/table><\/figure>\n\n\n\n<p>V p\u0159ij\u00edmac\u00edm \u0159\u00edzen\u00ed pro \u0161koln\u00ed rok <strong>2022\/2023<\/strong> obdr\u017eela Sm\u00edchovsk\u00e1 SP\u0160 659 p\u0159ihl\u00e1\u0161ek.<\/p>\n\n\n\n<figure class=\"wp-block-table is-style-stripes\"><table><thead><tr><th> <strong>Obor<\/strong><\/th><th> <strong>P\u0159ihl\u00e1\u0161ek<\/strong><\/th><th> <strong>P\u0159ijato<\/strong><\/th><\/tr><\/thead><tbody><tr><td>Informa\u010dn\u00ed technologie<\/td><td>349<\/td><td>       90<\/td><\/tr><tr><td>Kybernetick\u00e1 bezpe\u010dnost<\/td><td>162<\/td><td>       30<\/td><\/tr><tr><td>Gymn\u00e1zium<\/td><td>148<\/td><td>       30<\/td><\/tr><\/tbody><\/table><\/figure>\n\n\n\n<p>Pro \u0161koln\u00ed rok <strong>2021\/2022<\/strong> byla t\u0159\u00edda Technick\u00e9ho lycea nahrazena t\u0159\u00eddou Gymn\u00e1zia, kam bylo p\u0159ijato 30 student\u016f.<\/p>\n\n\n\n<figure class=\"wp-block-table is-style-stripes\"><table><thead><tr><th> <strong>Obor<\/strong><\/th><th> <strong>P\u0159ihl\u00e1\u0161ek<\/strong><\/th><th> <strong>P\u0159ijato<\/strong><\/th><\/tr><\/thead><tbody><tr><td>Informa\u010dn\u00ed technologie<\/td><td>330<\/td><td>90<\/td><\/tr><tr><td>Kybernetick\u00e1 bezpe\u010dnost<\/td><td>59<\/td><td>30<\/td><\/tr><tr><td>Gymn\u00e1zium<\/td><td>32<\/td><td>30<\/td><\/tr><\/tbody><\/table><\/figure>\n\n\n\n<p>V p\u0159ij\u00edmac\u00edm \u0159\u00edzen\u00ed pro \u0161koln\u00ed rok <strong>2020\/2021<\/strong> obdr\u017eela Sm\u00edchovsk\u00e1 SP\u0160 612 p\u0159ihl\u00e1\u0161ek, co\u017e bylo<strong>&nbsp;nejv\u00edce ze v\u0161ech \u0161kol, kter\u00e9 nab\u00edzely \u010dty\u0159let\u00e9 maturitn\u00ed obory, v\u010detn\u011b t\u011bch nejpresti\u017en\u011bj\u0161\u00edch gymn\u00e1zi\u00ed.<\/strong><\/p>\n\n\n\n<figure class=\"wp-block-table is-style-stripes\"><table><thead><tr><th> <strong>Obor<\/strong><\/th><th> <strong>P\u0159ihl\u00e1\u0161ek<\/strong><\/th><th> <strong>P\u0159ijato<\/strong><\/th><\/tr><\/thead><tbody><tr><td>Informa\u010dn\u00ed technologie<\/td><td>348<\/td><td>90<\/td><\/tr><tr><td>Kybernetick\u00e1 bezpe\u010dnost<\/td><td>124<\/td><td>30<\/td><\/tr><tr><td>Technick\u00e9 lyceum<\/td><td>140<\/td><td>30<\/td><\/tr><\/tbody><\/table><\/figure>\n\n\n\n<p>V p\u0159ij\u00edmac\u00edm \u0159\u00edzen\u00ed pro \u0161koln\u00ed rok <strong>2019\/2020<\/strong> obdr\u017eela Sm\u00edchovsk\u00e1 SP\u0160 564 p\u0159ihl\u00e1\u0161ek.<\/p>\n\n\n\n<figure class=\"wp-block-table is-style-stripes\"><table><thead><tr><th> <strong>Obor<\/strong><\/th><th> <strong>P\u0159ihl\u00e1\u0161ek<\/strong><\/th><th> <strong>P\u0159ijato<\/strong><\/th><\/tr><\/thead><tbody><tr><td>Informa\u010dn\u00ed technologie<\/td><td>406<\/td><td>90<\/td><\/tr><tr><td>Kybernetick\u00e1 bezpe\u010dnost<\/td><td>79<\/td><td>30<\/td><\/tr><tr><td>Technick\u00e9 lyceum<\/td><td>78<\/td><td>30<\/td><\/tr><\/tbody><\/table><\/figure>\n","protected":false},"excerpt":{"rendered":"<p>STATISTIKA V p\u0159ij\u00edmac\u00edm \u0159\u00edzen\u00ed pro \u0161koln\u00ed rok 2025\/2026 je nav\u00fd\u0161ena kapacita oboru gymn\u00e1zium na 64&#8230; <a href=\"https:\/\/ssps-backup.200.solutions\/?page_id=162\" class=\"readmore\">Zobrazit v\u00edce<\/a><\/p>\n","protected":false},"author":14,"featured_media":0,"parent":1610,"menu_order":4,"comment_status":"closed","ping_status":"closed","template":"","meta":{"_acf_changed":false,"inline_featured_image":false,"footnotes":""},"class_list":["post-162","page","type-page","status-publish","hentry"],"acf":[],"_links":{"self":[{"href":"https:\/\/ssps-backup.200.solutions\/index.php?rest_route=\/wp\/v2\/pages\/162","targetHints":{"allow":["GET"]}}],"collection":[{"href":"https:\/\/ssps-backup.200.solutions\/index.php?rest_route=\/wp\/v2\/pages"}],"about":[{"href":"https:\/\/ssps-backup.200.solutions\/index.php?rest_route=\/wp\/v2\/types\/page"}],"author":[{"embeddable":true,"href":"https:\/\/ssps-backup.200.solutions\/index.php?rest_route=\/wp\/v2\/users\/14"}],"replies":[{"embeddable":true,"href":"https:\/\/ssps-backup.200.solutions\/index.php?rest_route=%2Fwp%2Fv2%2Fcomments&post=162"}],"version-history":[{"count":65,"href":"https:\/\/ssps-backup.200.solutions\/index.php?rest_route=\/wp\/v2\/pages\/162\/revisions"}],"predecessor-version":[{"id":6858,"href":"https:\/\/ssps-backup.200.solutions\/index.php?rest_route=\/wp\/v2\/pages\/162\/revisions\/6858"}],"up":[{"embeddable":true,"href":"https:\/\/ssps-backup.200.solutions\/index.php?rest_route=\/wp\/v2\/pages\/1610"}],"wp:attachment":[{"href":"https:\/\/ssps-backup.200.solutions\/index.php?rest_route=%2Fwp%2Fv2%2Fmedia&parent=162"}],"curies":[{"name":"wp","href":"https:\/\/api.w.org\/{rel}","templated":true}]}}