{"id":1610,"date":"2021-01-28T13:42:28","date_gmt":"2021-01-28T12:42:28","guid":{"rendered":"https:\/\/ssps-backup.200.solutions\/?page_id=1610"},"modified":"2025-10-03T14:39:01","modified_gmt":"2025-10-03T12:39:01","slug":"kriteria-prijimaciho-rizeni-2","status":"publish","type":"page","link":"https:\/\/ssps-backup.200.solutions\/?page_id=1610","title":{"rendered":"P\u0159ij\u00edmac\u00ed \u0159\u00edzen\u00ed"},"content":{"rendered":"\n<h2 class=\"wp-block-heading has-text-align-center\"><strong>KRIT\u00c9RIA P\u0158IJ\u00cdMAC\u00cdHO \u0158\u00cdZEN\u00cd PRO \u0160KOLN\u00cd ROK 2026\/2027<\/strong><\/h2>\n\n\n\n<p class=\"has-white-color has-text-color has-background\" style=\"background-color:#0c5a89\">Ve v\u0161ech oborech vzd\u011bl\u00e1n\u00ed, kter\u00e9 nab\u00edz\u00ed Sm\u00edchovsk\u00e1 st\u0159edn\u00ed pr\u016fmyslov\u00e1 \u0161kola a gymn\u00e1zium, se budou konat jednotn\u00e9 p\u0159ij\u00edmac\u00ed zkou\u0161ky, kter\u00e9 zaji\u0161\u0165uje organizace CERMAT. Jejich v\u00e1ha a dal\u0161\u00ed \u010d\u00e1sti p\u0159ij\u00edmac\u00ed zkou\u0161ky pro jednotliv\u00e9 obory, jsou pops\u00e1ny n\u00ed\u017ee.<\/p>\n\n\n\n<p class=\"has-text-color has-background\" style=\"color:#0c5a89;background-color:#eeeeee\">Vlastn\u00ed \u0161koln\u00ed testy a bodovan\u00e9 pohovory je t\u0159eba ch\u00e1pat jako snahu \u0161koly d\u00e1t uchaze\u010d\u016fm co mo\u017en\u00e1 nejv\u011bt\u0161\u00ed prostor, aby mohli prok\u00e1zat svou kvalitu, sv\u00e9 dovednosti, sv\u00e9 aktivity a z\u00e1jmy, co\u017e jednotn\u00e9 p\u0159ij\u00edmac\u00ed testy neumo\u017e\u0148uj\u00ed. Nejsou tedy dal\u0161\u00ed p\u0159ek\u00e1\u017ekou, ale naopak slu\u017ebou pro uchaze\u010de, snahou co nejv\u00edce spravedliv\u011b a komplexn\u011b zhodnotit dan\u00e9ho jednotlivce, jeho studijn\u00ed p\u0159edpoklady a jeho vnit\u0159n\u00ed motivaci se vzd\u011bl\u00e1vat. <\/p>\n\n\n\n<ul class=\"wp-block-list\">\n<li>Do oboru vzd\u011bl\u00e1n\u00ed <strong>Informa\u010dn\u00ed technologie<\/strong> bude p\u0159ijato 96 uchaze\u010d\u016f (3 t\u0159\u00eddy).<\/li>\n\n\n\n<li>Do pilotn\u00edho ov\u011b\u0159ov\u00e1n\u00ed oboru vzd\u011bl\u00e1n\u00ed Informa\u010dn\u00ed technologie \u2013 <strong>Kybernetick\u00e1 bezpe\u010dnost<\/strong> bude p\u0159ijato 32 uchaze\u010d\u016f (1 t\u0159\u00edda).<\/li>\n\n\n\n<li>Do oboru vzd\u011bl\u00e1n\u00ed <strong>Gymn\u00e1zium<\/strong> bude p\u0159ijato 64 uchaze\u010d\u016f (2 t\u0159\u00eddy).<\/li>\n<\/ul>\n\n\n\n<h2 class=\"wp-block-heading has-text-align-center\"><strong>CO BUDE HODNOCENO PRO JEDNOTLIV\u00c9 OBORY VZD\u011aL\u00c1N\u00cd?<\/strong><\/h2>\n\n\n<div class=\"lightweight-accordion\"><details><summary class=\"lightweight-accordion-title\"><span> <strong>Obor vzd\u011bl\u00e1n\u00ed Informa\u010dn\u00ed technologie &#8211; Informa\u010dn\u00ed technologie, k\u00f3d 18-20-M\/01<\/strong><\/span><\/summary><div class=\"lightweight-accordion-body\">\n\n<ul class=\"wp-block-list\">\n<li>jednotn\u00e9 p\u0159ij\u00edmac\u00ed zkou\u0161ky, v\u00e1ha&nbsp;<strong>60 %<\/strong><\/li>\n\n\n\n<li>\u0161koln\u00ed test studijn\u00edch p\u0159edpoklad\u016f z oblasti ICT, v\u00e1ha<strong>&nbsp;20 %<\/strong><\/li>\n\n\n\n<li>bodovan\u00fd pohovor s&nbsp;vyu\u017eit\u00edm motiva\u010dn\u00edho dopisu a portfolia uchaze\u010de, v\u00e1ha <strong>20 %<\/strong><\/li>\n\n\n\n<li>maxim\u00e1ln\u011b je mo\u017en\u00e9 za bodovan\u00fd pohovor s&nbsp;vyu\u017eit\u00edm portfolia uchaze\u010de p\u0159i v\u00edce dolo\u017een\u00fdch aktivit\u00e1ch z\u00edskat 20 bod\u016f<\/li>\n\n\n\n<li>motiva\u010dn\u00ed dopis a portfolio uchaze\u010de se spole\u010dn\u011b s&nbsp;p\u0159ihl\u00e1\u0161kou ke studiu nahr\u00e1v\u00e1 do syst\u00e9mu DIPSy<\/li>\n\n\n\n<li>pr\u00e1ci bude posuzovat komise jmenovan\u00e1 \u0159editelem \u0161koly<\/li>\n\n\n\n<li>v p\u0159\u00edpad\u011b soub\u011b\u017en\u00e9ho pod\u00e1n\u00ed obou p\u0159ihl\u00e1\u0161ek na obor IT \u2013 IT a na obor IT \u2013 KB, p\u00ed\u0161e uchaze\u010d test studijn\u00edch p\u0159edpoklad\u016f z oblasti ICT pouze jednou, term\u00edn testu bude up\u0159esn\u011bn v&nbsp;pozv\u00e1nce<\/li>\n\n\n\n<li>v p\u0159\u00edpad\u011b soub\u011b\u017en\u00e9ho pod\u00e1n\u00ed v\u00edce p\u0159ihl\u00e1\u0161ek je na zv\u00e1\u017een\u00ed uchaze\u010de, zda motiva\u010dn\u00ed dopisy na jednotliv\u00e9 obory budou rozd\u00edln\u00e9<\/li>\n<\/ul>\n\n<\/div><\/details><\/div>\n\n<div class=\"lightweight-accordion\"><details><summary class=\"lightweight-accordion-title\"><span> <strong>Obor vzd\u011bl\u00e1n\u00ed<\/strong> <strong>Informa\u010dn\u00ed technologie \u2013 Kybernetick\u00e1 bezpe\u010dnost, k\u00f3d 18-20-M\/01<\/strong> <\/span><\/summary><div class=\"lightweight-accordion-body\">\n\n<ul class=\"wp-block-list\">\n<li>jednotn\u00e9 p\u0159ij\u00edmac\u00ed zkou\u0161ky, v\u00e1ha&nbsp;<strong>60 %<\/strong><\/li>\n\n\n\n<li>\u0161koln\u00ed test studijn\u00edch p\u0159edpoklad\u016f z oblasti ICT, v\u00e1ha&nbsp;<strong>10 %<\/strong><\/li>\n\n\n\n<li>\u0161koln\u00ed test studijn\u00edch p\u0159edpoklad\u016f z oblasti kybernetick\u00e9 bezpe\u010dnosti, v\u00e1ha&nbsp;<strong>10 %<\/strong><\/li>\n\n\n\n<li>bodovan\u00fd pohovor s&nbsp;vyu\u017eit\u00edm motiva\u010dn\u00edho dopisu a portfolia uchaze\u010de, v\u00e1ha <strong>20 %<\/strong><\/li>\n\n\n\n<li>motiva\u010dn\u00ed dopis a portfolio uchaze\u010de se spole\u010dn\u011b s&nbsp;p\u0159ihl\u00e1\u0161kou ke studiu nahr\u00e1v\u00e1 do syst\u00e9mu DIPSy<\/li>\n\n\n\n<li>pr\u00e1ci bude posuzovat komise jmenovan\u00e1 \u0159editelem \u0161koly<\/li>\n\n\n\n<li>v p\u0159\u00edpad\u011b soub\u011b\u017en\u00e9ho pod\u00e1n\u00ed obou p\u0159ihl\u00e1\u0161ek na obor IT a na obor KB, p\u00ed\u0161e uchaze\u010d test studijn\u00edch p\u0159edpoklad\u016f z oblasti ICT pouze jednou, term\u00edn testu bude up\u0159esn\u011bn v pozv\u00e1nce<\/li>\n\n\n\n<li>v p\u0159\u00edpad\u011b soub\u011b\u017en\u00e9ho pod\u00e1n\u00ed v\u00edce p\u0159ihl\u00e1\u0161ek je na zv\u00e1\u017een\u00ed uchaze\u010de, zda motiva\u010dn\u00ed dopisy na jednotliv\u00e9 obory budou rozd\u00edln\u00e9<\/li>\n<\/ul>\n\n<\/div><\/details><\/div>\n\n<div class=\"lightweight-accordion\"><details><summary class=\"lightweight-accordion-title\"><span> <strong>Obor vzd\u011bl\u00e1n\u00ed Gymn\u00e1zium, k\u00f3d 79-41-K\/41<\/strong> <\/span><\/summary><div class=\"lightweight-accordion-body\">\n\n<ul>\n<li>jednotn\u00e9 p\u0159ij\u00edmac\u00ed zkou\u0161ky, v\u00e1ha <strong>60 %<\/strong><\/li>\n<li>\u0161koln\u00ed test obecn\u00fdch studijn\u00edch p\u0159edpoklad\u016f (analytick\u00fd a verb\u00e1ln\u00ed blok), v\u00e1ha <strong>20 %<\/strong><\/li>\n<li>bodovan\u00fd pohovor s\u00a0vyu\u017eit\u00edm motiva\u010dn\u00edho dopisu a portfolia uchaze\u010de, v\u00e1ha <strong>20 %<\/strong><\/li>\n<li>motiva\u010dn\u00ed dopis a portfolio uchaze\u010de se spole\u010dn\u011b s\u00a0p\u0159ihl\u00e1\u0161kou ke studiu nahr\u00e1v\u00e1 do syst\u00e9mu DIPSy<\/li>\n<li>pr\u00e1ci bude posuzovat komise jmenovan\u00e1 \u0159editelem \u0161koly<\/li>\n<li>v p\u0159\u00edpad\u011b soub\u011b\u017en\u00e9ho pod\u00e1n\u00ed v\u00edce p\u0159ihl\u00e1\u0161ek je na zv\u00e1\u017een\u00ed uchaze\u010de, zda motiva\u010dn\u00ed dopisy na jednotliv\u00e9 obory budou rozd\u00edln\u00e9<\/li>\n<\/ul>\n\n<\/div><\/details><\/div>\n\n\n<p class=\"has-text-align-center has-black-color has-white-background-color has-text-color has-background\"><\/p>\n\n\n\n<h2 class=\"wp-block-heading has-text-align-center\"><strong>POPIS JEDNOTLIV\u00ddCH \u010c\u00c1ST\u00cd P\u0158IJ\u00cdMAC\u00cdHO \u0158\u00cdZEN\u00cd<\/strong><\/h2>\n\n\n<div class=\"lightweight-accordion\"><details><summary class=\"lightweight-accordion-title\"><span><strong>Jednotn\u00e9 p\u0159ij\u00edmac\u00ed zkou\u0161ky<\/strong><\/span><\/summary><div class=\"lightweight-accordion-body\">\n\n<ul>\n<li>JPZ organizuje st\u00e1t prost\u0159ednictv\u00edm organizace CERMAT.<\/li>\n<li>Uchaze\u010di p\u00ed\u0161\u00ed testy z Matematiky a \u010cesk\u00e9ho jazyka a literatury.<\/li>\n<li>Ka\u017ed\u00fd bod obdr\u017een\u00fd z CERMAT test\u016f bude roven <strong>0,6 bodu<\/strong> na bodov\u00e9 stupnici SSP\u0160<\/li>\n<li>Ka\u017ed\u00fd bod obdr\u017een\u00fd z pohovor\u016f a odborn\u00fdch test\u016f je roven <strong>1 bodu<\/strong> na bodov\u00e9 stupnici SSP\u0160<\/li>\n<li>\u0160kola obdr\u017e\u00ed v\u00fdsledky, kter\u00e9 zahrne do hodnocen\u00ed p\u0159ij\u00edmac\u00edho \u0159\u00edzen\u00ed.<\/li>\n<li>term\u00edn: <strong>p\u00e1tek 11. dubna 2025<\/strong>\u00a0<\/li>\n<li>term\u00edn: <strong>pond\u011bl\u00ed 14. dubna 2025<\/strong>\u00a0<\/li>\n<\/ul>\n<p>P\u0159\u00edklad z\u00edsk\u00e1n\u00ed bod\u016f:<\/p>\n<p><strong>Luk\u00e1\u0161 Nov\u00e1k, kter\u00fd se hl\u00e1s\u00ed na obor IT, z\u00edskal:<\/strong><\/p>\n<ul>\n<li>40 bod\u016f z CERMAT testu z Matematiky<\/li>\n<li>36 bod\u016f z CERMAT testu z \u010cesk\u00e9ho jazyka a literatury<\/li>\n<li>14 bod\u016f z ICT testu<\/li>\n<li>12 bod\u016f z pohovoru, portfolia a motiva\u010dn\u00edho dopisu<\/li>\n<\/ul>\n<p>1 bod z CERMAT test\u016f je roven 0,6 bod\u016f to znamen\u00e1 \u017ee z MAT a \u010cJL z\u00edskal Luk\u00e1\u0161 <strong>45,6 bod\u016f<\/strong> na na\u0161\u00ed stupnici. Z ICT testu a pohovoru se 1 bod rovn\u00e1 1 bodu tud\u00ed\u017e z\u00edskal <strong>26 bod\u016f.<\/strong><\/p>\n<p>Po sou\u010dtu obou v\u00fdsledk\u016f zjist\u00edme, \u017ee Luk\u00e1\u0161 z\u00edskal <strong>71,6 bod\u016f ze 100.<\/strong><\/p>\n\n<\/div><\/details><\/div>\n\n<div class=\"lightweight-accordion\"><details><summary class=\"lightweight-accordion-title\"><span> <strong>Test studijn\u00edch p\u0159edpoklad\u016f z\u00a0oblasti IT<\/strong> (obor IT \u2013 IT a IT \u2013 KB)<\/span><\/summary><div class=\"lightweight-accordion-body\">\n\n<ul>\n<li>Test studijn\u00edch p\u0159edpoklad\u016f ke studiu IT na SSP\u0160 testuje z\u00e1kladn\u00ed dovednosti a schopnosti pro \u00fasp\u011b\u0161n\u00e9 studium na Sm\u00edchovsk\u00e9 st\u0159edn\u00ed pr\u016fmyslov\u00e9 \u0161kole a gymn\u00e1ziu.<\/li>\n<li>Nejde o test prim\u00e1rn\u011b znalostn\u00ed, pro spr\u00e1vn\u00e9 vy\u0159e\u0161en\u00ed v\u0161ech \u00faloh uchaze\u010di mohou vych\u00e1zet \u010dist\u011b z\u00a0informac\u00ed v\u00a0zad\u00e1n\u00ed.<\/li>\n<li>Test bude uchaze\u010d absolvovat v den uveden\u00fd v pozv\u00e1nce v budov\u011b \u0161koly.\u00a0<\/li>\n<li><strong>Na vypracov\u00e1n\u00ed testu bude m\u00edt uchaze\u010d 25 minut.<\/strong><\/li>\n<\/ul>\n\n<\/div><\/details><\/div>\n\n<div class=\"lightweight-accordion\"><details><summary class=\"lightweight-accordion-title\"><span> <strong>Test studijn\u00edch p\u0159edpoklad\u016f z\u00a0oblasti kybernetick\u00e9 bezpe\u010dnosti<\/strong> (obor IT \u2013 KB)<\/span><\/summary><div class=\"lightweight-accordion-body\">\n\n<ul>\n<li>Test bude mapovat pov\u011bdom\u00ed uchaze\u010d\u016f o problematice kybernetick\u00e9 bezpe\u010dnosti, p\u0159i\u010dem\u017e v zad\u00e1n\u00ed bude p\u0159ihl\u00e9dnuto k v\u011bku uchaze\u010d\u016f a \u00farovni v\u00fduky kybernetick\u00e9 bezpe\u010dnosti na z\u00e1kladn\u00edch \u0161kol\u00e1ch.<\/li>\n<li>Test bude uchaze\u010d absolvovat v den uveden\u00fd na pozv\u00e1nce v budov\u011b \u0161koly.\u00a0<\/li>\n<li><strong>Na vypracov\u00e1n\u00ed testu bude m\u00edt uchaze\u010d 25 minut.<\/strong><\/li>\n<\/ul>\n\n<\/div><\/details><\/div>\n\n<div class=\"lightweight-accordion\"><details><summary class=\"lightweight-accordion-title\"><span> <strong>Test obecn\u00fdch studijn\u00edch p\u0159edpoklad\u016f\u00a0<\/strong>(obor Gymn\u00e1zium)<\/span><\/summary><div class=\"lightweight-accordion-body\">\n\n<ul>\n<li>Test obecn\u00fdch studijn\u00edch p\u0159edpoklad\u016f testuje z\u00e1kladn\u00ed dovednosti a schopnosti pro \u00fasp\u011b\u0161n\u00e9 studium na Sm\u00edchovsk\u00e9 st\u0159edn\u00ed pr\u016fmyslov\u00e9 \u0161kole a gymn\u00e1ziu. Nejde o test znalost\u00ed, p\u0159i \u0159e\u0161en\u00ed \u00faloh uchaze\u010di vych\u00e1z\u00ed pouze z informac\u00ed v zad\u00e1n\u00ed. Test je proto spravedliv\u011bj\u0161\u00ed \u2013 jeho v\u00fdsledek nez\u00e1le\u017e\u00ed na tom, na jak kvalitn\u00ed z\u00e1kladn\u00ed \u0161kole, kdo studoval. D\u016fle\u017eitou roli hraje i omezen\u00fd \u010das na \u0159e\u0161en\u00ed.<\/li>\n<li>Test bude uchaze\u010d absolvovat v den uveden\u00fd v pozv\u00e1nce v budov\u011b \u0161koly.\u00a0<\/li>\n<li><strong>Na vypracov\u00e1n\u00ed testu bude m\u00edt uchaze\u010d 25 minut. <\/strong><\/li>\n<\/ul>\n\n<\/div><\/details><\/div>\n\n<div class=\"lightweight-accordion\"><details><summary class=\"lightweight-accordion-title\"><span><strong>Bodovan\u00fd pohovor<\/strong> (IT \u2013 IT, IT \u2013 KB, GYM)<\/span><\/summary><div class=\"lightweight-accordion-body\">\n\n<p>C\u00edlem bodovan\u00e9ho pohovoru je poskytnout uchaze\u010di mo\u017enost p\u0159edstavit svou osobnost, sv\u00e9 siln\u00e9 str\u00e1nky. Hodnot\u00edc\u00ed komise bude minim\u00e1ln\u011b \u010dty\u0159\u010dlenn\u00e1, krom u\u010ditel\u016f bude jej\u00ed sou\u010d\u00e1st\u00ed v\u017edy minim\u00e1ln\u011b jeden sou\u010dasn\u00fd student Sm\u00edchovsk\u00e9 SP\u0160 a gymn\u00e1zia a minim\u00e1ln\u011b jeden absolvent Sm\u00edchovsk\u00e9 SP\u0160 a gymn\u00e1zia. P\u0159\u00edtomnost uchaze\u010di v\u011bkov\u011b bl\u00edzk\u00fdch osob, tedy studenta i absolventa Sm\u00edchovsk\u00e9 SP\u0160 a gymn\u00e1zia, m\u00e1 napomoci usnadn\u011bn\u00ed komunikace uchaze\u010de.&nbsp;<\/p>\n\n\n\n<ul class=\"wp-block-list\">\n<li>Bodovan\u00fd pohovor bude trvat 10 minut.<\/li>\n\n\n\n<li>Pohovory se budou konat v term\u00ednu <strong>od 31. b\u0159ezna 2025 a\u017e do 25. dubna 2025.<\/strong><\/li>\n\n\n\n<li>Celkem m\u016f\u017ee uchaze\u010d z\u00edskat 20 bod\u016f.<\/li>\n<\/ul>\n\n\n\n<p><\/p>\n\n\n\n<p class=\"has-text-align-center\"><strong>P\u0158IJ\u00cdMAC\u00cd POHOVOR, MOTIVA\u010cN\u00cd DOPIS A PORTFOLIO JSOU HODNOCENY SPOLE\u010cN\u011a (20 bod\u016f)<\/strong><\/p>\n\n<\/div><\/details><\/div>\n\n<div class=\"lightweight-accordion\"><details><summary class=\"lightweight-accordion-title\"><span><strong>Motiva\u010dn\u00ed dopis<\/strong> (IT \u2013 IT, IT \u2013 KB, GYM)<\/span><\/summary><div class=\"lightweight-accordion-body\">\n\n<p>Uchaze\u010d v&nbsp;motiva\u010dn\u00edm dopise pop\u00ed\u0161e svou vnit\u0159n\u00ed motivaci studovat zvolen\u00fd obor vzd\u011bl\u00e1n\u00ed, svou vnit\u0159n\u00ed motivaci se vzd\u011bl\u00e1vat, co\u017e m\u016f\u017ee podpo\u0159it ji\u017e z\u00edskan\u00fdmi zku\u0161enostmi, provozovan\u00fdmi aktivitami a dosa\u017een\u00fdmi \u00fasp\u011bchy. Maxim\u00e1ln\u00ed d\u00e9lka textu je jedna normostrana. Digit\u00e1ln\u00ed verze se nahr\u00e1v\u00e1 do syst\u00e9mu DIPSy.<\/p>\n\n\n\n<p><\/p>\n\n\n\n<p class=\"has-text-align-center\"><strong>P\u0158IJ\u00cdMAC\u00cd POHOVOR, MOTIVA\u010cN\u00cd DOPIS A PORTFOLIO JSOU HODNOCENY SPOLE\u010cN\u011a (20 bod\u016f)<\/strong><\/p>\n\n<\/div><\/details><\/div>\n\n<div class=\"lightweight-accordion\"><details><summary class=\"lightweight-accordion-title\"><span><strong>Portfolio uchaze\u010de<\/strong> (IT \u2013 IT, IT \u2013 KB, GYM)<\/span><\/summary><div class=\"lightweight-accordion-body\">\n\n<p>Uchaze\u010d sestav\u00ed a stru\u010dn\u011b pop\u00ed\u0161e sv\u00e9 r\u016fzn\u00e9 v\u00fdstupy, kter\u00e9 m\u016f\u017ee dokladovat, kter\u00e9 mohou b\u00fdt ze v\u0161ech oblast\u00ed, tedy profesn\u00ed, spole\u010densk\u00e9, kulturn\u00ed \u010di sportovn\u00ed. Nen\u00ed a\u017e tak d\u016fle\u017eit\u00e9, co uchaze\u010d kon\u00e1, ale \u017ee m\u00e1 v\u016fli konat. Maxim\u00e1ln\u00ed d\u00e9lka textu je jedna normostrana. Digit\u00e1ln\u00ed verze se nahr\u00e1v\u00e1 do syst\u00e9mu DIPSy.<\/p>\n\n\n\n<p><\/p>\n\n\n\n<p class=\"has-text-align-center\"><strong>P\u0158IJ\u00cdMAC\u00cd POHOVOR, MOTIVA\u010cN\u00cd DOPIS A PORTFOLIO JSOU HODNOCENY SPOLE\u010cN\u011a (20 bod\u016f)<\/strong><\/p>\n\n<\/div><\/details><\/div>\n\n<div class=\"lightweight-accordion\"><details><summary class=\"lightweight-accordion-title\"><span><strong>P\u0159\u00edlohy portfolia<\/strong><\/span><\/summary><div class=\"lightweight-accordion-body\">\n\n<p>Pokud uchaze\u010d uv\u00e1d\u00ed konkr\u00e9tn\u00ed v\u00fdstupy \u010di v\u00fdsledky, je pot\u0159eba je dokladovat, aby byly ov\u011b\u0159iteln\u00e9. K&nbsp;tomu slou\u017e\u00ed zm\u00edn\u011bn\u00e9 p\u0159\u00edlohy, jejich\u017e po\u010det nen\u00ed omezen. Mohou to b\u00fdt v\u00fdsledky odborn\u00e9 pr\u00e1ce uchaze\u010de, jeho spole\u010densk\u00e9, kulturn\u00ed \u010di sportovn\u00ed aktivity a \u00fasp\u011bchy. Tedy pam\u011btn\u00ed listy, diplomy ze sout\u011b\u017e\u00ed, certifik\u00e1ty, doklady o absolvov\u00e1n\u00ed \u0161kolen\u00ed, semin\u00e1\u0159\u016f, konferenc\u00ed apod. Digit\u00e1ln\u00ed verze se nahr\u00e1v\u00e1 do syst\u00e9mu DIPSy.<\/p>\n\n<\/div><\/details><\/div>\n\n<div class=\"lightweight-accordion\"><details><summary class=\"lightweight-accordion-title\"><span><strong>D\u016fle\u017eit\u00e9 informace<\/strong><\/span><\/summary><div class=\"lightweight-accordion-body\">\n\n<p>\u00dapravu podm\u00ednek p\u0159ij\u00edmac\u00edho \u0159\u00edzen\u00ed a uzp\u016fsoben\u00ed kon\u00e1n\u00ed p\u0159ij\u00edmac\u00ed zkou\u0161ky lze uplatnit pouze na z\u00e1klad\u011b doporu\u010den\u00ed vydan\u00e9ho \u0161kolsk\u00fdm poradensk\u00fdm za\u0159\u00edzen\u00edm, kter\u00e9 uchaze\u010d odevzd\u00e1 spole\u010dn\u011b s p\u0159ihl\u00e1\u0161kou ke st\u0159edn\u00edmu vzd\u011bl\u00e1v\u00e1n\u00ed do 20. \u00fanora 2024.<\/p>\n\n\n\n<p>Motiva\u010dn\u00ed dopis (ve form\u00e1tu \u201ePDF\u201c), portfolio (souhrn a seznam p\u0159\u00edloh ve form\u00e1tu \u201ePDF\u201c)<br>a dal\u0161\u00ed data (samotn\u00e9 p\u0159\u00edlohy portfolia ve form\u00e1tu ZIP) mus\u00ed b\u00fdt odevzd\u00e1ny do syst\u00e9mu <strong>DIPSy<\/strong> jako &#8222;JIN\u00c9&#8220; p\u0159\u00edlohy.<\/p>\n\n\n\n<p>Cizinci mohou stejn\u011b jako uchaze\u010di podle \u00a7 20 odst. 4 po\u017e\u00e1dat o prominut\u00ed p\u0159ij\u00edmac\u00ed zkou\u0161ky z \u010desk\u00e9ho jazyka, pokud je sou\u010d\u00e1st\u00ed p\u0159ij\u00edmac\u00ed zkou\u0161ky. Znalost \u010desk\u00e9ho jazyka, kter\u00e1 je nezbytn\u00e1 pro vzd\u011bl\u00e1v\u00e1n\u00ed v dan\u00e9m oboru vzd\u011bl\u00e1n\u00ed, \u0161kola u t\u011bchto osob ov\u011b\u0159\u00ed rozhovorem.<\/p>\n\n\n\n<p>V p\u0159\u00edpad\u011b rovnosti v celkov\u00e9m po\u010dtu bod\u016f v p\u0159ij\u00edmac\u00edm \u0159\u00edzen\u00ed rozhodne vy\u0161\u0161\u00ed po\u010det bod\u016f z testu z matematiky v jednotn\u00e9 p\u0159ij\u00edmac\u00ed zkou\u0161ce a d\u00e1le pak vy\u0161\u0161\u00ed po\u010det bod\u016f z testu z \u010desk\u00e9ho jazyka a literatury v jednotn\u00e9 p\u0159ij\u00edmac\u00ed zkou\u0161ce (organizuje Cermat) a d\u00e1le vy\u0161\u0161\u00ed po\u010det bod\u016f z pohovoru. Pokud v\u00fd\u0161e uveden\u00e1 pravidla ani tak jednozna\u010dn\u00e9 po\u0159ad\u00ed nestanov\u00ed, bude p\u0159istoupeno k n\u00e1hodn\u00e9mu losu za p\u0159\u00edtomnosti \u0159editele a z\u00e1stupce \u0161kolsk\u00e9 rady, kdy losov\u00e1n\u00ed bude ve\u0159ejn\u00e9, informace o n\u011bm bude zve\u0159ejn\u011bna na str\u00e1nk\u00e1ch \u0161koly a z\u00e1konn\u00ed z\u00e1stupci \u00fa\u010dastn\u00edk\u016f \u0159\u00edzen\u00ed, o jejich\u017e po\u0159ad\u00ed bude rozhodov\u00e1no, budou pozv\u00e1n\u00ed s p\u0159edstihem alespo\u0148 12 hodin e-mailem. O tomto losov\u00e1n\u00ed bude proveden z\u00e1pis, kter\u00fd bude sou\u010d\u00e1st\u00ed spisov\u00e9 dokumentace dot\u010den\u00fdch uchaze\u010d\u016f.<\/p>\n\n\n\n<p><strong>Minim\u00e1ln\u00ed hranice \u00fasp\u011b\u0161nosti (tzv. cut-off score), je 40 bod\u016f v r\u00e1mci cel\u00e9ho p\u0159ij\u00edmac\u00edho \u0159\u00edzen\u00ed.<\/strong><\/p>\n\n<\/div><\/details><\/div>\n\n\n<p><\/p>\n","protected":false},"excerpt":{"rendered":"<p>KRIT\u00c9RIA P\u0158IJ\u00cdMAC\u00cdHO \u0158\u00cdZEN\u00cd PRO \u0160KOLN\u00cd ROK 2026\/2027 Ve v\u0161ech oborech vzd\u011bl\u00e1n\u00ed, kter\u00e9 nab\u00edz\u00ed Sm\u00edchovsk\u00e1 st\u0159edn\u00ed&#8230; <a href=\"https:\/\/ssps-backup.200.solutions\/?page_id=1610\" class=\"readmore\">Zobrazit v\u00edce<\/a><\/p>\n","protected":false},"author":14,"featured_media":0,"parent":182,"menu_order":2,"comment_status":"closed","ping_status":"closed","template":"","meta":{"_acf_changed":false,"inline_featured_image":false,"footnotes":""},"class_list":["post-1610","page","type-page","status-publish","hentry"],"acf":[],"_links":{"self":[{"href":"https:\/\/ssps-backup.200.solutions\/index.php?rest_route=\/wp\/v2\/pages\/1610","targetHints":{"allow":["GET"]}}],"collection":[{"href":"https:\/\/ssps-backup.200.solutions\/index.php?rest_route=\/wp\/v2\/pages"}],"about":[{"href":"https:\/\/ssps-backup.200.solutions\/index.php?rest_route=\/wp\/v2\/types\/page"}],"author":[{"embeddable":true,"href":"https:\/\/ssps-backup.200.solutions\/index.php?rest_route=\/wp\/v2\/users\/14"}],"replies":[{"embeddable":true,"href":"https:\/\/ssps-backup.200.solutions\/index.php?rest_route=%2Fwp%2Fv2%2Fcomments&post=1610"}],"version-history":[{"count":73,"href":"https:\/\/ssps-backup.200.solutions\/index.php?rest_route=\/wp\/v2\/pages\/1610\/revisions"}],"predecessor-version":[{"id":7176,"href":"https:\/\/ssps-backup.200.solutions\/index.php?rest_route=\/wp\/v2\/pages\/1610\/revisions\/7176"}],"up":[{"embeddable":true,"href":"https:\/\/ssps-backup.200.solutions\/index.php?rest_route=\/wp\/v2\/pages\/182"}],"wp:attachment":[{"href":"https:\/\/ssps-backup.200.solutions\/index.php?rest_route=%2Fwp%2Fv2%2Fmedia&parent=1610"}],"curies":[{"name":"wp","href":"https:\/\/api.w.org\/{rel}","templated":true}]}}