{"id":160,"date":"2020-07-30T16:42:59","date_gmt":"2020-07-30T14:42:59","guid":{"rendered":"http:\/\/ssps\/web\/?page_id=160"},"modified":"2023-11-19T12:12:15","modified_gmt":"2023-11-19T11:12:15","slug":"o-skole","status":"publish","type":"page","link":"https:\/\/ssps-backup.200.solutions\/?page_id=160","title":{"rendered":"O \u0161kole"},"content":{"rendered":"\n<figure class=\"wp-block-embed is-type-video is-provider-youtube wp-block-embed-youtube wp-embed-aspect-16-9 wp-has-aspect-ratio\"><div class=\"wp-block-embed__wrapper\">\n<iframe title=\"Videopr\u016flet \u0161kolou s absolventem\" width=\"500\" height=\"281\" src=\"https:\/\/www.youtube.com\/embed\/YLor4FAXq_M?feature=oembed\" frameborder=\"0\" allow=\"accelerometer; autoplay; clipboard-write; encrypted-media; gyroscope; picture-in-picture; web-share\" referrerpolicy=\"strict-origin-when-cross-origin\" allowfullscreen><\/iframe>\n<\/div><\/figure>\n\n\n\n<p><\/p>\n\n\n\n<figure class=\"wp-block-image size-large\"><img fetchpriority=\"high\" decoding=\"async\" width=\"1024\" height=\"299\" src=\"https:\/\/ssps-backup.200.solutions\/wp-content\/uploads\/2021\/01\/0-1024x299.png\" alt=\"\" class=\"wp-image-1549\" srcset=\"https:\/\/ssps-backup.200.solutions\/wp-content\/uploads\/2021\/01\/0-1024x299.png 1024w, https:\/\/ssps-backup.200.solutions\/wp-content\/uploads\/2021\/01\/0-300x88.png 300w, https:\/\/ssps-backup.200.solutions\/wp-content\/uploads\/2021\/01\/0-768x224.png 768w, https:\/\/ssps-backup.200.solutions\/wp-content\/uploads\/2021\/01\/0-1536x449.png 1536w, https:\/\/ssps-backup.200.solutions\/wp-content\/uploads\/2021\/01\/0-2048x599.png 2048w\" sizes=\"(max-width: 1024px) 100vw, 1024px\" \/><\/figure>\n\n\n\n<p>Sm\u00edchovsk\u00e1 SP\u0160 a gymn\u00e1zium v ka\u017ed\u00e9m ro\u010dn\u00edku nab\u00edz\u00ed t\u0159i t\u0159\u00eddy oboru vzd\u011bl\u00e1v\u00e1n\u00ed <a href=\"https:\/\/ssps-backup.200.solutions\/zajemci\/obory\/informacni-technologie\/\">Informa\u010dn\u00ed technologie<\/a>, jednu t\u0159\u00eddu <a href=\"https:\/\/ssps-backup.200.solutions\/zajemci\/obory\/kyberneticka-bezpecnost\/\">Kybernetick\u00e9 bezpe\u010dnosti<\/a> v pilotn\u00edm re\u017eimu a nov\u011b jednu t\u0159\u00eddu <a href=\"https:\/\/ssps-backup.200.solutions\/zajemci\/obory\/gymnazium\/\">Gymn\u00e1zia<\/a>.<\/p>\n\n\n\n<p>Sm\u00edchovsk\u00e1 SP\u0160 a gymn\u00e1zium ve \u0161koln\u00edm roce 2023\/2024 vzd\u011bl\u00e1v\u00e1 650 student\u016f, napln\u011bnost \u0161koly je 99,5%. Pro tento \u0161koln\u00ed rok obdr\u017eela \u0161kola 632 p\u0159ihl\u00e1\u0161ek ke studiu, m\u011bla tedy \u010dty\u0159n\u00e1sobn\u00fd p\u0159evis uchaze\u010d\u016f, a to na v\u0161echny nab\u00edzen\u00e9 obory. Byl to nejvy\u0161\u0161\u00ed po\u010det p\u0159ihl\u00e1\u0161ek ze v\u0161ech st\u0159edn\u00edch \u0161kol v&nbsp;\u010cesk\u00e9 republice, kter\u00e9 nab\u00edzej\u00ed \u010dty\u0159let\u00e9 maturitn\u00ed obory vzd\u011bl\u00e1v\u00e1n\u00ed, v\u010detn\u011b t\u011bch nejpresti\u017en\u011bj\u0161\u00edch gymn\u00e1zi\u00ed.<\/p>\n\n\n\n<p>Sm\u00edchovsk\u00e1 SP\u0160 a gymn\u00e1zium je vyhled\u00e1v\u00e1na \u017e\u00e1ky p\u0159edev\u0161\u00edm pro mnoho aktivit, do kter\u00fdch se studenti mohou zapojit nad r\u00e1mec klasick\u00e9 v\u00fduky, pro vysok\u00e9 zapojen\u00ed student\u016f a absolvent\u016f do chodu \u0161koly, pro vytv\u00e1\u0159en\u00ed <a href=\"https:\/\/ssps-backup.200.solutions\/projekty\/maturitni-a-studentske-projekty\/\">Studentsk\u00fdch a Maturitn\u00edch projekt\u016f<\/a> \u010di pro vznik <a href=\"https:\/\/ssps-backup.200.solutions\/projekty\/start-upy\/\">Start-up\u016f<\/a> p\u0159\u00edmo ve \u0161kole. Rovn\u011b\u017e tak pro v\u00fduku t\u011bch nejmodern\u011bj\u0161\u00edch oblast\u00ed IT, jako je <a href=\"https:\/\/ssps-backup.200.solutions\/projekty\/kyberneticka-bezpecnost\/\">kybernetick\u00e1 bezpe\u010dnost<\/a>, <a href=\"https:\/\/ssps-backup.200.solutions\/projekty\/iot\/\">internet v\u011bc\u00ed<\/a>, <a href=\"https:\/\/ssps-backup.200.solutions\/projekty\/virtualni-realita\/\">virtu\u00e1ln\u00ed a roz\u0161\u00ed\u0159en\u00e1 realita<\/a>, v\u00fdvoj po\u010d\u00edta\u010dov\u00fdch her, <a href=\"https:\/\/ssps-backup.200.solutions\/projekty\/polytechnicke-hnizdo\/\">robotika<\/a>.<\/p>\n\n\n\n<p>Sm\u00edchovsk\u00e1 SP\u0160 a gymn\u00e1zium je nejen v \u010desk\u00e9m st\u0159edn\u00edm \u0161kolstv\u00ed zcela unik\u00e1tn\u00ed v tom, kolik a v jak\u00e9m rozsahu se do chodu \u0161koly zapojuje student\u016f a absolvent\u016f. Neuzav\u00edr\u00e1 se v\u0161ak do sebe, organizuje workshopy pro \u017e\u00e1ky z\u00e1kladn\u00edch \u0161kol i seniory, \u0161kol\u00ed \u010desk\u00e9 i evropsk\u00e9 u\u010ditele, kdy lektory jsou jak klasi\u010dt\u00ed pedagogov\u00e9, tak p\u0159edev\u0161\u00edm absolventi i studenti. Z\u00e1rove\u0148 je otev\u0159en\u00e1 i spolupr\u00e1ci se studenty a absolventy dal\u0161\u00edch st\u0159edn\u00edch \u0161kol, kte\u0159\u00ed se mohou zapojit do unik\u00e1tn\u00edch projekt\u016f \u0161koly, jako je nap\u0159\u00edklad vlastn\u00ed <a href=\"https:\/\/ssps-backup.200.solutions\/projekty\/medialni-dum-preslova\/\">Medi\u00e1ln\u00ed d\u016fm Preslova<\/a>, kter\u00fd \u00fazce spolupracuje jak se z\u0159izovatelem, tak s&nbsp;M\u0160MT.<\/p>\n\n\n\n<p>Se Sm\u00edchovskou SP\u0160 a gymn\u00e1ziem ve \u0161koln\u00edm roce 2022\/2023 spolupracovalo v\u00edce ne\u017e 70 absolvent\u016f, kte\u0159\u00ed p\u016fsob\u00ed na pozic\u00edch vedouc\u00edch IT, PR a Projektov\u00e9ho odd\u011blen\u00ed, jako \u010dlenov\u00e9 t\u011bchto odd\u011blen\u00ed, vedouc\u00ed Laborato\u0159e IoT, Laborato\u0159e virtu\u00e1ln\u00ed a roz\u0161\u00ed\u0159en\u00e9 reality, Kybernetick\u00e9ho polygonu, Polytechnick\u00e9ho hn\u00edzda. Absolventi rovn\u011b\u017e p\u016fsob\u00ed v rol\u00edch konzultant\u016f u <a href=\"https:\/\/ssps-backup.200.solutions\/projekty\/maturitni-a-studentske-projekty\/\">Studentsk\u00fdch a Maturitn\u00edch projekt\u016f<\/a>, kter\u00e9 v\u0161ichni studenti vytv\u00e1\u0159ej\u00ed v\u00fdhradn\u011b ve skupin\u00e1ch ve t\u0159et\u00edm respektive ve \u010dtvrt\u00e9m ro\u010dn\u00edku. Polovina z absolvent\u016f na \u0161kole zast\u00e1v\u00e1 pozice vyu\u010duj\u00edc\u00ed v oblasti IT, jde o v\u00fduku <a href=\"https:\/\/ssps-backup.200.solutions\/projekty\/kyberneticka-bezpecnost\/\">kybernetick\u00e9 bezpe\u010dnosti<\/a>, <a href=\"https:\/\/ssps-backup.200.solutions\/projekty\/iot\/\">internetu v\u011bc\u00ed<\/a>, <a href=\"https:\/\/ssps-backup.200.solutions\/projekty\/virtualni-realita\/\">virtu\u00e1ln\u00ed a roz\u0161\u00ed\u0159en\u00e9 reality<\/a>, po\u010d\u00edta\u010dov\u00fdch s\u00edt\u00ed, programov\u00e1n\u00ed, v\u00fdvoje po\u010d\u00edta\u010dov\u00fdch her, v\u00fdvoje dron\u016f, prezenta\u010dn\u00edch dovednost\u00ed, audiovizu\u00e1ln\u00ed techniky. Jeliko\u017e se neust\u00e1le vzd\u011bl\u00e1vaj\u00ed, z\u00e1rove\u0148 i podnikaj\u00ed \u010di pracuj\u00ed v oboru, jsou schopni sv\u00fdm o n\u011bco mlad\u0161\u00edm koleg\u016fm p\u0159edat ty nejmodern\u011bj\u0161\u00ed a z\u00e1rove\u0148 i praktick\u00e9 poznatky z oboru.<\/p>\n\n\n\n<p>Velmi aktivn\u011b bylo ve \u0161koln\u00edm roce 2019\/2020 do chodu \u0161koly zapojeno v\u00edce ne\u017e 100 student\u016f \u0161koly. Ti se \u00fa\u010dastnili kulat\u00fdch stol\u016f k viz\u00edm \u0161koly, pod\u00edleli se na propagaci \u0161koly, zastupovali \u0161kolu v jedn\u00e1n\u00edch se soci\u00e1ln\u00edmi partnery, vedli workshopy pro <a href=\"https:\/\/ssps-backup.200.solutions\/projekty\/elixir-do-skol\/\">\u017e\u00e1ky z\u00e1kladn\u00edch \u0161kol<\/a> \u010di <a href=\"https:\/\/ssps-backup.200.solutions\/projekty\/smichovska-prumyslovka-tretiho-veku\/\">seniory<\/a>, \u0161kolili v oblasti IT \u010desk\u00e9 i evropsk\u00e9 u\u010ditele, prov\u00e1d\u011bli osv\u011btov\u00e9 besedy o kybernetick\u00e9 bezpe\u010dnosti, byly \u010dleny <a href=\"https:\/\/ssps-backup.200.solutions\/projekty\/virtualni-realita\/studio-301\/\">Studia 301<\/a>, <a href=\"https:\/\/ssps-backup.200.solutions\/projekty\/medialni-dum-preslova\/\">Medi\u00e1ln\u00edho domu Preslova<\/a> a dal\u0161\u00edch projekt\u016f.<\/p>\n\n\n\n<p>Covid 19 sice mnoh\u00e9 zm\u011bnil, n\u011bkter\u00e9 aktivity omezil, nikoli v\u0161ak zapojen\u00ed student\u016f do chodu \u0161koly. Z\u0159izovatel pov\u011b\u0159il Sm\u00edchovskou SP\u0160 a gymn\u00e1zium vytvo\u0159en\u00edm nov\u00fdch www str\u00e1nek Prahy pro oblast vzd\u011bl\u00e1v\u00e1n\u00ed (<a href=\"http:\/\/www.prahaskolska.cz\" rel=\"nofollow noopener\" target=\"_blank\">www.prahaskolska.cz<\/a>) a tak\u00e9 realizac\u00ed akce Schola Pragensis on-line, m\u00edsto klasick\u00e9ho prezen\u010dn\u00edho veletrhu pra\u017esk\u00fdch st\u0159edn\u00edch \u0161kol. S&nbsp;M\u0160MT spolupracuje \u0161kola na vytv\u00e1\u0159en\u00ed nov\u00e9ho webu <a href=\"http:\/\/www.Edu.cz\" rel=\"nofollow noopener\" target=\"_blank\">www.Edu.cz<\/a>, na propagaci Strategie 2030+, s&nbsp;N\u00e1rodn\u00edm \u00fa\u0159adem pro kybernetickou a informa\u010dn\u00ed bezpe\u010dnost (N\u00daKIB) na propagaci Festivalu bezpe\u010dn\u00e9ho internetu. Pro U\u010ditelskou platformu zaji\u0161\u0165uje \u017eiv\u00e1 vys\u00edl\u00e1n\u00ed z&nbsp;Medi\u00e1ln\u00edho studia. Na tom v\u0161em, a na mnoh\u00e9m dal\u0161\u00edm, se v\u00fdrazn\u011b pod\u00edlej\u00ed studenti \u0161koly.<\/p>\n\n\n\n<p>N\u011bkte\u0159\u00ed studenti jsou z\u00e1rove\u0148 i zam\u011bstnanci \u0161koly na \u010d\u00e1ste\u010dn\u00fd \u00favazek, spravuj\u00ed Virtu\u00e1ln\u00ed \u0161kolu, p\u016fsob\u00ed v PR odd\u011blen\u00ed \u0161koly, v&nbsp;<a href=\"https:\/\/ssps-backup.200.solutions\/projekty\/medialni-dum-preslova\/\">Medi\u00e1ln\u00edm dom\u011b Preslova<\/a>, ve v\u00fdvoj\u00e1\u0159sk\u00e9m <a href=\"https:\/\/ssps-backup.200.solutions\/projekty\/virtualni-realita\/studio-301\">Studiu 301<\/a>.<\/p>\n\n\n\n<h3 class=\"wp-block-heading title\">Stru\u010dn\u00e1 historie Sm\u00edchovsk\u00e9 SP\u0160 a gymn\u00e1zia<\/h3>\n\n\n\n<p>Sm\u00edchovsk\u00e1 SP\u0160 byla zalo\u017eena v roce 1901 jako teprve druh\u00e1 technick\u00e1 \u0161kola v Praze. Za v\u00edce ne\u017e sto let sv\u00e9 existence si projde velmi bou\u0159liv\u00fdmi etapami v\u00fdvoje. Kolem n\u00ed se p\u0159e\u017eene Velk\u00e1 v\u00e1lka, a po t\u00e9 Druh\u00e9 sv\u011btov\u00e9 se od n\u00ed odd\u011bluje sekce elektrotechniky a vznik\u00e1 nov\u00e1 st\u0159edn\u00ed \u0161kola SP\u0160 K\u0159i\u017e\u00edka. Sm\u00edchovsk\u00e1 SP\u0160 p\u0159e\u017eije i komunistickou devastaci vzd\u011bl\u00e1v\u00e1n\u00ed a od roku 1990 se za\u010d\u00edn\u00e1 pod veden\u00edm nov\u00e9ho \u0159editele Franti\u0161ka Vincence v r\u00e1mci evropsk\u00e9ho projektu Phare v\u011bnovat v\u00fduce v\u00fdpo\u010detn\u00ed techniky, jako jedna z prvn\u00edch st\u0159edn\u00edch \u0161kol v \u010cR. V t\u00e9 dob\u011b je tak\u00e9 zavedena do v\u00fdukov\u00e9ho procesu dlouhodob\u00e1 pr\u00e1ce student\u016f ve \u010dtvrt\u00e9m ro\u010dn\u00edku zakon\u010den\u00e1 maturitn\u00ed obhajobou pod n\u00e1zvem \u017d\u00e1kovsk\u00fd projekt.<\/p>\n\n\n\n<p>Po n\u00e1stupu do funkce sou\u010dasn\u00e9ho \u0159editele \u0161koly <a href=\"https:\/\/ssps-backup.200.solutions\/ucitel\/radko-sablik\/\">Radka S\u00e1bl\u00edka<\/a> 1. listopadu 2002 nast\u00e1v\u00e1 dal\u0161\u00ed dynamick\u00fd rozvoj Sm\u00edchovsk\u00e9 SP\u0160. Je zru\u0161en obor vzd\u011bl\u00e1v\u00e1n\u00ed Stroj\u00edrenstv\u00ed a nov\u011b zaveden obor vzd\u011bl\u00e1v\u00e1n\u00ed Technick\u00e9 lyceum. Je zm\u011bn\u011bn syst\u00e9m \u017d\u00e1kovsk\u00fdch projekt\u016f a pod n\u00e1zvem <a href=\"https:\/\/ssps-backup.200.solutions\/projekty\/maturitni-a-studentske-projekty\/\">Maturitn\u00ed projekt<\/a> si mohou studenti sami volit t\u00e9mata celoro\u010dn\u00edch prac\u00ed. Je zaveden institut garanta a konzultanta, a to o n\u011bkolik let d\u0159\u00edve, ne\u017e \u0160kolsk\u00fd z\u00e1kon umo\u017en\u00ed tento zp\u016fsob maturity a zavede pojem vedouc\u00ed pr\u00e1ce a oponent. Doch\u00e1z\u00ed tak\u00e9 k postupn\u00e9mu zapojov\u00e1n\u00ed absolvent\u016f a student\u016f do chodu \u0161koly, po\u0159\u00e1daj\u00ed se kulat\u00e9 stoly za \u00fa\u010dasti pedagog\u016f, absolvent\u016f a student\u016f, vnikaj\u00ed rozs\u00e1hl\u00e9 \u0161koln\u00ed projekty a m\u011bn\u00ed se styl v\u00fduky i p\u0159\u00edstup ke student\u016fm. Ti ji\u017e nejsou pouh\u00fdm objektem vzd\u011bl\u00e1v\u00e1n\u00ed, ale st\u00e1vaj\u00ed se partnery ve vzd\u011bl\u00e1v\u00e1n\u00ed.<\/p>\n\n\n\n<p>Sm\u00edchovsk\u00e1 SP\u0160 se v roce 2007 st\u00e1v\u00e1 jednou z p\u011bti \u0161kol, kter\u00e9 p\u0159ipravuj\u00ed R\u00e1mcov\u00fd vzd\u011bl\u00e1vac\u00ed program (RVP) nov\u00e9ho oboru vzd\u011bl\u00e1v\u00e1n\u00ed Informa\u010dn\u00ed technologie. V roce 2017 je Sm\u00edchovsk\u00e1 SP\u0160 znovu povol\u00e1na do slu\u017eeb st\u00e1tu a v pilotn\u00edm re\u017eimu se za\u010d\u00edn\u00e1 vyu\u010dovat a ov\u011b\u0159ovat nov\u00fd obor vzd\u011bl\u00e1v\u00e1n\u00ed <a href=\"https:\/\/ssps-backup.200.solutions\/zajemci\/obory\/kyberneticka-bezpecnost\/\">Kybernetick\u00e1 bezpe\u010dnost<\/a>, co\u017e se d\u011bje pouze na dvou \u0161kol\u00e1ch v \u010cR, ta druh\u00e1 s\u00eddl\u00ed v Brn\u011b.<\/p>\n\n\n\n<p>Na Sm\u00edchovsk\u00e9 SP\u0160 jsou vybudov\u00e1ny modern\u00ed laborato\u0159e jako je Fyzik\u00e1ln\u00ed laborato\u0159, Kybernetick\u00fd polygon, Laborato\u0159 virtu\u00e1ln\u00ed a roz\u0161\u00ed\u0159en\u00e9 reality, Laborato\u0159 IoT \u010di u\u010debny Polytechnick\u00e9ho hn\u00edzda. Sou\u010dasn\u011b vznikaj\u00ed rozs\u00e1hl\u00e9 \u0161koln\u00ed projekty, jako je v\u00fdvoj\u00e1\u0159sk\u00e9 <a href=\"https:\/\/ssps-backup.200.solutions\/projekty\/virtualni-realita\/studio-301\">Studio 301<\/a> \u010di <a href=\"https:\/\/ssps-backup.200.solutions\/projekty\/medialni-dum-preslova\/\">Medi\u00e1ln\u00ed d\u016fm Preslova,<\/a> na nich\u017e se pod\u00edlej\u00ed des\u00edtky student\u016f. Ve Studiu 301 jsou vytvo\u0159eny unik\u00e1tn\u00ed virtu\u00e1ln\u00ed prohl\u00eddky koncentra\u010dn\u00edch t\u00e1bor\u016f <a href=\"https:\/\/ssps-backup.200.solutions\/projekty\/virtualni-realita\/projekt-auschwitz\/\">Auschwitz I. a Auschwitz II. \u2013 Birkenau<\/a> nebo pevnosti <a href=\"https:\/\/ssps-backup.200.solutions\/projekty\/virtualni-realita\/pevnost-terezin\/\">Terez\u00edn<\/a> z roku 1800, co\u017e neunikne pozornosti \u010cesk\u00e9 televize \u010di televize NOVA.<\/p>\n\n\n\n<p>Od roku 2019 doch\u00e1z\u00ed ke zm\u011bn\u011b v\u00fduky v oboru vzd\u011bl\u00e1v\u00e1n\u00ed Informa\u010dn\u00ed technologie, kdy si po druh\u00e9m ro\u010dn\u00edku mohou studenti vybrat Maturitn\u00ed v\u00fdb\u011brov\u00fd odborn\u00fd p\u0159edm\u011bt (zam\u011b\u0159en\u00ed), Druh\u00fd v\u00fdb\u011brov\u00fd odborn\u00fd p\u0159edm\u011bt, Odborn\u00fd semin\u00e1\u0159 a t\u00e9ma Studentsk\u00e9ho projektu, ve kter\u00e9m ji\u017e od roku 2014 v\u0161ichni studenti vytv\u00e1\u0159ej\u00ed celoro\u010dn\u00ed pr\u00e1ce ve t\u0159et\u00edm ro\u010dn\u00edku. Studenti si tak mohou volbou p\u0159edm\u011bt\u016f i t\u00e9matem celoro\u010dn\u00ed pr\u00e1ce sami p\u0159izp\u016fsobovat v\u00fduku m\u00ed\u0159e sv\u00e9ho talentu a z\u00e1jmu, co\u017e je n\u00e1sledn\u011b ozna\u010deno \u010ceskou \u0161koln\u00ed inspekc\u00ed za dal\u0161\u00ed silnou str\u00e1nku \u0161koly a za spr\u00e1vn\u00fd po\u010din. Od roku 2019 jsou tak\u00e9 zavedeny do v\u00fduky p\u0159edm\u011bty Prezenta\u010dn\u00ed dovednosti, V\u00fdchova k podnik\u00e1n\u00ed a IT v praxi.<\/p>\n\n\n\n<p>Za ocen\u011bn\u00ed aktivit a zav\u00e1d\u011bn\u00ed nov\u00fdch prvk\u016f do \u0159\u00edzen\u00ed \u0161koly je mo\u017en\u00e9 br\u00e1t jmenov\u00e1n\u00ed \u0159editele Sm\u00edchovsk\u00e9 SP\u0160 <a href=\"https:\/\/ssps-backup.200.solutions\/ucitel\/radko-sablik\/\">Radko S\u00e1bl\u00edka<\/a> ministrem \u0161kolstv\u00ed v lednu 2019 do osmi\u010dlenn\u00e9ho expertn\u00edho t\u00fdmu, kter\u00fd se pod\u00edl\u00ed na vytv\u00e1\u0159en\u00ed nov\u00e9 vize \u010desk\u00e9ho \u0161kolstv\u00ed pod n\u00e1zvem Strategie 2030+. Nav\u00edc studenti a absolventi z Medi\u00e1ln\u00edho domu Preslova spolupracuj\u00ed s M\u0160MT na propagaci t\u00e9to vize.<\/p>\n\n\n\n<p>V&nbsp;kalend\u00e1\u0159n\u00edm roce 2020 do\u0161lo pod veden\u00edm absolventa \u0161koly <a href=\"https:\/\/ssps-backup.200.solutions\/ucitel\/petr-stepanek\/\">Petra \u0160t\u011bp\u00e1nka<\/a> k&nbsp;zah\u00e1jen\u00ed budov\u00e1n\u00ed <a href=\"https:\/\/ssps-backup.200.solutions\/projekty\/coworkingove-centrum-pri-smichovske-sps-a-gymnaziu\/\">Coworkingov\u00e9ho centra<\/a>, co\u017e zahrnuje i vytvo\u0159en\u00ed s\u00e1lu pro konference \u010di eventy, s&nbsp;mo\u017enost\u00ed \u017eiv\u00fdch vys\u00edl\u00e1n\u00ed t\u011bchto akc\u00ed, a p\u0159estavbu zastaral\u00fdch d\u00edlen na modern\u00ed pracovi\u0161t\u011b pro 21. stolet\u00ed, kde budou moci realizovat studenti a absolventi sv\u00e9 n\u00e1pady i v&nbsp;r\u00e1mci Inkub\u00e1toru <a href=\"https:\/\/ssps-backup.200.solutions\/projekty\/start-upy\/\">Start-up\u016f<\/a>, kter\u00fd t\u00e9ho\u017e roku na \u0161kole vznik\u00e1.<\/p>\n\n\n\n<p>Od z\u00e1\u0159\u00ed 2021 byla nahrazena t\u0159\u00edda Technick\u00e9ho lycea t\u0159\u00eddou <a href=\"https:\/\/ssps-backup.200.solutions\/zajemci\/obory\/gymnazium\/\">Gymn\u00e1zia<\/a>, do\u0161lo ke zm\u011bn\u011b n\u00e1zvu \u0161koly na Sm\u00edchovskou SP\u0160 a gymn\u00e1zium. Mottem t\u00e9to zm\u011bny je \u201ePropojujeme sv\u011bty\u201c, kdy je m\u00edn\u011bn sv\u011bt humanitn\u00edho a technick\u00e9ho vzd\u011bl\u00e1v\u00e1n\u00ed, co\u017e bude p\u0159in\u00e1\u0161et v\u00fdznamn\u00e9 obohacen\u00ed v\u0161em zapojen\u00fdm student\u016fm.<\/p>\n\n\n\n<ul class=\"wp-block-social-links is-style-logos-only is-content-justification-center is-layout-flex wp-container-core-social-links-is-layout-16018d1d wp-block-social-links-is-layout-flex\"><li class=\"wp-social-link wp-social-link-facebook  wp-block-social-link\"><a href=\"https:\/\/www.facebook.com\/smichovskasps\" class=\"wp-block-social-link-anchor\" rel=\"nofollow noopener\" target=\"_blank\"><svg width=\"24\" height=\"24\" viewBox=\"0 0 24 24\" version=\"1.1\" xmlns=\"http:\/\/www.w3.org\/2000\/svg\" aria-hidden=\"true\" focusable=\"false\"><path d=\"M12 2C6.5 2 2 6.5 2 12c0 5 3.7 9.1 8.4 9.9v-7H7.9V12h2.5V9.8c0-2.5 1.5-3.9 3.8-3.9 1.1 0 2.2.2 2.2.2v2.5h-1.3c-1.2 0-1.6.8-1.6 1.6V12h2.8l-.4 2.9h-2.3v7C18.3 21.1 22 17 22 12c0-5.5-4.5-10-10-10z\"><\/path><\/svg><span class=\"wp-block-social-link-label screen-reader-text\">https:\/\/www.facebook.com\/smichovskasps<\/span><\/a><\/li>\n\n<li class=\"wp-social-link wp-social-link-instagram  wp-block-social-link\"><a href=\"https:\/\/www.instagram.com\/sspsprague\" class=\"wp-block-social-link-anchor\" rel=\"nofollow noopener\" target=\"_blank\"><svg width=\"24\" height=\"24\" viewBox=\"0 0 24 24\" version=\"1.1\" xmlns=\"http:\/\/www.w3.org\/2000\/svg\" aria-hidden=\"true\" focusable=\"false\"><path d=\"M12,4.622c2.403,0,2.688,0.009,3.637,0.052c0.877,0.04,1.354,0.187,1.671,0.31c0.42,0.163,0.72,0.358,1.035,0.673 c0.315,0.315,0.51,0.615,0.673,1.035c0.123,0.317,0.27,0.794,0.31,1.671c0.043,0.949,0.052,1.234,0.052,3.637 s-0.009,2.688-0.052,3.637c-0.04,0.877-0.187,1.354-0.31,1.671c-0.163,0.42-0.358,0.72-0.673,1.035 c-0.315,0.315-0.615,0.51-1.035,0.673c-0.317,0.123-0.794,0.27-1.671,0.31c-0.949,0.043-1.233,0.052-3.637,0.052 s-2.688-0.009-3.637-0.052c-0.877-0.04-1.354-0.187-1.671-0.31c-0.42-0.163-0.72-0.358-1.035-0.673 c-0.315-0.315-0.51-0.615-0.673-1.035c-0.123-0.317-0.27-0.794-0.31-1.671C4.631,14.688,4.622,14.403,4.622,12 s0.009-2.688,0.052-3.637c0.04-0.877,0.187-1.354,0.31-1.671c0.163-0.42,0.358-0.72,0.673-1.035 c0.315-0.315,0.615-0.51,1.035-0.673c0.317-0.123,0.794-0.27,1.671-0.31C9.312,4.631,9.597,4.622,12,4.622 M12,3 C9.556,3,9.249,3.01,8.289,3.054C7.331,3.098,6.677,3.25,6.105,3.472C5.513,3.702,5.011,4.01,4.511,4.511 c-0.5,0.5-0.808,1.002-1.038,1.594C3.25,6.677,3.098,7.331,3.054,8.289C3.01,9.249,3,9.556,3,12c0,2.444,0.01,2.751,0.054,3.711 c0.044,0.958,0.196,1.612,0.418,2.185c0.23,0.592,0.538,1.094,1.038,1.594c0.5,0.5,1.002,0.808,1.594,1.038 c0.572,0.222,1.227,0.375,2.185,0.418C9.249,20.99,9.556,21,12,21s2.751-0.01,3.711-0.054c0.958-0.044,1.612-0.196,2.185-0.418 c0.592-0.23,1.094-0.538,1.594-1.038c0.5-0.5,0.808-1.002,1.038-1.594c0.222-0.572,0.375-1.227,0.418-2.185 C20.99,14.751,21,14.444,21,12s-0.01-2.751-0.054-3.711c-0.044-0.958-0.196-1.612-0.418-2.185c-0.23-0.592-0.538-1.094-1.038-1.594 c-0.5-0.5-1.002-0.808-1.594-1.038c-0.572-0.222-1.227-0.375-2.185-0.418C14.751,3.01,14.444,3,12,3L12,3z M12,7.378 c-2.552,0-4.622,2.069-4.622,4.622S9.448,16.622,12,16.622s4.622-2.069,4.622-4.622S14.552,7.378,12,7.378z M12,15 c-1.657,0-3-1.343-3-3s1.343-3,3-3s3,1.343,3,3S13.657,15,12,15z M16.804,6.116c-0.596,0-1.08,0.484-1.08,1.08 s0.484,1.08,1.08,1.08c0.596,0,1.08-0.484,1.08-1.08S17.401,6.116,16.804,6.116z\"><\/path><\/svg><span class=\"wp-block-social-link-label screen-reader-text\">Instagram<\/span><\/a><\/li>\n\n<li class=\"wp-social-link wp-social-link-twitter  wp-block-social-link\"><a href=\"https:\/\/twitter.com\/nejlepsistredni\" class=\"wp-block-social-link-anchor\" rel=\"nofollow noopener\" target=\"_blank\"><svg width=\"24\" height=\"24\" viewBox=\"0 0 24 24\" version=\"1.1\" xmlns=\"http:\/\/www.w3.org\/2000\/svg\" aria-hidden=\"true\" focusable=\"false\"><path d=\"M22.23,5.924c-0.736,0.326-1.527,0.547-2.357,0.646c0.847-0.508,1.498-1.312,1.804-2.27 c-0.793,0.47-1.671,0.812-2.606,0.996C18.324,4.498,17.257,4,16.077,4c-2.266,0-4.103,1.837-4.103,4.103 c0,0.322,0.036,0.635,0.106,0.935C8.67,8.867,5.647,7.234,3.623,4.751C3.27,5.357,3.067,6.062,3.067,6.814 c0,1.424,0.724,2.679,1.825,3.415c-0.673-0.021-1.305-0.206-1.859-0.513c0,0.017,0,0.034,0,0.052c0,1.988,1.414,3.647,3.292,4.023 c-0.344,0.094-0.707,0.144-1.081,0.144c-0.264,0-0.521-0.026-0.772-0.074c0.522,1.63,2.038,2.816,3.833,2.85 c-1.404,1.1-3.174,1.756-5.096,1.756c-0.331,0-0.658-0.019-0.979-0.057c1.816,1.164,3.973,1.843,6.29,1.843 c7.547,0,11.675-6.252,11.675-11.675c0-0.178-0.004-0.355-0.012-0.531C20.985,7.47,21.68,6.747,22.23,5.924z\"><\/path><\/svg><span class=\"wp-block-social-link-label screen-reader-text\">https:\/\/twitter.com\/nejlepsistredni<\/span><\/a><\/li>\n\n<li class=\"wp-social-link wp-social-link-tiktok  wp-block-social-link\"><a href=\"https:\/\/www.tiktok.com\/@sspspraha\" class=\"wp-block-social-link-anchor\" rel=\"nofollow noopener\" target=\"_blank\"><svg width=\"24\" height=\"24\" viewBox=\"0 0 32 32\" version=\"1.1\" xmlns=\"http:\/\/www.w3.org\/2000\/svg\" aria-hidden=\"true\" focusable=\"false\"><path d=\"M16.708 0.027c1.745-0.027 3.48-0.011 5.213-0.027 0.105 2.041 0.839 4.12 2.333 5.563 1.491 1.479 3.6 2.156 5.652 2.385v5.369c-1.923-0.063-3.855-0.463-5.6-1.291-0.76-0.344-1.468-0.787-2.161-1.24-0.009 3.896 0.016 7.787-0.025 11.667-0.104 1.864-0.719 3.719-1.803 5.255-1.744 2.557-4.771 4.224-7.88 4.276-1.907 0.109-3.812-0.411-5.437-1.369-2.693-1.588-4.588-4.495-4.864-7.615-0.032-0.667-0.043-1.333-0.016-1.984 0.24-2.537 1.495-4.964 3.443-6.615 2.208-1.923 5.301-2.839 8.197-2.297 0.027 1.975-0.052 3.948-0.052 5.923-1.323-0.428-2.869-0.308-4.025 0.495-0.844 0.547-1.485 1.385-1.819 2.333-0.276 0.676-0.197 1.427-0.181 2.145 0.317 2.188 2.421 4.027 4.667 3.828 1.489-0.016 2.916-0.88 3.692-2.145 0.251-0.443 0.532-0.896 0.547-1.417 0.131-2.385 0.079-4.76 0.095-7.145 0.011-5.375-0.016-10.735 0.025-16.093z\" \/><\/svg><span class=\"wp-block-social-link-label screen-reader-text\">TikTok<\/span><\/a><\/li><\/ul>\n","protected":false},"excerpt":{"rendered":"<p>Sm\u00edchovsk\u00e1 SP\u0160 a gymn\u00e1zium v ka\u017ed\u00e9m ro\u010dn\u00edku nab\u00edz\u00ed t\u0159i t\u0159\u00eddy oboru vzd\u011bl\u00e1v\u00e1n\u00ed Informa\u010dn\u00ed technologie, jednu&#8230; <a href=\"https:\/\/ssps-backup.200.solutions\/?page_id=160\" class=\"readmore\">Zobrazit v\u00edce<\/a><\/p>\n","protected":false},"author":14,"featured_media":616,"parent":182,"menu_order":0,"comment_status":"closed","ping_status":"closed","template":"","meta":{"_acf_changed":false,"inline_featured_image":false,"footnotes":""},"class_list":["post-160","page","type-page","status-publish","has-post-thumbnail","hentry"],"acf":[],"_links":{"self":[{"href":"https:\/\/ssps-backup.200.solutions\/index.php?rest_route=\/wp\/v2\/pages\/160","targetHints":{"allow":["GET"]}}],"collection":[{"href":"https:\/\/ssps-backup.200.solutions\/index.php?rest_route=\/wp\/v2\/pages"}],"about":[{"href":"https:\/\/ssps-backup.200.solutions\/index.php?rest_route=\/wp\/v2\/types\/page"}],"author":[{"embeddable":true,"href":"https:\/\/ssps-backup.200.solutions\/index.php?rest_route=\/wp\/v2\/users\/14"}],"replies":[{"embeddable":true,"href":"https:\/\/ssps-backup.200.solutions\/index.php?rest_route=%2Fwp%2Fv2%2Fcomments&post=160"}],"version-history":[{"count":22,"href":"https:\/\/ssps-backup.200.solutions\/index.php?rest_route=\/wp\/v2\/pages\/160\/revisions"}],"predecessor-version":[{"id":5770,"href":"https:\/\/ssps-backup.200.solutions\/index.php?rest_route=\/wp\/v2\/pages\/160\/revisions\/5770"}],"up":[{"embeddable":true,"href":"https:\/\/ssps-backup.200.solutions\/index.php?rest_route=\/wp\/v2\/pages\/182"}],"wp:featuredmedia":[{"embeddable":true,"href":"https:\/\/ssps-backup.200.solutions\/index.php?rest_route=\/wp\/v2\/media\/616"}],"wp:attachment":[{"href":"https:\/\/ssps-backup.200.solutions\/index.php?rest_route=%2Fwp%2Fv2%2Fmedia&parent=160"}],"curies":[{"name":"wp","href":"https:\/\/api.w.org\/{rel}","templated":true}]}}