{"id":158,"date":"2020-07-30T16:42:34","date_gmt":"2020-07-30T14:42:34","guid":{"rendered":"http:\/\/ssps\/web\/?page_id=158"},"modified":"2025-04-01T09:55:37","modified_gmt":"2025-04-01T07:55:37","slug":"povinne-udaje","status":"publish","type":"page","link":"https:\/\/ssps-backup.200.solutions\/?page_id=158","title":{"rendered":"Povinn\u00e9 \u00fadaje"},"content":{"rendered":"\n<h3 class=\"wp-block-heading title not-center\">1.&nbsp;N\u00e1zev<\/h3>\n\n\n\n<ul class=\"wp-block-list\">\n<li>Sm\u00edchovsk\u00e1 st\u0159edn\u00ed pr\u016fmyslov\u00e1 \u0161kola a gymn\u00e1zium<\/li>\n\n\n\n<li>Zkratka n\u00e1zvu \u0161koly: SSP\u0160<\/li>\n\n\n\n<li>Praha 5, Preslova 72\/25; PS\u010c 150 21<\/li>\n<\/ul>\n\n\n\n<h3 class=\"wp-block-heading title not-center\">2.&nbsp;D\u016fvod a zp\u016fsob zalo\u017een\u00ed<\/h3>\n\n\n\n<ul class=\"wp-block-list\">\n<li>P\u0159\u00edsp\u011bvkov\u00e1 organizace zalo\u017een\u00e1 z\u0159izovac\u00ed listinou vydanou Zastupitelstvem hlavn\u00edho m\u011bsta Prahy.<\/li>\n\n\n\n<li>Organizace poskytuje vzd\u011bl\u00e1v\u00e1n\u00ed ve vzd\u011bl\u00e1vac\u00edch programech v oborech vzd\u011bl\u00e1n\u00ed vedouc\u00edch k dosa\u017een\u00ed st\u0159edn\u00edho vzd\u011bl\u00e1n\u00ed s maturitn\u00ed zkou\u0161kou.<\/li>\n\n\n\n<li>Z\u0159izovac\u00ed listinu a Rozhodnut\u00ed o za\u0159azen\u00ed do \u0161kolsk\u00e9ho rejst\u0159\u00edku si lze vy\u017e\u00e1dat v listinn\u00e9 podob\u011b k nahl\u00e9dnut\u00ed v \u00fa\u0159edn\u00edch hodin\u00e1ch v sekretari\u00e1tu \u0159editele \u0161koly.&nbsp;<\/li>\n<\/ul>\n\n\n\n<h3 class=\"wp-block-heading title not-center\">3.&nbsp;Organiza\u010dn\u00ed struktura<\/h3>\n\n\n\n<ul class=\"wp-block-list\">\n<li>\u0160kola se skl\u00e1d\u00e1 z veden\u00ed \u0161koly, jednotliv\u00fdch pedagogick\u00fdch komis\u00ed a nepedagogick\u00fdch pracovn\u00edk\u016f \u0161koly<\/li>\n<\/ul>\n\n\n\n<h3 class=\"wp-block-heading title not-center\">4.&nbsp;Kontaktn\u00ed spojen\u00ed<\/h3>\n\n\n\n<ul class=\"wp-block-list\">\n<li>Kontakty na jednotliv\u00e9 pedagogy jsou dostupn\u00e9 <a href=\"https:\/\/ssps-backup.200.solutions\/o-skole\/pedagogicky-sbor\/\" data-type=\"URL\" data-id=\"https:\/\/ssps-backup.200.solutions\/o-skole\/pedagogicky-sbor\/\">na tomto odkazu<\/a><\/li>\n\n\n\n<li>V ostatn\u00edch p\u0159\u00edpadech se obra\u0165te na <a href=\"https:\/\/ssps-backup.200.solutions\/ucitel\/radko-sablik\/\">\u0159editele \u0161koly<\/a><\/li>\n<\/ul>\n\n\n\n<h4 class=\"wp-block-heading title not-center\">4.1 Po\u0161tovn\u00ed adresa<\/h4>\n\n\n\n<ul class=\"wp-block-list\">\n<li>Sm\u00edchovsk\u00e1 st\u0159edn\u00ed pr\u016fmyslov\u00e1 \u0161kola a gymn\u00e1zium<br>Preslova 25<br>150 21 Praha 5<\/li>\n<\/ul>\n\n\n\n<h4 class=\"wp-block-heading title not-center\">4.2.&nbsp;Adresa pro osobn\u00ed n\u00e1v\u0161t\u011bvy<\/h4>\n\n\n\n<ul class=\"wp-block-list\">\n<li>Stejn\u00e1 jako po\u0161tovn\u00ed adresa<\/li>\n<\/ul>\n\n\n\n<h4 class=\"wp-block-heading title not-center\">4.3.&nbsp;\u00da\u0159edn\u00ed hodiny<\/h4>\n\n\n\n<ul class=\"wp-block-list\">\n<li>Pond\u011bl\u00ed &#8211; \u010dtvrtek: 8:00 &#8211; 15:30 h<\/li>\n\n\n\n<li>P\u00e1tek: 8:00 &#8211; 14:00 h<\/li>\n<\/ul>\n\n\n\n<h4 class=\"wp-block-heading title not-center\">4.4.&nbsp;Telefonn\u00ed \u010d\u00edsla<\/h4>\n\n\n\n<ul class=\"wp-block-list\">\n<li>Hlavn\u00ed telefon je na vr\u00e1tnici odkud V\u00e1s d\u00e1le p\u0159epoj\u00ed &#8211; 257 320 533<\/li>\n\n\n\n<li>Sekretari\u00e1t \u0161koly:&nbsp;257 320 533<\/li>\n\n\n\n<li><strong>\u0158editel \u0161koly<\/strong>\n<ul class=\"wp-block-list\">\n<li><a href=\"https:\/\/ssps-backup.200.solutions\/ucitel\/radko-sablik\/\" data-type=\"URL\" data-id=\"https:\/\/ssps-backup.200.solutions\/ucitel\/radko-sablik\/\">Ing. Radko S\u00e1bl\u00edk<\/a><\/li>\n\n\n\n<li>telefon: 777 355 040<\/li>\n\n\n\n<li>email:&nbsp;reditel@ssps-backup.200.solutions<\/li>\n<\/ul>\n<\/li>\n\n\n\n<li><strong>Statut\u00e1rn\u00ed z\u00e1stupce \u0159editele&nbsp;<\/strong>\n<ul class=\"wp-block-list\">\n<li><a href=\"https:\/\/ssps-backup.200.solutions\/ucitel\/aramis-tochjan\/\">Ing. Aramis Tochjan<\/a><\/li>\n\n\n\n<li>telefon: 257 320 533 (linka 53)<\/li>\n\n\n\n<li>email:&nbsp;aramis.tochjan@ssps-backup.200.solutions<\/li>\n<\/ul>\n<\/li>\n\n\n\n<li><strong>Z\u00e1stupce \u0159editele&nbsp;<\/strong>\n<ul class=\"wp-block-list\">\n<li><a href=\"https:\/\/ssps-backup.200.solutions\/ucitel\/tomas-goj\/\">Bc. Tom\u00e1\u0161 Goj<\/a><\/li>\n\n\n\n<li>telefon: 257 320 533 (linka 56)<\/li>\n\n\n\n<li>email:&nbsp;tomas.goj@ssps-backup.200.solutions<\/li>\n<\/ul>\n<\/li>\n\n\n\n<li><strong>Pov\u011b\u0159enec na ochranu osobn\u00edch \u00fadaj\u016f<\/strong>\n<ul class=\"wp-block-list\">\n<li><strong>Moore Czech Republic s.r.o.<\/strong><\/li>\n\n\n\n<li>Mgr. Eva \u0160m\u00eddov\u00e1<\/li>\n\n\n\n<li>telefon: 731 609 403<\/li>\n\n\n\n<li>email:&nbsp;<a href=\"mailto:gdpr@moore-czech.cz\" target=\"_blank\" rel=\"noreferrer noopener\">gdpr@moore-czech.cz<\/a><\/li>\n<\/ul>\n<\/li>\n\n\n\n<li><strong>Pov\u011b\u0159enec pro whistleblowing<\/strong>\n<ul class=\"wp-block-list\">\n<li>anonymn\u00ed schr\u00e1nka II. patro, naproti kabinetu \u010d\u00edslo 217<\/li>\n\n\n\n<li>telefon: 257 320 533 (linka 56)<\/li>\n\n\n\n<li>email:&nbsp;<a href=\"mailto:tomas.goj@ssps-backup.200.solutions\">tomas.goj@ssps-backup.200.solutions<\/a><\/li>\n<\/ul>\n<\/li>\n<\/ul>\n\n\n\n<h4 class=\"wp-block-heading title not-center\">4.5&nbsp;\u010c\u00edsla faxu<\/h4>\n\n\n\n<ul class=\"wp-block-list\">\n<li>\u0160kola nem\u00e1 FAX<\/li>\n<\/ul>\n\n\n\n<h4 class=\"wp-block-heading title not-center\">4.6&nbsp;Adresa internetov\u00e9 str\u00e1nky<\/h4>\n\n\n\n<ul class=\"wp-block-list\">\n<li>https:\/\/ssps-backup.200.solutions<\/li>\n<\/ul>\n\n\n\n<h4 class=\"wp-block-heading title not-center\">4.7.&nbsp;Adresa e-podatelny<\/h4>\n\n\n\n<ul class=\"wp-block-list\">\n<li>reditel@ssps-backup.200.solutions<\/li>\n<\/ul>\n\n\n\n<h4 class=\"wp-block-heading title not-center\">4.8.&nbsp;Datov\u00e1 schr\u00e1nka<\/h4>\n\n\n\n<ul class=\"wp-block-list\">\n<li>Identifik\u00e1tor datov\u00e9 schr\u00e1nky: mgm3z73<\/li>\n<\/ul>\n\n\n\n<h3 class=\"wp-block-heading title not-center\">5.&nbsp;Platby lze pouk\u00e1zat<\/h3>\n\n\n\n<ul class=\"wp-block-list\">\n<li>Bankovn\u00ed spojen\u00ed: Komer\u010dn\u00ed banka, a.s.<\/li>\n\n\n\n<li>\u010c\u00edslo \u00fa\u010dtu: 19-1426340277\/0100<\/li>\n\n\n\n<li>IBAN: CZ5501000000191426340277<\/li>\n\n\n\n<li>BIC k\u00f3d: KOMBCZPP<\/li>\n\n\n\n<li>SWIFT: KOMBCZPPXXX<\/li>\n<\/ul>\n\n\n\n<h3 class=\"wp-block-heading title not-center\">6.&nbsp;I\u010c<\/h3>\n\n\n\n<ul class=\"wp-block-list\">\n<li>61386855<\/li>\n<\/ul>\n\n\n\n<h3 class=\"wp-block-heading title not-center\">7.&nbsp;DI\u010c<\/h3>\n\n\n\n<ul class=\"wp-block-list\">\n<li>CZ61386855 (\u0161kola nen\u00ed pl\u00e1tcem DPH, je pl\u00e1tcem DPH pouze z dopl\u0148kov\u00e9 \u010dinnosti, p\u0159ekro\u010d\u00ed-li p\u0159\u00edslu\u0161n\u00e9 z\u00e1konn\u00e9 limity)<\/li>\n<\/ul>\n\n\n\n<h3 class=\"wp-block-heading title not-center\">8.&nbsp;Dokumenty<\/h3>\n\n\n\n<h4 class=\"wp-block-heading title not-center\">8.1.&nbsp;Seznamy hlavn\u00edch dokument\u016f schv\u00e1len\u00e9 r\u00e1mcov\u00e9 vzd\u011bl\u00e1vac\u00ed programy:<\/h4>\n\n\n\n<ul class=\"wp-block-list\">\n<li>18-20-M\/01 Informa\u010dn\u00ed technologie &#8211; <a href=\"https:\/\/ssps-backup.200.solutions\/wp-content\/uploads\/2020\/08\/svp-it.pdf\">\u0160VP v PDF<\/a><\/li>\n\n\n\n<li>78-42-M\/01 Technick\u00e9 lyceum &#8211; <a href=\"https:\/\/ssps-backup.200.solutions\/wp-content\/uploads\/2020\/12\/SVP-TECHNICKE-LYCEUM-2009-SSPS.pdf\">\u0160VP v PDF<\/a><\/li>\n\n\n\n<li>79-41-K\/41 Gymn\u00e1zium &#8211; <a href=\"https:\/\/ssps-backup.200.solutions\/wp-content\/uploads\/2020\/12\/svp-gy.pdf\">\u0160VP v PDF<\/a><\/li>\n<\/ul>\n\n\n\n<h4 class=\"wp-block-heading title not-center\">8.2.&nbsp;Rozpo\u010det<\/h4>\n\n\n\n<ul class=\"wp-block-list\">\n<li>Finan\u010dn\u00ed vypo\u0159\u00e1d\u00e1n\u00ed za rok 2018<\/li>\n\n\n\n<li>Finan\u010dn\u00ed vypo\u0159\u00e1d\u00e1n\u00ed za rok 2019<\/li>\n<\/ul>\n\n\n\n<h3 class=\"wp-block-heading title not-center\">9.&nbsp;\u017d\u00e1dosti o informace<\/h3>\n\n\n\n<ul class=\"wp-block-list\">\n<li>Ve\u0161ker\u00e1 pod\u00e1n\u00ed lze u\u010dinit v sekretari\u00e1tu \u0159editele \u0161koly, nebo jin\u00fdm z\u00e1konn\u00fdm zp\u016fsobem<\/li>\n\n\n\n<li>Poskytov\u00e1n\u00ed informac\u00ed m\u016f\u017ee podl\u00e9hat zpoplatn\u011bn\u00ed podle <a href=\"https:\/\/ssps-backup.200.solutions\/wp-content\/uploads\/2022\/10\/Sazebnik.pdf\">sazebn\u00edku \u00fahrad<\/a><\/li>\n\n\n\n<li><\/li>\n<\/ul>\n\n\n\n<div class=\"wp-block-file\"><a id=\"wp-block-file--media-aa1f5898-ad24-48a6-af38-161b5ae51621\" href=\"https:\/\/ssps-backup.200.solutions\/wp-content\/uploads\/2024\/01\/Odpoved-na-zadost-na-zaklade-Zakona-c.-106-1999-Sb.-ze-dne-18.-12.-2023-web_Redigovano.pdf\">Odpoved-na-zadost-na-zaklade-Zakona-c.-106-1999-Sb.-ze-dne-18.-12.-2023-web_Redigovano<\/a><a href=\"https:\/\/ssps-backup.200.solutions\/wp-content\/uploads\/2024\/01\/Odpoved-na-zadost-na-zaklade-Zakona-c.-106-1999-Sb.-ze-dne-18.-12.-2023-web_Redigovano.pdf\" class=\"wp-block-file__button wp-element-button\" download aria-describedby=\"wp-block-file--media-aa1f5898-ad24-48a6-af38-161b5ae51621\">St\u00e1hnout<\/a><\/div>\n\n\n\n<div class=\"wp-block-file\"><a id=\"wp-block-file--media-1450a769-7f7a-4f34-b32f-62a3e83945ec\" href=\"https:\/\/ssps-backup.200.solutions\/wp-content\/uploads\/2024\/01\/Odpoved-na-zadost-106-redigovano.pdf\">Odpoved-na-zadost-na-zaklade-Zakona-c.-106-1999-Sb.-ze-dne-15.12.2023-redigovano<\/a><a href=\"https:\/\/ssps-backup.200.solutions\/wp-content\/uploads\/2024\/01\/Odpoved-na-zadost-106-redigovano.pdf\" class=\"wp-block-file__button wp-element-button\" download aria-describedby=\"wp-block-file--media-1450a769-7f7a-4f34-b32f-62a3e83945ec\">St\u00e1hnout<\/a><\/div>\n\n\n\n<div class=\"wp-block-file\"><a id=\"wp-block-file--media-e2610ce9-3b22-4b08-bffc-8a1f5c975455\" href=\"https:\/\/ssps-backup.200.solutions\/wp-content\/uploads\/2024\/01\/Transakce-Pragmatika-komplet.pdf\">Odpoved-na-zadost &#8211; Transakce &#8211; Pragmatika<\/a><a href=\"https:\/\/ssps-backup.200.solutions\/wp-content\/uploads\/2024\/01\/Transakce-Pragmatika-komplet.pdf\" class=\"wp-block-file__button wp-element-button\" download aria-describedby=\"wp-block-file--media-e2610ce9-3b22-4b08-bffc-8a1f5c975455\">St\u00e1hnout<\/a><\/div>\n\n\n\n<h3 class=\"wp-block-heading title not-center\">10.&nbsp;P\u0159\u00edjem \u017e\u00e1dost\u00ed a dal\u0161\u00edch pod\u00e1n\u00ed<\/h3>\n\n\n\n<ul class=\"wp-block-list\">\n<li>Ve\u0161ker\u00e1 pod\u00e1n\u00ed lze u\u010dinit sekretari\u00e1tu \u0159editele \u0161koly, nebo jin\u00fdm z\u00e1konn\u00fdm zp\u016fsobem<\/li>\n<\/ul>\n\n\n\n<h3 class=\"wp-block-heading title not-center\">11.&nbsp;Opravn\u00e9 prost\u0159edky<\/h3>\n\n\n\n<ul class=\"wp-block-list\">\n<li>Opravn\u00e9 prost\u0159edky lze podat z\u00e1konn\u00fdm zp\u016fsobem<\/li>\n<\/ul>\n\n\n\n<h3 class=\"wp-block-heading title not-center\">12.&nbsp;Formul\u00e1\u0159e<\/h3>\n\n\n\n<ul class=\"wp-block-list\">\n<li>Viz sekce <a href=\"https:\/\/ssps-backup.200.solutions\/kontakt\/dokumenty-ke-stazeni\/\">Dokumenty ke sta\u017een\u00ed<\/a><\/li>\n\n\n\n<li>Pro studenty pak sekce <a href=\"https:\/\/ssps-backup.200.solutions\/studenti\/potrebuji-vyridit\/\" data-type=\"page\" data-id=\"3999\">Pot\u0159ebuji vy\u0159\u00eddit<\/a><\/li>\n\n\n\n<li><strong>Opis vysv\u011bd\u010den\u00ed<\/strong>: Uve\u010fte pros\u00edm&nbsp;<strong>celkovou dobu studia<\/strong>, v\u010d. opakov\u00e1n\u00ed ro\u010dn\u00edk\u016f,&nbsp;<strong>rok ukon\u010den\u00ed studia<\/strong>&nbsp;a p\u0159\u00edpadn\u011b&nbsp;<strong>jm\u00e9no t\u0159\u00eddn\u00edho profesora<\/strong>. \u017d\u00e1dost bude zpracov\u00e1na pouze na z\u00e1klad\u011b&nbsp;<strong>zaplacen\u00ed 100,- K\u010d<\/strong>&nbsp;v&nbsp;hotovosti, splatn\u00e9 p\u0159edem.&nbsp;\u017d\u00e1dost&nbsp;<strong>nelze vy\u0159\u00eddit na po\u010dk\u00e1n\u00ed<\/strong>, lh\u016fta je 30 dn\u00ed od pod\u00e1n\u00ed \u017e\u00e1dosti o opis vysv\u011bd\u010den\u00ed. Formul\u00e1\u0159 ke sta\u017een\u00ed <a href=\"https:\/\/ssps-backup.200.solutions\/wp-content\/uploads\/2022\/10\/ZADOST-O-VYSTAVENI-OPISU-VYSVEDCENI.docx\" data-type=\"attachment\" data-id=\"4008\">zde<\/a>.<\/li>\n<\/ul>\n\n\n\n<ul class=\"wp-block-list\">\n<li>Ve\u0161ker\u00e9 dal\u0161\u00ed formul\u00e1\u0159e lze z\u00edskat v sekretari\u00e1tu \u0159editele \u0161koly.<\/li>\n<\/ul>\n\n\n\n<h3 class=\"wp-block-heading title not-center\">13.&nbsp;Popisy postup\u016f &#8211; N\u00e1vody pro \u0159e\u0161en\u00ed \u017eivotn\u00edch situac\u00ed<\/h3>\n\n\n\n<ul class=\"wp-block-list\">\n<li>Viz sekce <a href=\"https:\/\/ssps-backup.200.solutions\/kontakt\/dokumenty-ke-stazeni\/\">Dokumenty ke sta\u017een\u00ed<\/a><\/li>\n\n\n\n<li>Pro studenty pak sekce <a href=\"https:\/\/ssps-backup.200.solutions\/studenti\/potrebuji-vyridit\/\" data-type=\"page\" data-id=\"3999\">Pot\u0159ebuji vy\u0159\u00eddit<\/a><\/li>\n<\/ul>\n\n\n\n<h3 class=\"wp-block-heading title not-center\">14.&nbsp;P\u0159edpisy<\/h3>\n\n\n\n<h4 class=\"wp-block-heading title not-center\">14.1. Nejd\u016fle\u017eit\u011bj\u0161\u00ed pou\u017e\u00edvan\u00e9 p\u0159edpisy<\/h4>\n\n\n<\/p>\n<ul>\n<li>Z\u00e1kon \u010d. 561\/2004 Sb., o p\u0159ed\u0161koln\u00edm, z\u00e1kladn\u00edm, st\u0159edn\u00edm, vy\u0161\u0161\u00edm odborn\u00e9m a jin\u00e9m vzd\u011bl\u00e1v\u00e1n\u00ed (\u0161kolsk\u00fd z\u00e1kon), v platn\u00e9m zn\u011bn\u00ed<\/li>\n<li>Vyhl\u00e1\u0161ka \u010d. 13\/2005 Sb., o st\u0159edn\u00edm vzd\u011bl\u00e1v\u00e1n\u00ed a vzd\u011bl\u00e1v\u00e1n\u00ed v konzervato\u0159i, v platn\u00e9m zn\u011bn\u00ed<\/li>\n<li>Z\u00e1kon \u010d. 500\/2004 Sb., spr\u00e1vn\u00ed \u0159\u00e1d, v platn\u00e9m zn\u011bn\u00ed<\/li>\n<li>Z\u00e1kon \u010d. 499\/2004 Sb., o archivnictv\u00ed a spisov\u00e9 slu\u017eb\u011b, v platn\u00e9m zn\u011bn\u00ed<\/li>\n<\/ul>\n\n\n<h4 class=\"wp-block-heading title not-center\">14.2.&nbsp;Vydan\u00e9 vnit\u0159n\u00ed p\u0159edpisy<\/h4>\n\n\n\n<ul class=\"wp-block-list\">\n<li>Viz sekce <a href=\"https:\/\/ssps-backup.200.solutions\/kontakt\/dokumenty-ke-stazeni\/\">dokumenty ke sta\u017een\u00ed<\/a><\/li>\n<\/ul>\n\n\n\n<h3 class=\"wp-block-heading title not-center\">15.&nbsp;\u00dahrady za poskytov\u00e1n\u00ed informac\u00ed<\/h3>\n\n\n\n<h4 class=\"wp-block-heading title not-center\">15.1.&nbsp;Sazebn\u00edk \u00fahrad za poskytov\u00e1n\u00ed informac\u00ed<\/h4>\n\n\n\n<ul class=\"wp-block-list\">\n<li>Poskytov\u00e1n\u00ed informac\u00ed m\u016f\u017ee podl\u00e9hat zpoplatn\u011bn\u00ed podle <a href=\"https:\/\/ssps-backup.200.solutions\/wp-content\/uploads\/2024\/01\/sazebnik-2024.pdf\">sazebn\u00edku \u00fahrad<\/a><\/li>\n<\/ul>\n\n\n\n<h4 class=\"wp-block-heading title not-center\">15.2.&nbsp;Usnesen\u00ed nad\u0159\u00edzen\u00e9ho org\u00e1nu o v\u00fd\u0161i \u00fahrad za poskytnut\u00ed informac\u00ed<\/h4>\n\n\n\n<h3 class=\"wp-block-heading title not-center\">16.&nbsp;Licen\u010dn\u00ed smlouvy<\/h3>\n\n\n\n<h3 class=\"wp-block-heading title not-center\">17.&nbsp;V\u00fdro\u010dn\u00ed zpr\u00e1vy<\/h3>\n\n\n\n<div class=\"wp-block-file\"><a id=\"wp-block-file--media-ff018dd8-efc6-47f5-b48a-553851b8e455\" href=\"https:\/\/ssps-backup.200.solutions\/wp-content\/uploads\/2020\/08\/vyrocni_zprava04_05.pdf\">vyrocni_zprava04_05<\/a><a href=\"https:\/\/ssps-backup.200.solutions\/wp-content\/uploads\/2020\/08\/vyrocni_zprava04_05.pdf\" class=\"wp-block-file__button wp-element-button\" download aria-describedby=\"wp-block-file--media-ff018dd8-efc6-47f5-b48a-553851b8e455\">St\u00e1hnout<\/a><\/div>\n\n\n\n<div class=\"wp-block-file\"><a id=\"wp-block-file--media-b5cc0f2e-9dd7-48d6-bcdc-0ee04f15714e\" href=\"https:\/\/ssps-backup.200.solutions\/wp-content\/uploads\/2020\/08\/vyrocni_zprava05_06.pdf\">vyrocni_zprava05_06<\/a><a href=\"https:\/\/ssps-backup.200.solutions\/wp-content\/uploads\/2020\/08\/vyrocni_zprava05_06.pdf\" class=\"wp-block-file__button wp-element-button\" download aria-describedby=\"wp-block-file--media-b5cc0f2e-9dd7-48d6-bcdc-0ee04f15714e\">St\u00e1hnout<\/a><\/div>\n\n\n\n<div class=\"wp-block-file\"><a id=\"wp-block-file--media-ca03e204-cec3-4105-b09b-221ce2de7225\" href=\"https:\/\/ssps-backup.200.solutions\/wp-content\/uploads\/2020\/08\/vyrocni_zprava06_07.pdf\">vyrocni_zprava06_07<\/a><a href=\"https:\/\/ssps-backup.200.solutions\/wp-content\/uploads\/2020\/08\/vyrocni_zprava06_07.pdf\" class=\"wp-block-file__button wp-element-button\" download aria-describedby=\"wp-block-file--media-ca03e204-cec3-4105-b09b-221ce2de7225\">St\u00e1hnout<\/a><\/div>\n\n\n\n<div class=\"wp-block-file\"><a id=\"wp-block-file--media-80d90dde-9fab-4895-8877-9461213e7e3f\" href=\"https:\/\/ssps-backup.200.solutions\/wp-content\/uploads\/2020\/08\/vyrocni_zprava07_08.pdf\">vyrocni_zprava07_08<\/a><a href=\"https:\/\/ssps-backup.200.solutions\/wp-content\/uploads\/2020\/08\/vyrocni_zprava07_08.pdf\" class=\"wp-block-file__button wp-element-button\" download aria-describedby=\"wp-block-file--media-80d90dde-9fab-4895-8877-9461213e7e3f\">St\u00e1hnout<\/a><\/div>\n\n\n\n<div class=\"wp-block-file\"><a id=\"wp-block-file--media-55999395-6fe1-4a6e-8f42-b6d3da3282b8\" href=\"https:\/\/ssps-backup.200.solutions\/wp-content\/uploads\/2020\/08\/vyrocni_zprava08_09.pdf\">vyrocni_zprava08_09<\/a><a href=\"https:\/\/ssps-backup.200.solutions\/wp-content\/uploads\/2020\/08\/vyrocni_zprava08_09.pdf\" class=\"wp-block-file__button wp-element-button\" download aria-describedby=\"wp-block-file--media-55999395-6fe1-4a6e-8f42-b6d3da3282b8\">St\u00e1hnout<\/a><\/div>\n\n\n\n<div class=\"wp-block-file\"><a id=\"wp-block-file--media-5831af2d-2cc0-4537-a211-040a4dabc7fa\" href=\"https:\/\/ssps-backup.200.solutions\/wp-content\/uploads\/2020\/08\/vyrocni_zprava09_10.pdf\">vyrocni_zprava09_10<\/a><a href=\"https:\/\/ssps-backup.200.solutions\/wp-content\/uploads\/2020\/08\/vyrocni_zprava09_10.pdf\" class=\"wp-block-file__button wp-element-button\" download aria-describedby=\"wp-block-file--media-5831af2d-2cc0-4537-a211-040a4dabc7fa\">St\u00e1hnout<\/a><\/div>\n\n\n\n<div class=\"wp-block-file\"><a id=\"wp-block-file--media-2304a84a-e4da-4e6b-bb92-1c4059724530\" href=\"https:\/\/ssps-backup.200.solutions\/wp-content\/uploads\/2020\/08\/vyrocni_zprava10_11.pdf\">vyrocni_zprava10_11<\/a><a href=\"https:\/\/ssps-backup.200.solutions\/wp-content\/uploads\/2020\/08\/vyrocni_zprava10_11.pdf\" class=\"wp-block-file__button wp-element-button\" download aria-describedby=\"wp-block-file--media-2304a84a-e4da-4e6b-bb92-1c4059724530\">St\u00e1hnout<\/a><\/div>\n\n\n\n<div class=\"wp-block-file\"><a id=\"wp-block-file--media-2a2e6f8c-d7e7-49e4-84a0-30e490bebf96\" href=\"https:\/\/ssps-backup.200.solutions\/wp-content\/uploads\/2020\/08\/vyrocni_zprava11_12.pdf\">vyrocni_zprava11_12<\/a><a href=\"https:\/\/ssps-backup.200.solutions\/wp-content\/uploads\/2020\/08\/vyrocni_zprava11_12.pdf\" class=\"wp-block-file__button wp-element-button\" download aria-describedby=\"wp-block-file--media-2a2e6f8c-d7e7-49e4-84a0-30e490bebf96\">St\u00e1hnout<\/a><\/div>\n\n\n\n<div class=\"wp-block-file\"><a id=\"wp-block-file--media-f06be4c6-7309-45e7-93fb-2627e9ee7467\" href=\"https:\/\/ssps-backup.200.solutions\/wp-content\/uploads\/2020\/08\/vyrocni_zprava12_13.pdf\">vyrocni_zprava12_13<\/a><a href=\"https:\/\/ssps-backup.200.solutions\/wp-content\/uploads\/2020\/08\/vyrocni_zprava12_13.pdf\" class=\"wp-block-file__button wp-element-button\" download aria-describedby=\"wp-block-file--media-f06be4c6-7309-45e7-93fb-2627e9ee7467\">St\u00e1hnout<\/a><\/div>\n\n\n\n<div class=\"wp-block-file\"><a id=\"wp-block-file--media-7e94bf08-badf-4289-b207-fefc8bea23af\" href=\"https:\/\/ssps-backup.200.solutions\/wp-content\/uploads\/2020\/08\/vyrocni_zprava13_14.pdf\">vyrocni_zprava13_14<\/a><a href=\"https:\/\/ssps-backup.200.solutions\/wp-content\/uploads\/2020\/08\/vyrocni_zprava13_14.pdf\" class=\"wp-block-file__button wp-element-button\" download aria-describedby=\"wp-block-file--media-7e94bf08-badf-4289-b207-fefc8bea23af\">St\u00e1hnout<\/a><\/div>\n\n\n\n<div class=\"wp-block-file\"><a id=\"wp-block-file--media-7ca181f7-bb2e-47c4-841d-2d5b791ae73d\" href=\"https:\/\/ssps-backup.200.solutions\/wp-content\/uploads\/2020\/08\/vyrocni_zprava14_15.pdf\">vyrocni_zprava14_15<\/a><a href=\"https:\/\/ssps-backup.200.solutions\/wp-content\/uploads\/2020\/08\/vyrocni_zprava14_15.pdf\" class=\"wp-block-file__button wp-element-button\" download aria-describedby=\"wp-block-file--media-7ca181f7-bb2e-47c4-841d-2d5b791ae73d\">St\u00e1hnout<\/a><\/div>\n\n\n\n<div class=\"wp-block-file\"><a id=\"wp-block-file--media-f19937d1-36d0-4bf6-b22d-62cbeff23f32\" href=\"https:\/\/ssps-backup.200.solutions\/wp-content\/uploads\/2020\/08\/vyrocni_zprava15_16.pdf\">vyrocni_zprava15_16<\/a><a href=\"https:\/\/ssps-backup.200.solutions\/wp-content\/uploads\/2020\/08\/vyrocni_zprava15_16.pdf\" class=\"wp-block-file__button wp-element-button\" download aria-describedby=\"wp-block-file--media-f19937d1-36d0-4bf6-b22d-62cbeff23f32\">St\u00e1hnout<\/a><\/div>\n\n\n\n<div class=\"wp-block-file\"><a id=\"wp-block-file--media-844e165e-745c-44c8-9ad3-1e8ec8141712\" href=\"https:\/\/ssps-backup.200.solutions\/wp-content\/uploads\/2020\/08\/vyrocni_zprava16_17.pdf\">vyrocni_zprava16_17<\/a><a href=\"https:\/\/ssps-backup.200.solutions\/wp-content\/uploads\/2020\/08\/vyrocni_zprava16_17.pdf\" class=\"wp-block-file__button wp-element-button\" download aria-describedby=\"wp-block-file--media-844e165e-745c-44c8-9ad3-1e8ec8141712\">St\u00e1hnout<\/a><\/div>\n\n\n\n<div class=\"wp-block-file\"><a id=\"wp-block-file--media-10ac8c2e-2409-4a6d-8ef6-fab9e5fdfccf\" href=\"https:\/\/ssps-backup.200.solutions\/wp-content\/uploads\/2020\/08\/vyrocni_zprava17_18.pdf\">vyrocni_zprava17_18<\/a><a href=\"https:\/\/ssps-backup.200.solutions\/wp-content\/uploads\/2020\/08\/vyrocni_zprava17_18.pdf\" class=\"wp-block-file__button wp-element-button\" download aria-describedby=\"wp-block-file--media-10ac8c2e-2409-4a6d-8ef6-fab9e5fdfccf\">St\u00e1hnout<\/a><\/div>\n\n\n\n<div class=\"wp-block-file\"><a id=\"wp-block-file--media-e03a37ac-7413-4d4f-89ff-a35d449edb2f\" href=\"https:\/\/ssps-backup.200.solutions\/wp-content\/uploads\/2020\/08\/vyrocni_zprava18_19.pdf\">vyrocni_zprava18_19<\/a><a href=\"https:\/\/ssps-backup.200.solutions\/wp-content\/uploads\/2020\/08\/vyrocni_zprava18_19.pdf\" class=\"wp-block-file__button wp-element-button\" download aria-describedby=\"wp-block-file--media-e03a37ac-7413-4d4f-89ff-a35d449edb2f\">St\u00e1hnout<\/a><\/div>\n\n\n\n<div class=\"wp-block-file\"><a id=\"wp-block-file--media-632e43d3-af5d-4c1b-aa78-99342dc86b94\" href=\"https:\/\/ssps-backup.200.solutions\/wp-content\/uploads\/2020\/11\/VZ-SSPS-2020.pdf\">vyrocni_zprava19_20<\/a><a href=\"https:\/\/ssps-backup.200.solutions\/wp-content\/uploads\/2020\/11\/VZ-SSPS-2020.pdf\" class=\"wp-block-file__button wp-element-button\" download aria-describedby=\"wp-block-file--media-632e43d3-af5d-4c1b-aa78-99342dc86b94\">St\u00e1hnout<\/a><\/div>\n\n\n\n<div class=\"wp-block-file\"><a id=\"wp-block-file--media-dc67e57e-0ad6-449a-a6f2-0c1fc96a4f7e\" href=\"https:\/\/ssps-backup.200.solutions\/wp-content\/uploads\/2022\/10\/VZ_SMICHOVSKA_SPS_2022.pdf\">vyrocni_zprava21_22<\/a><a href=\"https:\/\/ssps-backup.200.solutions\/wp-content\/uploads\/2022\/10\/VZ_SMICHOVSKA_SPS_2022.pdf\" class=\"wp-block-file__button wp-element-button\" download aria-describedby=\"wp-block-file--media-dc67e57e-0ad6-449a-a6f2-0c1fc96a4f7e\">St\u00e1hnout<\/a><\/div>\n\n\n\n<p><a href=\"https:\/\/www.presloviny.cz\/?fb3d-page=1\" rel=\"nofollow noopener\" target=\"_blank\">vyrocni_zprava21_22_priloha_presloviny<\/a><\/p>\n","protected":false},"excerpt":{"rendered":"<p>1.&nbsp;N\u00e1zev 2.&nbsp;D\u016fvod a zp\u016fsob zalo\u017een\u00ed 3.&nbsp;Organiza\u010dn\u00ed struktura 4.&nbsp;Kontaktn\u00ed spojen\u00ed 4.1 Po\u0161tovn\u00ed adresa 4.2.&nbsp;Adresa pro osobn\u00ed&#8230; <a href=\"https:\/\/ssps-backup.200.solutions\/?page_id=158\" class=\"readmore\">Zobrazit v\u00edce<\/a><\/p>\n","protected":false},"author":14,"featured_media":0,"parent":184,"menu_order":2,"comment_status":"closed","ping_status":"closed","template":"","meta":{"_acf_changed":false,"inline_featured_image":false,"footnotes":""},"class_list":["post-158","page","type-page","status-publish","hentry"],"acf":[],"_links":{"self":[{"href":"https:\/\/ssps-backup.200.solutions\/index.php?rest_route=\/wp\/v2\/pages\/158","targetHints":{"allow":["GET"]}}],"collection":[{"href":"https:\/\/ssps-backup.200.solutions\/index.php?rest_route=\/wp\/v2\/pages"}],"about":[{"href":"https:\/\/ssps-backup.200.solutions\/index.php?rest_route=\/wp\/v2\/types\/page"}],"author":[{"embeddable":true,"href":"https:\/\/ssps-backup.200.solutions\/index.php?rest_route=\/wp\/v2\/users\/14"}],"replies":[{"embeddable":true,"href":"https:\/\/ssps-backup.200.solutions\/index.php?rest_route=%2Fwp%2Fv2%2Fcomments&post=158"}],"version-history":[{"count":46,"href":"https:\/\/ssps-backup.200.solutions\/index.php?rest_route=\/wp\/v2\/pages\/158\/revisions"}],"predecessor-version":[{"id":6947,"href":"https:\/\/ssps-backup.200.solutions\/index.php?rest_route=\/wp\/v2\/pages\/158\/revisions\/6947"}],"up":[{"embeddable":true,"href":"https:\/\/ssps-backup.200.solutions\/index.php?rest_route=\/wp\/v2\/pages\/184"}],"wp:attachment":[{"href":"https:\/\/ssps-backup.200.solutions\/index.php?rest_route=%2Fwp%2Fv2%2Fmedia&parent=158"}],"curies":[{"name":"wp","href":"https:\/\/api.w.org\/{rel}","templated":true}]}}