{"id":156,"date":"2020-07-30T16:42:20","date_gmt":"2020-07-30T14:42:20","guid":{"rendered":"http:\/\/ssps\/web\/?page_id=156"},"modified":"2022-12-18T20:55:05","modified_gmt":"2022-12-18T19:55:05","slug":"iot","status":"publish","type":"page","link":"https:\/\/ssps-backup.200.solutions\/?page_id=156","title":{"rendered":"Internet v\u011bc\u00ed"},"content":{"rendered":"\n<p><strong>V jedn\u00e9 netechnick\u00e9 v\u011bt\u011b, by se internet v\u011bc\u00ed dal popsat takto:&nbsp;\u201e<strong>IoT znamen\u00e1, vz\u00edt v\u0161echny za\u0159\u00edzen\u00ed na sv\u011bt\u011b a p\u0159ipojit je k internetu.<\/strong>\u201c&nbsp;To p\u0159in\u00e1\u0161\u00ed celou \u0159adu v\u00fdhod, ale i rizik<\/strong>.<br><\/p>\n\n\n\n<p>Sm\u00edchovsk\u00e1 SP\u0160 a gymn\u00e1zium je jedn\u00edm ze zakl\u00e1daj\u00edc\u00edch \u010dlen\u016f Centra m\u011bst budoucnosti \u010cesk\u00e9ho institutu informatiky, kybernetiky a robotiky p\u0159i \u010cVUT, jako jedin\u00e1 st\u0159edn\u00ed \u0161kola v&nbsp;\u010cR. V&nbsp;r\u00e1mci toho spolupracuje s&nbsp;mnoha subjekty. Na Sm\u00edchovsk\u00e9 SP\u0160 vznikla modern\u00ed Laborato\u0159 IoT, kde prob\u00edh\u00e1 praktick\u00e1 v\u00fduka maturitn\u00edho zam\u011b\u0159en\u00ed Technologie chytr\u00fdch m\u011bst a dom\u016f. Laborato\u0159 ve sv\u00fdch dvaceti letech vybudoval absolvent a u\u010ditel Sm\u00edchovsk\u00e9 SP\u0160 a gymn\u00e1zia <a href=\"https:\/\/ssps-backup.200.solutions\/ucitel\/jan-tesar\/\">Jan Tesa\u0159<\/a>.<\/p>\n\n\n\n<p>V&nbsp;sou\u010dasnosti vznik\u00e1 za finan\u010dn\u00ed podpory z\u0159izovatele v\u00fdzkum hydroponick\u00e9ho p\u011bstov\u00e1n\u00ed rostlin, na \u201emaza\u010dce\u201c pra\u017esk\u00fdch Dopravn\u00edch podnik\u016f jsou osazena \u010didla, kter\u00e1 sb\u00edraj\u00ed data o ovzdu\u0161\u00ed v&nbsp;Praze. V \u201echytr\u00e9m byt\u011b\u201c vybudovan\u00e9m v&nbsp;Laborato\u0159i IoT si mohou studenti v&nbsp;re\u00e1ln\u00fdch podm\u00ednk\u00e1ch ov\u011b\u0159ovat fungov\u00e1n\u00ed modern\u00edch technologi\u00ed \u010di p\u0159ich\u00e1zet s&nbsp;vlastn\u00edmi vylep\u0161en\u00edmi.<br><\/p>\n\n\n\n<p>Na SSP\u0160 IoT najdete nejen v MVOP Technologie chytr\u00fdch dom\u016f a m\u011bst, ale i v r\u00e1mci mnoha projekt\u016f a mimo\u0161koln\u00edch aktivit.<\/p>\n\n\n\n<p><strong>Mo\u017en\u00e9 zapojen\u00ed student\u016f:<\/strong> studenti se mohou zapojit do ji\u017e funguj\u00edc\u00edch d\u00edl\u010d\u00edch projekt\u016f \u010di p\u0159ich\u00e1zet se sv\u00fdmi vlastn\u00edmi.<\/p>\n\n\n<div class=\"wp-block-image\">\n<figure class=\"aligncenter size-large\"><img fetchpriority=\"high\" decoding=\"async\" width=\"682\" height=\"1024\" src=\"https:\/\/ssps-backup.200.solutions\/wp-content\/uploads\/2020\/09\/MG_6474-682x1024.jpg\" alt=\"\" class=\"wp-image-880\" srcset=\"https:\/\/ssps-backup.200.solutions\/wp-content\/uploads\/2020\/09\/MG_6474-682x1024.jpg 682w, https:\/\/ssps-backup.200.solutions\/wp-content\/uploads\/2020\/09\/MG_6474-200x300.jpg 200w, https:\/\/ssps-backup.200.solutions\/wp-content\/uploads\/2020\/09\/MG_6474-768x1152.jpg 768w, https:\/\/ssps-backup.200.solutions\/wp-content\/uploads\/2020\/09\/MG_6474-1024x1536.jpg 1024w, https:\/\/ssps-backup.200.solutions\/wp-content\/uploads\/2020\/09\/MG_6474.jpg 1333w\" sizes=\"(max-width: 682px) 100vw, 682px\" \/><figcaption class=\"wp-element-caption\">Jan Tesa\u0159, vedouc\u00ed IoT odd\u011blen\u00ed (jan.tesar@ssps-backup.200.solutions)<\/figcaption><\/figure>\n<\/div>","protected":false},"excerpt":{"rendered":"<p>V jedn\u00e9 netechnick\u00e9 v\u011bt\u011b, by se internet v\u011bc\u00ed dal popsat takto:&nbsp;\u201eIoT znamen\u00e1, vz\u00edt v\u0161echny za\u0159\u00edzen\u00ed&#8230; <a href=\"https:\/\/ssps-backup.200.solutions\/?page_id=156\" class=\"readmore\">Zobrazit v\u00edce<\/a><\/p>\n","protected":false},"author":14,"featured_media":0,"parent":154,"menu_order":1,"comment_status":"closed","ping_status":"closed","template":"","meta":{"_acf_changed":false,"inline_featured_image":false,"footnotes":""},"class_list":["post-156","page","type-page","status-publish","hentry"],"acf":[],"_links":{"self":[{"href":"https:\/\/ssps-backup.200.solutions\/index.php?rest_route=\/wp\/v2\/pages\/156","targetHints":{"allow":["GET"]}}],"collection":[{"href":"https:\/\/ssps-backup.200.solutions\/index.php?rest_route=\/wp\/v2\/pages"}],"about":[{"href":"https:\/\/ssps-backup.200.solutions\/index.php?rest_route=\/wp\/v2\/types\/page"}],"author":[{"embeddable":true,"href":"https:\/\/ssps-backup.200.solutions\/index.php?rest_route=\/wp\/v2\/users\/14"}],"replies":[{"embeddable":true,"href":"https:\/\/ssps-backup.200.solutions\/index.php?rest_route=%2Fwp%2Fv2%2Fcomments&post=156"}],"version-history":[{"count":10,"href":"https:\/\/ssps-backup.200.solutions\/index.php?rest_route=\/wp\/v2\/pages\/156\/revisions"}],"predecessor-version":[{"id":4600,"href":"https:\/\/ssps-backup.200.solutions\/index.php?rest_route=\/wp\/v2\/pages\/156\/revisions\/4600"}],"up":[{"embeddable":true,"href":"https:\/\/ssps-backup.200.solutions\/index.php?rest_route=\/wp\/v2\/pages\/154"}],"wp:attachment":[{"href":"https:\/\/ssps-backup.200.solutions\/index.php?rest_route=%2Fwp%2Fv2%2Fmedia&parent=156"}],"curies":[{"name":"wp","href":"https:\/\/api.w.org\/{rel}","templated":true}]}}