{"id":154,"date":"2020-07-30T16:41:33","date_gmt":"2020-07-30T14:41:33","guid":{"rendered":"http:\/\/ssps\/web\/?page_id=154"},"modified":"2021-01-25T13:04:01","modified_gmt":"2021-01-25T12:04:01","slug":"projekty","status":"publish","type":"page","link":"https:\/\/ssps-backup.200.solutions\/?page_id=154","title":{"rendered":"Projekty"},"content":{"rendered":"\n<figure class=\"wp-block-image size-large\"><img fetchpriority=\"high\" decoding=\"async\" width=\"1024\" height=\"299\" src=\"https:\/\/ssps-backup.200.solutions\/wp-content\/uploads\/2021\/01\/5_2-1024x299.png\" alt=\"\" class=\"wp-image-1554\" srcset=\"https:\/\/ssps-backup.200.solutions\/wp-content\/uploads\/2021\/01\/5_2-1024x299.png 1024w, https:\/\/ssps-backup.200.solutions\/wp-content\/uploads\/2021\/01\/5_2-300x88.png 300w, https:\/\/ssps-backup.200.solutions\/wp-content\/uploads\/2021\/01\/5_2-768x224.png 768w, https:\/\/ssps-backup.200.solutions\/wp-content\/uploads\/2021\/01\/5_2-1536x449.png 1536w, https:\/\/ssps-backup.200.solutions\/wp-content\/uploads\/2021\/01\/5_2-2048x599.png 2048w\" sizes=\"(max-width: 1024px) 100vw, 1024px\" \/><\/figure>\n\n\n\n<p>Sm\u00edchovsk\u00e1 SP\u0160 a gymn\u00e1zium je pov\u011bstn\u00e1 t\u00edm, \u017ee klade velik\u00fd d\u016fraz na projektovou v\u00fduku. Ta se projevuje jak v\u00a0celoro\u010dn\u00edch prac\u00edch student\u016f ve 3. ro\u010dn\u00edku (Studentsk\u00fd projekt) a ve 4. ro\u010dn\u00edku (Maturitn\u00ed projekt), tak i kr\u00e1tkodob\u00fdmi \u010di st\u0159edn\u011bdob\u00fdmi projekty v\u00a0mnoha dal\u0161\u00edch p\u0159edm\u011btech. Studenti se v\u0161ak mohou zapojit i do velk\u00fdch projekt\u016f \u0161koly, kter\u00e9 b\u011b\u017e\u00ed nap\u0159\u00ed\u010d ro\u010dn\u00edky i obory. V t\u00e9to sekci najdete bli\u017e\u0161\u00ed informace o t\u011bchto projektech.<\/p>\n\n\n\n<p><strong>V menu si vyberte projekt, kter\u00fd v\u00e1s zaj\u00edm\u00e1.<\/strong><\/p>\n\n\n\n<figure class=\"wp-block-image size-large\"><a href=\"https:\/\/ssps-backup.200.solutions\/projekty\/mezinarodni-projekty\/\"><img decoding=\"async\" width=\"1024\" height=\"299\" src=\"https:\/\/ssps-backup.200.solutions\/wp-content\/uploads\/2021\/01\/7-1024x299.png\" alt=\"\" class=\"wp-image-1556\" srcset=\"https:\/\/ssps-backup.200.solutions\/wp-content\/uploads\/2021\/01\/7-1024x299.png 1024w, https:\/\/ssps-backup.200.solutions\/wp-content\/uploads\/2021\/01\/7-300x88.png 300w, https:\/\/ssps-backup.200.solutions\/wp-content\/uploads\/2021\/01\/7-768x224.png 768w, https:\/\/ssps-backup.200.solutions\/wp-content\/uploads\/2021\/01\/7-1536x449.png 1536w, https:\/\/ssps-backup.200.solutions\/wp-content\/uploads\/2021\/01\/7-2048x599.png 2048w\" sizes=\"(max-width: 1024px) 100vw, 1024px\" \/><\/a><\/figure>\n\n\n\n<figure class=\"wp-block-image size-large\"><a href=\"https:\/\/ssps-backup.200.solutions\/projekty\/maturitni-a-studentske-projekty\/\"><img decoding=\"async\" width=\"1024\" height=\"299\" src=\"https:\/\/ssps-backup.200.solutions\/wp-content\/uploads\/2021\/01\/9_2-1024x299.png\" alt=\"\" class=\"wp-image-1557\" srcset=\"https:\/\/ssps-backup.200.solutions\/wp-content\/uploads\/2021\/01\/9_2-1024x299.png 1024w, https:\/\/ssps-backup.200.solutions\/wp-content\/uploads\/2021\/01\/9_2-300x88.png 300w, https:\/\/ssps-backup.200.solutions\/wp-content\/uploads\/2021\/01\/9_2-768x224.png 768w, https:\/\/ssps-backup.200.solutions\/wp-content\/uploads\/2021\/01\/9_2-1536x449.png 1536w, https:\/\/ssps-backup.200.solutions\/wp-content\/uploads\/2021\/01\/9_2-2048x599.png 2048w\" sizes=\"(max-width: 1024px) 100vw, 1024px\" \/><\/a><\/figure>\n\n\n\n<figure class=\"wp-block-image size-large\"><a href=\"https:\/\/ssps-backup.200.solutions\/projekty\/start-upy\/\"><img loading=\"lazy\" decoding=\"async\" width=\"1024\" height=\"299\" src=\"https:\/\/ssps-backup.200.solutions\/wp-content\/uploads\/2021\/01\/star-2-1024x299.jpg\" alt=\"\" class=\"wp-image-1562\" srcset=\"https:\/\/ssps-backup.200.solutions\/wp-content\/uploads\/2021\/01\/star-2-1024x299.jpg 1024w, https:\/\/ssps-backup.200.solutions\/wp-content\/uploads\/2021\/01\/star-2-300x88.jpg 300w, https:\/\/ssps-backup.200.solutions\/wp-content\/uploads\/2021\/01\/star-2-768x224.jpg 768w, https:\/\/ssps-backup.200.solutions\/wp-content\/uploads\/2021\/01\/star-2-1536x449.jpg 1536w, https:\/\/ssps-backup.200.solutions\/wp-content\/uploads\/2021\/01\/star-2-2048x599.jpg 2048w\" sizes=\"(max-width: 1024px) 100vw, 1024px\" \/><\/a><\/figure>\n\n\n\n<figure class=\"wp-block-image size-large\"><a href=\"https:\/\/ssps-backup.200.solutions\/projekty\/medialni-dum-preslova\/\"><img loading=\"lazy\" decoding=\"async\" width=\"1024\" height=\"299\" src=\"https:\/\/ssps-backup.200.solutions\/wp-content\/uploads\/2021\/01\/medi-1-1024x299.jpg\" alt=\"\" class=\"wp-image-1559\" srcset=\"https:\/\/ssps-backup.200.solutions\/wp-content\/uploads\/2021\/01\/medi-1-1024x299.jpg 1024w, https:\/\/ssps-backup.200.solutions\/wp-content\/uploads\/2021\/01\/medi-1-300x88.jpg 300w, https:\/\/ssps-backup.200.solutions\/wp-content\/uploads\/2021\/01\/medi-1-768x224.jpg 768w, https:\/\/ssps-backup.200.solutions\/wp-content\/uploads\/2021\/01\/medi-1-1536x449.jpg 1536w, https:\/\/ssps-backup.200.solutions\/wp-content\/uploads\/2021\/01\/medi-1-2048x599.jpg 2048w\" sizes=\"(max-width: 1024px) 100vw, 1024px\" \/><\/a><\/figure>\n","protected":false},"excerpt":{"rendered":"<p>Sm\u00edchovsk\u00e1 SP\u0160 a gymn\u00e1zium je pov\u011bstn\u00e1 t\u00edm, \u017ee klade velik\u00fd d\u016fraz na projektovou v\u00fduku. Ta&#8230; <a href=\"https:\/\/ssps-backup.200.solutions\/?page_id=154\" class=\"readmore\">Zobrazit v\u00edce<\/a><\/p>\n","protected":false},"author":14,"featured_media":1460,"parent":0,"menu_order":0,"comment_status":"closed","ping_status":"closed","template":"","meta":{"_acf_changed":false,"inline_featured_image":false,"footnotes":""},"class_list":["post-154","page","type-page","status-publish","has-post-thumbnail","hentry"],"acf":[],"_links":{"self":[{"href":"https:\/\/ssps-backup.200.solutions\/index.php?rest_route=\/wp\/v2\/pages\/154","targetHints":{"allow":["GET"]}}],"collection":[{"href":"https:\/\/ssps-backup.200.solutions\/index.php?rest_route=\/wp\/v2\/pages"}],"about":[{"href":"https:\/\/ssps-backup.200.solutions\/index.php?rest_route=\/wp\/v2\/types\/page"}],"author":[{"embeddable":true,"href":"https:\/\/ssps-backup.200.solutions\/index.php?rest_route=\/wp\/v2\/users\/14"}],"replies":[{"embeddable":true,"href":"https:\/\/ssps-backup.200.solutions\/index.php?rest_route=%2Fwp%2Fv2%2Fcomments&post=154"}],"version-history":[{"count":5,"href":"https:\/\/ssps-backup.200.solutions\/index.php?rest_route=\/wp\/v2\/pages\/154\/revisions"}],"predecessor-version":[{"id":1563,"href":"https:\/\/ssps-backup.200.solutions\/index.php?rest_route=\/wp\/v2\/pages\/154\/revisions\/1563"}],"wp:featuredmedia":[{"embeddable":true,"href":"https:\/\/ssps-backup.200.solutions\/index.php?rest_route=\/wp\/v2\/media\/1460"}],"wp:attachment":[{"href":"https:\/\/ssps-backup.200.solutions\/index.php?rest_route=%2Fwp%2Fv2%2Fmedia&parent=154"}],"curies":[{"name":"wp","href":"https:\/\/api.w.org\/{rel}","templated":true}]}}