{"id":1281,"date":"2020-12-26T23:36:30","date_gmt":"2020-12-26T22:36:30","guid":{"rendered":"https:\/\/ssps-backup.200.solutions\/?page_id=1281"},"modified":"2024-08-27T12:23:05","modified_gmt":"2024-08-27T10:23:05","slug":"mezinarodni-projekty","status":"publish","type":"page","link":"https:\/\/ssps-backup.200.solutions\/?page_id=1281","title":{"rendered":"Mezin\u00e1rodn\u00ed projekty"},"content":{"rendered":"\n<p>Na t\u011bchto str\u00e1nk\u00e1ch se m\u016f\u017eete dozv\u011bd\u011bt v\u00edce o tom, v jak\u00fdch mezin\u00e1rodn\u00edch projektech je Sm\u00edchovsk\u00e1 SP\u0160 a gymn\u00e1zium zapojena. Jedn\u00e1 se p\u0159edev\u0161\u00edm o projekty, kter\u00e9 jsou po\u0159\u00e1d\u00e1ny za finan\u010dn\u00ed podpory Evropsk\u00e9 unie (jmenovit\u011b program Erasmus+). Krom\u011b toho na\u0161e \u0161kola aktivn\u011b podporuje ve\u0161ker\u00e9 aktivity student\u016f v tomto poli (nap\u0159\u00edklad programy DiscoverEU a Evropsk\u00fd sbor solidarity).<\/p>\n\n\n\n<p>Aktu\u00e1ln\u011b jsou koordin\u00e1tory t\u011bchto projekt\u016f Martin Kolesnikov (<a href=\"mailto:martin.kolesnikov@ssps-backup.200.solutions\">martin.kolesnikov@ssps-backup.200.solutions<\/a>) a Julie \u0160ejnohov\u00e1 (<a href=\"mailto:julie.sejnohova@ssps-backup.200.solutions\">julie.sejnohova@ssps-backup.200.solutions<\/a>). Dotazy tak m\u016f\u017eete sm\u011b\u0159ovat na n\u011b.<\/p>\n\n\n\n<h3 class=\"wp-block-heading\"><strong>Jak se m\u016f\u017eu zapojit?<\/strong><\/h3>\n\n\n<div class=\"lightweight-accordion\"><details><summary class=\"lightweight-accordion-title\"><span> <strong>Erasmus+<\/strong> \ud83c\uddea\ud83c\uddfa<\/span><\/summary><div class=\"lightweight-accordion-body\">\n\n<h3 class=\"wp-block-heading\">Aktu\u00e1ln\u00ed projekty<\/h3>\n\n\n\n<h4 class=\"wp-block-heading\">Microcontrollers<\/h4>\n\n\n\n<p>Projekt, ve kter\u00e9m Sm\u00edchovsk\u00e1 SP\u0160 a gymn\u00e1zium participuje od podzimu roku 2023 se zam\u011b\u0159uje na tvorbu jednoduch\u00fdch ti\u0161t\u011bn\u00fdch spoj\u016f. Partnersk\u00e9 \u0161koly poch\u00e1zej\u00ed z Turecka, Rumunska, Portugalska a N\u011bmecka.<\/p>\n\n\n\n<p>Studenti se mohou st\u00e1t sou\u010d\u00e1st\u00ed realiz\u00e1torsk\u00e9ho t\u00fdmu, kter\u00fd pracuje na projektov\u00e9m Instagramu, samotn\u00fdch ti\u0161t\u011bn\u00fdch spoj\u00edch a na nau\u010dn\u00fdch vide\u00edch spojen\u00fdch s jejich tvorbou.<\/p>\n\n\n\n<p>V\u00fdb\u011brov\u00e9 \u0159\u00edzen\u00ed pro mobilitu do n\u011bmeck\u00e9ho Dorstenu prob\u011bhlo v prosinci a lednu 2023.<\/p>\n\n\n\n<figure class=\"wp-block-image size-full\"><img decoding=\"async\" width=\"200\" height=\"197\" src=\"https:\/\/ssps-backup.200.solutions\/wp-content\/uploads\/2024\/01\/Erasmus_-_logo1-3.png\" alt=\"\" class=\"wp-image-5954\"\/><\/figure>\n\n\n\n<div class=\"wp-block-columns is-layout-flex wp-container-core-columns-is-layout-9d6595d7 wp-block-columns-is-layout-flex\">\n<div class=\"wp-block-column is-layout-flow wp-block-column-is-layout-flow\" style=\"flex-basis:100%\">\n<figure class=\"wp-block-image size-full\"><img fetchpriority=\"high\" decoding=\"async\" width=\"569\" height=\"143\" src=\"https:\/\/ssps-backup.200.solutions\/wp-content\/uploads\/2024\/01\/2070_1081475115_vlajka-vlevo-text-vpravo-2.jpg\" alt=\"\" class=\"wp-image-5942\" srcset=\"https:\/\/ssps-backup.200.solutions\/wp-content\/uploads\/2024\/01\/2070_1081475115_vlajka-vlevo-text-vpravo-2.jpg 569w, https:\/\/ssps-backup.200.solutions\/wp-content\/uploads\/2024\/01\/2070_1081475115_vlajka-vlevo-text-vpravo-2-300x75.jpg 300w\" sizes=\"(max-width: 569px) 100vw, 569px\" \/><\/figure>\n<\/div>\n<\/div>\n\n\n\n<h4 class=\"wp-block-heading\">e-VET<\/h4>\n\n\n\n<p>Digit\u00e1ln\u00ed technologie jsou jedn\u00edm z nejd\u016fle\u017eit\u011bj\u0161\u00edch zdroj\u016f r\u016fstu n\u00e1rodn\u00edch ekonomik. Umo\u017e\u0148uj\u00ed ekonomik\u00e1m vytv\u00e1\u0159et v\u00edce pracovn\u00edch m\u00edst, zlep\u0161ovat \u017eivoty lid\u00ed a budovat lep\u0161\u00ed a ekologi\u010dt\u011bj\u0161\u00ed spole\u010dnost. Digit\u00e1ln\u00ed technologie pom\u00e1haj\u00ed zcela p\u0159etvo\u0159it hodnotov\u00e9 \u0159et\u011bzce, zp\u0159es\u0148uj\u00ed informace o trhu, zkracuj\u00ed dobu pot\u0159ebnou k uveden\u00ed v\u00fdrobk\u016f na trh a zvy\u0161uj\u00ed spokojenost z\u00e1kazn\u00edk\u016f. Krom\u011b toho mohou nyn\u00ed mal\u00e9 a st\u0159edn\u00ed podniky s pomoc\u00ed technologi\u00ed od prvn\u00edho dne p\u016fsobit glob\u00e1ln\u011b a okam\u017eit\u011b oslovit zahrani\u010dn\u00ed trhy.<\/p>\n\n\n\n<p>Projekt je zam\u011b\u0159en na p\u0159izp\u016fsoben\u00ed odborn\u00e9ho vzd\u011bl\u00e1v\u00e1n\u00ed a p\u0159\u00edpravu jeho absolvent\u016f pro trh pr\u00e1ce.<\/p>\n\n\n\n<figure class=\"wp-block-image size-full is-resized\"><img decoding=\"async\" width=\"380\" height=\"380\" src=\"https:\/\/ssps-backup.200.solutions\/wp-content\/uploads\/2024\/01\/Untitled-1-1.png\" alt=\"\" class=\"wp-image-5946\" style=\"width:160px;height:auto\" srcset=\"https:\/\/ssps-backup.200.solutions\/wp-content\/uploads\/2024\/01\/Untitled-1-1.png 380w, https:\/\/ssps-backup.200.solutions\/wp-content\/uploads\/2024\/01\/Untitled-1-1-300x300.png 300w, https:\/\/ssps-backup.200.solutions\/wp-content\/uploads\/2024\/01\/Untitled-1-1-150x150.png 150w\" sizes=\"(max-width: 380px) 100vw, 380px\" \/><\/figure>\n\n\n\n<figure class=\"wp-block-image size-full\"><img loading=\"lazy\" decoding=\"async\" width=\"569\" height=\"143\" src=\"https:\/\/ssps-backup.200.solutions\/wp-content\/uploads\/2024\/01\/2070_1081475115_vlajka-vlevo-text-vpravo-5.jpg\" alt=\"\" class=\"wp-image-5962\" srcset=\"https:\/\/ssps-backup.200.solutions\/wp-content\/uploads\/2024\/01\/2070_1081475115_vlajka-vlevo-text-vpravo-5.jpg 569w, https:\/\/ssps-backup.200.solutions\/wp-content\/uploads\/2024\/01\/2070_1081475115_vlajka-vlevo-text-vpravo-5-300x75.jpg 300w\" sizes=\"(max-width: 569px) 100vw, 569px\" \/><\/figure>\n\n\n\n<h3 class=\"wp-block-heading\">Ned\u00e1vno ukon\u010den\u00e9 projekty<\/h3>\n\n\n\n<h4 class=\"wp-block-heading\">Selfmade instruments startup<\/h4>\n\n\n\n<p>V roce 2020 z\u00edskal dotaci spole\u010dn\u00fd projekt st\u0159edn\u00edch \u0161kol z Francie, N\u011bmecka, \u0160pan\u011blska a \u010ceska, kdy \u010ceskou republiku v projektu zastupuje Sm\u00edchovsk\u00e1 SP\u0160 a gymn\u00e1zium. Se stejn\u00fdmi partnery ji\u017e v minulosti vytv\u00e1\u0159ela Sm\u00edchovsk\u00e1 SP\u0160 a gymn\u00e1zium jin\u00fd mezin\u00e1rodn\u00ed projekt, a to stavbu \u201edomu budoucnosti\u201c.<\/p>\n\n\n\n<p>Tentokr\u00e1te jde o vytvo\u0159en\u00ed mezin\u00e1rodn\u00edho e-shopu. Projekt s ofici\u00e1ln\u00edm n\u00e1zvem \u201eSelfmade instrument startup\u201c prob\u00edhal do konce srpna roku 2023 a zapojen\u00ed studenti m\u011bli mo\u017enost z\u00fa\u010dastnit se zahrani\u010dn\u00edch v\u00fdjezd\u016f do v\u0161ech partnersk\u00fdch zem\u00ed.<\/p>\n\n\n\n<figure class=\"wp-block-image size-full\"><img loading=\"lazy\" decoding=\"async\" width=\"569\" height=\"143\" src=\"https:\/\/ssps-backup.200.solutions\/wp-content\/uploads\/2024\/01\/2070_1081475115_vlajka-vlevo-text-vpravo-3.jpg\" alt=\"\" class=\"wp-image-5947\" srcset=\"https:\/\/ssps-backup.200.solutions\/wp-content\/uploads\/2024\/01\/2070_1081475115_vlajka-vlevo-text-vpravo-3.jpg 569w, https:\/\/ssps-backup.200.solutions\/wp-content\/uploads\/2024\/01\/2070_1081475115_vlajka-vlevo-text-vpravo-3-300x75.jpg 300w\" sizes=\"(max-width: 569px) 100vw, 569px\" \/><\/figure>\n\n\n\n<h4 class=\"wp-block-heading\">DigiS<\/h4>\n\n\n\n<p>Ve spolupr\u00e1ci s Hospod\u00e1\u0159skou komorou \u010cR a dal\u0161\u00edmi partnery ze zahrani\u010d\u00ed se v r\u00e1mci projektu p\u0159ipravovaly celoevropsk\u00e9 st\u0159edo\u0161kolsk\u00e9 v\u00fdukov\u00e9 moduly pro v\u00fduku dron\u016f a virtu\u00e1ln\u00ed reality.<\/p>\n\n\n\n<p>Sm\u00edchovsk\u00e1 SP\u0160 a gymn\u00e1zium je za \u010ceskou republiku nejen pilotn\u00ed \u0161kolou, ale d\u00edky ji\u017e zaveden\u00e9 v\u00fduce v&nbsp;t\u011bchto oblastech se pod\u00edlela na v\u00fdvoji obsahu zm\u00edn\u011bn\u00fdch v\u00fdukov\u00fdch modul\u016f.<\/p>\n\n\n\n<figure class=\"wp-block-image size-large is-resized\"><img loading=\"lazy\" decoding=\"async\" width=\"1024\" height=\"184\" src=\"https:\/\/ssps-backup.200.solutions\/wp-content\/uploads\/2024\/01\/Untitled-2-1024x184.png\" alt=\"\" class=\"wp-image-5948\" style=\"width:335px;height:auto\" srcset=\"https:\/\/ssps-backup.200.solutions\/wp-content\/uploads\/2024\/01\/Untitled-2-1024x184.png 1024w, https:\/\/ssps-backup.200.solutions\/wp-content\/uploads\/2024\/01\/Untitled-2-300x54.png 300w, https:\/\/ssps-backup.200.solutions\/wp-content\/uploads\/2024\/01\/Untitled-2-768x138.png 768w, https:\/\/ssps-backup.200.solutions\/wp-content\/uploads\/2024\/01\/Untitled-2-1536x276.png 1536w, https:\/\/ssps-backup.200.solutions\/wp-content\/uploads\/2024\/01\/Untitled-2.png 2000w\" sizes=\"(max-width: 1024px) 100vw, 1024px\" \/><\/figure>\n\n\n\n<figure class=\"wp-block-image size-full\"><img loading=\"lazy\" decoding=\"async\" width=\"569\" height=\"143\" src=\"https:\/\/ssps-backup.200.solutions\/wp-content\/uploads\/2024\/01\/2070_1081475115_vlajka-vlevo-text-vpravo-4.jpg\" alt=\"\" class=\"wp-image-5949\" srcset=\"https:\/\/ssps-backup.200.solutions\/wp-content\/uploads\/2024\/01\/2070_1081475115_vlajka-vlevo-text-vpravo-4.jpg 569w, https:\/\/ssps-backup.200.solutions\/wp-content\/uploads\/2024\/01\/2070_1081475115_vlajka-vlevo-text-vpravo-4-300x75.jpg 300w\" sizes=\"(max-width: 569px) 100vw, 569px\" \/><\/figure>\n\n<\/div><\/details><\/div>\n\n<div class=\"lightweight-accordion\"><details><summary class=\"lightweight-accordion-title\"><span> <strong>Evropsk\u00e9 programy pro ml\u00e1de\u017e<\/strong> \ud83c\uddea\ud83c\uddfa<\/span><\/summary><div class=\"lightweight-accordion-body\">\n\n<h3 class=\"wp-block-heading\">Evropsk\u00fd sbor solidarity<\/h3>\n\n\n\n<p>Program Evropsk\u00e9 unie podporuj\u00edc\u00ed <strong>lok\u00e1ln\u00ed a mezin\u00e1rodn\u00ed dobrovolnictv\u00ed<\/strong>. Mlad\u00ed lid\u00e9 ve v\u011bku <strong>18 a\u017e 30 let<\/strong> m\u016f\u017eou vyu\u017e\u00edt financov\u00e1n\u00ed ESS k v\u00fdpomoci na r\u016fzn\u00fdch projektech, jak mezin\u00e1rodn\u00edch, tak lok\u00e1ln\u00edch. Mobility jsou <strong>\u010dasto pln\u011b hrazen\u00e9<\/strong> a dobrovoln\u00edci z\u00edskaj\u00ed i kapesn\u00e9.<\/p>\n\n\n\n<ul class=\"wp-block-list\">\n<li><strong>Kdo<\/strong>: Kdokoliv ve v\u011bku 18 a\u017e 30 let<\/li>\n\n\n\n<li><strong>Cena<\/strong>: Zpravidla pln\u011b hrazen\u00e9 n\u00e1klady na ubytov\u00e1n\u00ed, dopravu, j\u00eddlo a p\u0159\u00edpadn\u011b i jazykovou pomoc.<\/li>\n\n\n\n<li><strong>Data p\u0159ihl\u00e1\u0161ek<\/strong>: Dle projektu<\/li>\n\n\n\n<li><strong>D\u00e9lka<\/strong>: U projekt\u016f od 2 do 12 m\u011bs\u00edc\u016f, samotn\u00e9 mobility m\u016f\u017eou b\u00fdt krat\u0161\u00ed<\/li>\n\n\n\n<li><strong>\u010casov\u00e9 nasazen\u00ed:<\/strong> Od 30 do 38 hodin t\u00fddn\u011b<\/li>\n<\/ul>\n\n\n\n<p>Dotazy pros\u00edm sm\u011b\u0159ujte na emailovou adresu <a href=\"mailto:martin.kolesnikov@ssps-backup.200.solutions\">martin.kolesnikov@ssps-backup.200.solutions<\/a><\/p>\n\n\n\n<p><strong>Odkazy:<\/strong><\/p>\n\n\n\n<p><a href=\"https:\/\/youth.europa.eu\/solidarity_cs\" rel=\"nofollow noopener\" target=\"_blank\">https:\/\/youth.europa.eu\/solidarity_cs<\/a><\/p>\n\n\n\n<p><a href=\"https:\/\/youth.europa.eu\/solidarity\/young-people\/volunteering_cs\" rel=\"nofollow noopener\" target=\"_blank\">https:\/\/youth.europa.eu\/solidarity\/young-people\/volunteering_cs<\/a><\/p>\n\n\n\n<p><a href=\"https:\/\/www.salto-youth.net\/rc\/solidarity\/\" rel=\"nofollow noopener\" target=\"_blank\">https:\/\/www.salto-youth.net\/rc\/solidarity\/<\/a><\/p>\n\n\n\n<figure class=\"wp-block-image size-large is-resized\"><img loading=\"lazy\" decoding=\"async\" width=\"1024\" height=\"338\" src=\"https:\/\/ssps-backup.200.solutions\/wp-content\/uploads\/2024\/01\/SolidarityCorps_with_tagline-for_non_EC-CS-1024x338.png\" alt=\"\" class=\"wp-image-5952\" style=\"width:815px;height:auto\" srcset=\"https:\/\/ssps-backup.200.solutions\/wp-content\/uploads\/2024\/01\/SolidarityCorps_with_tagline-for_non_EC-CS-1024x338.png 1024w, https:\/\/ssps-backup.200.solutions\/wp-content\/uploads\/2024\/01\/SolidarityCorps_with_tagline-for_non_EC-CS-300x99.png 300w, https:\/\/ssps-backup.200.solutions\/wp-content\/uploads\/2024\/01\/SolidarityCorps_with_tagline-for_non_EC-CS-768x254.png 768w, https:\/\/ssps-backup.200.solutions\/wp-content\/uploads\/2024\/01\/SolidarityCorps_with_tagline-for_non_EC-CS-1536x508.png 1536w, https:\/\/ssps-backup.200.solutions\/wp-content\/uploads\/2024\/01\/SolidarityCorps_with_tagline-for_non_EC-CS.png 2000w\" sizes=\"(max-width: 1024px) 100vw, 1024px\" \/><\/figure>\n\n\n\n<h3 class=\"wp-block-heading\">DiscoverEU<\/h3>\n\n\n\n<p>Jde o iniciativu Evropsk\u00e9 unie, kter\u00e1 se sna\u017e\u00ed zp\u0159\u00edstupnit cestov\u00e1n\u00ed mlad\u00fdm lidem. V r\u00e1mci sout\u011b\u017en\u00edch kol, kter\u00e9 se konaj\u00ed dvakr\u00e1t ro\u010dn\u011b, se m\u016f\u017eou osmn\u00e1ctilet\u00ed Evropan\u00e9 pokusit <strong>vyhr\u00e1t j\u00edzdenku Interrail<\/strong> a dal\u0161\u00ed slevy pro cestov\u00e1n\u00ed po EU.<\/p>\n\n\n\n<p>Sout\u011b\u017en\u00ed kola prob\u00edhaj\u00ed v\u017edy dva t\u00fddny na ja\u0159e a dva t\u00fddny na podzim. Podm\u00ednkou je dosa\u017een\u00ed v\u011bku <strong>maxim\u00e1ln\u011b a alespo\u0148 18 let<\/strong> v dob\u011b vyu\u017e\u00edv\u00e1n\u00ed j\u00edzdenky Interrail.<\/p>\n\n\n\n<ul class=\"wp-block-list\">\n<li><strong>Kdo<\/strong>: Kdokoliv ve v\u011bku 18 let<\/li>\n\n\n\n<li><strong>Cena<\/strong>: Hrazen\u00e1 j\u00edzdenka Interrail a ur\u010dit\u00e9 slevy pro cestov\u00e1n\u00ed po EU, v\u011bt\u0161ina n\u00e1klad\u016f jde za cestovatelem<\/li>\n\n\n\n<li><strong>Data p\u0159ihl\u00e1\u0161ek<\/strong>: Jaro 2024 (bude up\u0159esn\u011bno)<\/li>\n\n\n\n<li><strong>D\u00e9lka<\/strong>: Individu\u00e1ln\u00ed<\/li>\n<\/ul>\n\n\n\n<p>Dotazy pros\u00edm sm\u011b\u0159ujte na emailovou adresu <a href=\"https:\/\/www.notion.so\/Webov-str-nky-29240ced1ea04c52acac131b9e3ac72f?pvs=21\" rel=\"nofollow noopener\" target=\"_blank\">martin.kolesnikov@ssps-backup.200.solutions<\/a><\/p>\n\n\n\n<p><strong>Odkazy:<\/strong><\/p>\n\n\n\n<p><a href=\"https:\/\/youth.europa.eu\/discovereu_cs\" rel=\"nofollow noopener\" target=\"_blank\">https:\/\/youth.europa.eu\/discovereu_cs<\/a><\/p>\n\n\n\n<p><a href=\"https:\/\/youth.europa.eu\/discovereu\/factsheets_en\" rel=\"nofollow noopener\" target=\"_blank\">https:\/\/youth.europa.eu\/discovereu\/factsheets_en<\/a><\/p>\n\n\n\n<p><a href=\"https:\/\/www.interrail.eu\/en\" rel=\"nofollow noopener\" target=\"_blank\">https:\/\/www.interrail.eu\/en<\/a><\/p>\n\n\n\n<figure class=\"wp-block-image size-full is-resized\"><img loading=\"lazy\" decoding=\"async\" width=\"380\" height=\"334\" src=\"https:\/\/ssps-backup.200.solutions\/wp-content\/uploads\/2024\/01\/Discover_EU_E_Blue_pink-CS.png\" alt=\"\" class=\"wp-image-5953\" style=\"width:161px;height:auto\" srcset=\"https:\/\/ssps-backup.200.solutions\/wp-content\/uploads\/2024\/01\/Discover_EU_E_Blue_pink-CS.png 380w, https:\/\/ssps-backup.200.solutions\/wp-content\/uploads\/2024\/01\/Discover_EU_E_Blue_pink-CS-300x264.png 300w\" sizes=\"(max-width: 380px) 100vw, 380px\" \/><\/figure>\n\n<\/div><\/details><\/div>\n\n<div class=\"lightweight-accordion\"><details><summary class=\"lightweight-accordion-title\"><span><strong>Programy v USA<\/strong> \ud83c\uddfa\ud83c\uddf8<\/span><\/summary><div class=\"lightweight-accordion-body\">\n<div class=\"wp-block-image\">\n<figure class=\"alignright size-large is-resized\"><img loading=\"lazy\" decoding=\"async\" width=\"1024\" height=\"1024\" src=\"https:\/\/ssps-backup.200.solutions\/wp-content\/uploads\/2024\/01\/seal_of_the_united_states_department_of_state_optimized.svg-1024x1024.png\" alt=\"\" class=\"wp-image-5966\" style=\"width:185px;height:auto\" srcset=\"https:\/\/ssps-backup.200.solutions\/wp-content\/uploads\/2024\/01\/seal_of_the_united_states_department_of_state_optimized.svg-1024x1024.png 1024w, https:\/\/ssps-backup.200.solutions\/wp-content\/uploads\/2024\/01\/seal_of_the_united_states_department_of_state_optimized.svg-300x300.png 300w, https:\/\/ssps-backup.200.solutions\/wp-content\/uploads\/2024\/01\/seal_of_the_united_states_department_of_state_optimized.svg-150x150.png 150w, https:\/\/ssps-backup.200.solutions\/wp-content\/uploads\/2024\/01\/seal_of_the_united_states_department_of_state_optimized.svg-768x768.png 768w, https:\/\/ssps-backup.200.solutions\/wp-content\/uploads\/2024\/01\/seal_of_the_united_states_department_of_state_optimized.svg-1536x1536.png 1536w, https:\/\/ssps-backup.200.solutions\/wp-content\/uploads\/2024\/01\/seal_of_the_united_states_department_of_state_optimized.svg.png 2000w\" sizes=\"(max-width: 1024px) 100vw, 1024px\" \/><\/figure>\n<\/div>\n\n\n<p>Spojen\u00e9 st\u00e1ty nab\u00edzej\u00ed student\u016fm stipendia na r\u016fzn\u00e9 studijn\u00ed\/nau\u010dn\u00e9 programy, kter\u00e9 prob\u00edhaj\u00ed na \u00fazem\u00ed Ameriky.<\/p>\n\n\n\n<p>Na t\u00e9to str\u00e1nce lze naj\u00edt ofici\u00e1ln\u00ed pln\u011b hrazen\u00e9 programy a stru\u010dn\u00e9 informace k nim. Dotazy m\u016f\u017eete sm\u011b\u0159ovat na emailovou adresu <a href=\"https:\/\/www.notion.so\/Erasmus-0416874b4222461db992ba69bbb44f82?pvs=21\" rel=\"nofollow noopener\" target=\"_blank\">martin.kolesnikov@ssps-backup.200.solutions<\/a> nebo na velvyslanectv\u00ed Spojen\u00fdch st\u00e1t\u016f v \u010cesk\u00e9 republice.<\/p>\n\n\n\n<h4 class=\"wp-block-heading\">Benjamin Franklin Transatlantic Fellowship<\/h4>\n\n\n\n<p><strong>D\u00e9lka:<\/strong> 4 t\u00fddny<br><strong>Kdo<\/strong>: Studenti od 16 do 18 let<br><strong>T\u00e9ma<\/strong>: Spole\u010dn\u00e9 aktivity v oblasti transatlantick\u00fdch vztah\u016f, leadershipu, kritick\u00e9ho my\u0161len\u00ed, diplomacie, \u010dinnosti v komunit\u011b a m\u00e9di\u00ed<br><strong>P\u0159ihl\u00e1\u0161ky:<\/strong> B\u0159ezen<\/p>\n\n\n\n<h4 class=\"wp-block-heading\">Woman2Woman<\/h4>\n\n\n\n<p><strong>Kdo<\/strong>: D\u00edvky ve v\u011bku 15 a\u017e 19 let<br><strong>D\u00e9lka:<\/strong> 10 dn\u00ed<br><strong>T\u00e9ma<\/strong>: Zam\u011b\u0159en\u00fdch na v\u00fdvoj leadershipu a znalost\u00ed o rovn\u00fdch p\u0159\u00edle\u017eitost\u00ed, \u017eensk\u00fdch pr\u00e1v a podobn\u00fd v\u011bci<br><strong>P\u0159ihl\u00e1\u0161ky<\/strong>: Duben<br><strong>Kde<\/strong>: Univerzita um\u011bn\u00ed a designu v Bostonu v Massachusetts<\/p>\n\n\n\n<h4 class=\"wp-block-heading\">FLEX (Future Leaders Exchange Program)<\/h4>\n\n\n\n<p><strong>T\u00e9ma<\/strong>: Pln\u00fd \u0161koln\u00ed rok v USA<br><strong>Kdo<\/strong>: Prv\u00e1ci a druh\u00e1ci<\/p>\n\n\n\n<p><strong>P\u0159ihl\u00e1\u0161ky?<\/strong> Relevantn\u00ed a\u017e pro \u0161koln\u00ed rok 2025-2026, v\u017edy rok dop\u0159edu<\/p>\n\n\n\n<p><em>U programu FLEX je t\u0159eba podotknout nutnost uzn\u00e1n\u00ed \u0161koln\u00edho roku na st\u0159edn\u00ed \u0161kole v USA p\u0159\u00edslu\u0161nou organizac\u00ed v \u010cesk\u00e9 republice. V p\u0159\u00edpad\u011b neuzn\u00e1n\u00ed hroz\u00ed \u017e\u00e1kovi opakov\u00e1n\u00ed \u0161koln\u00edho roku v \u010cR.<\/em><\/p>\n\n<\/div><\/details><\/div>\n\n<div class=\"lightweight-accordion\"><details><summary class=\"lightweight-accordion-title\"><span> <strong>V\u00fdm\u011bnn\u00e9 pobyty<\/strong><\/span><\/summary><div class=\"lightweight-accordion-body\">\n\n<p>Bude dopln\u011bno v pr\u016fb\u011bhu jara 2024. Aktu\u00e1ln\u011b se chyst\u00e1 spolupr\u00e1ce se \u0161kolou <a href=\"https:\/\/www.fosbos-landshut.de\/\" rel=\"nofollow noopener\" target=\"_blank\">FOSBOS<\/a> v bavorsk\u00e9m m\u011bst\u011b Landshut.<\/p>\n\n<\/div><\/details><\/div>\n\n\n<h3 class=\"wp-block-heading\">S jak\u00fdmi \u0161kolami spolupracujeme?<\/h3>\n\n\n<div class=\"lightweight-accordion\"><details><summary class=\"lightweight-accordion-title\"><span><strong>P\u0159edchoz\u00ed projekty<\/strong><\/span><\/summary><div class=\"lightweight-accordion-body\">\n\n<ol class=\"wp-block-list\">\n<li>DigiS<\/li>\n\n\n\n<li>SELFMADE INSTRUMENTS STARTUP<\/li>\n\n\n\n<li>SPACE CAMP<\/li>\n\n\n\n<li>INNOVATIVE APPROACHES IN THE 21ST CENTURY<\/li>\n\n\n\n<li>DIGITAL MEDIA LITERACY FOR YOUTH EMPLOYMENT AND SOCIAL REALISATION<\/li>\n\n\n\n<li>PROMOTING E-VET INCLUSION IN DIGITAL ECONOMY &#8211; <strong>prodlou\u017een, kon\u010d\u00ed v dubnu 2024<\/strong><\/li>\n\n\n\n<li>WirelessUP!<\/li>\n\n\n\n<li>Just Calm Down and Enjoy Life!<\/li>\n<\/ol>\n\n<\/div><\/details><\/div>\n\n<div class=\"lightweight-accordion\"><details><summary class=\"lightweight-accordion-title\"><span><strong>Seznam partnersk\u00fdch \u0161kol<\/strong><\/span><\/summary><div class=\"lightweight-accordion-body\">\n\n<p><em>Bude v nejbli\u017e\u0161\u00ed dob\u011b dopln\u011bno.<\/em><\/p>\n\n<\/div><\/details><\/div>","protected":false},"excerpt":{"rendered":"<p>Na t\u011bchto str\u00e1nk\u00e1ch se m\u016f\u017eete dozv\u011bd\u011bt v\u00edce o tom, v jak\u00fdch mezin\u00e1rodn\u00edch projektech je Sm\u00edchovsk\u00e1&#8230; <a href=\"https:\/\/ssps-backup.200.solutions\/?page_id=1281\" class=\"readmore\">Zobrazit v\u00edce<\/a><\/p>\n","protected":false},"author":14,"featured_media":0,"parent":154,"menu_order":0,"comment_status":"closed","ping_status":"closed","template":"","meta":{"_acf_changed":false,"inline_featured_image":false,"footnotes":""},"class_list":["post-1281","page","type-page","status-publish","hentry"],"acf":[],"_links":{"self":[{"href":"https:\/\/ssps-backup.200.solutions\/index.php?rest_route=\/wp\/v2\/pages\/1281","targetHints":{"allow":["GET"]}}],"collection":[{"href":"https:\/\/ssps-backup.200.solutions\/index.php?rest_route=\/wp\/v2\/pages"}],"about":[{"href":"https:\/\/ssps-backup.200.solutions\/index.php?rest_route=\/wp\/v2\/types\/page"}],"author":[{"embeddable":true,"href":"https:\/\/ssps-backup.200.solutions\/index.php?rest_route=\/wp\/v2\/users\/14"}],"replies":[{"embeddable":true,"href":"https:\/\/ssps-backup.200.solutions\/index.php?rest_route=%2Fwp%2Fv2%2Fcomments&post=1281"}],"version-history":[{"count":34,"href":"https:\/\/ssps-backup.200.solutions\/index.php?rest_route=\/wp\/v2\/pages\/1281\/revisions"}],"predecessor-version":[{"id":6451,"href":"https:\/\/ssps-backup.200.solutions\/index.php?rest_route=\/wp\/v2\/pages\/1281\/revisions\/6451"}],"up":[{"embeddable":true,"href":"https:\/\/ssps-backup.200.solutions\/index.php?rest_route=\/wp\/v2\/pages\/154"}],"wp:attachment":[{"href":"https:\/\/ssps-backup.200.solutions\/index.php?rest_route=%2Fwp%2Fv2%2Fmedia&parent=1281"}],"curies":[{"name":"wp","href":"https:\/\/api.w.org\/{rel}","templated":true}]}}