{"id":1279,"date":"2020-12-26T23:32:43","date_gmt":"2020-12-26T22:32:43","guid":{"rendered":"https:\/\/ssps-backup.200.solutions\/?page_id=1279"},"modified":"2020-12-26T23:32:43","modified_gmt":"2020-12-26T22:32:43","slug":"elixir-do-skol","status":"publish","type":"page","link":"https:\/\/ssps-backup.200.solutions\/?page_id=1279","title":{"rendered":"Elix\u00edr do \u0161kol"},"content":{"rendered":"\n<p>Na Sm\u00edchovsk\u00e9 SP\u0160 a gymn\u00e1ziu jsou hned dv\u011b Centra Elix\u00edru do \u0161kol, t\u00edm prvn\u00edm je Fyzik\u00e1ln\u00ed centrum, kter\u00e9 vede u\u010ditelka Sm\u00edchovsk\u00e9 SP\u0160 a gymn\u00e1zia <a href=\"https:\/\/ssps-backup.200.solutions\/ucitel\/vera-krajcova\/\">V\u011bra Kraj\u010dov\u00e1<\/a>, t\u00edm druh\u00fdm je Digi centrum, kter\u00e9 vede u\u010ditelka Sm\u00edchovsk\u00e9 SP\u0160 a gymn\u00e1zia <a href=\"https:\/\/ssps-backup.200.solutions\/ucitel\/martina-rejhova\/\">Martina \u0158ejhov\u00e1<\/a> a u\u010ditel Sm\u00edchovsk\u00e9 SP\u0160 a gymn\u00e1zia <a href=\"https:\/\/ssps-backup.200.solutions\/ucitel\/lukas-vrba\/\">Luk\u00e1\u0161 Vrba<\/a>. C\u00edlem je s\u00ed\u0165ovat pedagogy st\u0159edn\u00edch a z\u00e1kladn\u00edch \u0161kol, umo\u017e\u0148ovat jim sd\u00edlet p\u0159\u00edklady dobr\u00e9 praxe a diskutovat nad jejich aplikac\u00ed do jejich v\u00fduky. Digi centrum bude nov\u011b od ledna 2021 se zam\u011b\u0159en\u00edm na STEM. Setk\u00e1n\u00ed center se kon\u00e1 jednou m\u011bs\u00ed\u010dn\u011b a je vedeno jako dal\u0161\u00ed vzd\u011bl\u00e1v\u00e1n\u00ed pedagogick\u00fdch pracovn\u00edk\u016f.<\/p>\n\n\n\n<p><strong>Mo\u017enost zapojen\u00ed student\u016f:<\/strong> mohou spolupracovat s&nbsp;organiz\u00e1tory setk\u00e1n\u00ed pedagog\u016f na p\u0159\u00edprav\u011b konkr\u00e9tn\u00edch p\u0159edn\u00e1\u0161ek a workshop\u016f. &nbsp;<\/p>\n\n\n\n<p>V\u00edce informac\u00ed se m\u016f\u017eete dozv\u011bd\u011bt na <a href=\"https:\/\/www.elixirdoskol.cz\/\" rel=\"nofollow noopener\" target=\"_blank\">webov\u00fdch str\u00e1nk\u00e1ch<\/a> projektu.<\/p>\n","protected":false},"excerpt":{"rendered":"<p>Na Sm\u00edchovsk\u00e9 SP\u0160 a gymn\u00e1ziu jsou hned dv\u011b Centra Elix\u00edru do \u0161kol, t\u00edm prvn\u00edm je&#8230; <a href=\"https:\/\/ssps-backup.200.solutions\/?page_id=1279\" class=\"readmore\">Zobrazit v\u00edce<\/a><\/p>\n","protected":false},"author":14,"featured_media":0,"parent":154,"menu_order":0,"comment_status":"closed","ping_status":"closed","template":"","meta":{"_acf_changed":false,"inline_featured_image":false,"footnotes":""},"class_list":["post-1279","page","type-page","status-publish","hentry"],"acf":[],"_links":{"self":[{"href":"https:\/\/ssps-backup.200.solutions\/index.php?rest_route=\/wp\/v2\/pages\/1279","targetHints":{"allow":["GET"]}}],"collection":[{"href":"https:\/\/ssps-backup.200.solutions\/index.php?rest_route=\/wp\/v2\/pages"}],"about":[{"href":"https:\/\/ssps-backup.200.solutions\/index.php?rest_route=\/wp\/v2\/types\/page"}],"author":[{"embeddable":true,"href":"https:\/\/ssps-backup.200.solutions\/index.php?rest_route=\/wp\/v2\/users\/14"}],"replies":[{"embeddable":true,"href":"https:\/\/ssps-backup.200.solutions\/index.php?rest_route=%2Fwp%2Fv2%2Fcomments&post=1279"}],"version-history":[{"count":1,"href":"https:\/\/ssps-backup.200.solutions\/index.php?rest_route=\/wp\/v2\/pages\/1279\/revisions"}],"predecessor-version":[{"id":1280,"href":"https:\/\/ssps-backup.200.solutions\/index.php?rest_route=\/wp\/v2\/pages\/1279\/revisions\/1280"}],"up":[{"embeddable":true,"href":"https:\/\/ssps-backup.200.solutions\/index.php?rest_route=\/wp\/v2\/pages\/154"}],"wp:attachment":[{"href":"https:\/\/ssps-backup.200.solutions\/index.php?rest_route=%2Fwp%2Fv2%2Fmedia&parent=1279"}],"curies":[{"name":"wp","href":"https:\/\/api.w.org\/{rel}","templated":true}]}}