{"id":1277,"date":"2020-12-26T23:29:26","date_gmt":"2020-12-26T22:29:26","guid":{"rendered":"https:\/\/ssps-backup.200.solutions\/?page_id=1277"},"modified":"2021-09-02T23:59:36","modified_gmt":"2021-09-02T21:59:36","slug":"klub-mladeho-divaka","status":"publish","type":"page","link":"https:\/\/ssps-backup.200.solutions\/?page_id=1277","title":{"rendered":"Klub mlad\u00e9ho div\u00e1ka"},"content":{"rendered":"\n<p>Vyu\u010duj\u00edc\u00ed \u010desk\u00e9ho jazyka <a href=\"https:\/\/ssps-backup.200.solutions\/ucitel\/ivona-liptakova\/\">Ivona Lipt\u00e1kov\u00e1<\/a> ji\u017e mnoho let organizuje pro studenty Sm\u00edchovsk\u00e9 SP\u0160 a gymn\u00e1zia n\u00e1v\u0161t\u011bvy pra\u017esk\u00fdch divadel.<\/p>\n\n\n\n<p><strong>Mo\u017enost zapojen\u00ed student\u016f:<\/strong> mohou se st\u00e1t \u010dleny klubu a nav\u0161t\u011bvovat divadeln\u00ed p\u0159edstaven\u00ed. &nbsp;<\/p>\n","protected":false},"excerpt":{"rendered":"<p>Vyu\u010duj\u00edc\u00ed \u010desk\u00e9ho jazyka Ivona Lipt\u00e1kov\u00e1 ji\u017e mnoho let organizuje pro studenty Sm\u00edchovsk\u00e9 SP\u0160 a gymn\u00e1zia&#8230; <a href=\"https:\/\/ssps-backup.200.solutions\/?page_id=1277\" class=\"readmore\">Zobrazit v\u00edce<\/a><\/p>\n","protected":false},"author":14,"featured_media":0,"parent":154,"menu_order":0,"comment_status":"closed","ping_status":"closed","template":"","meta":{"_acf_changed":false,"inline_featured_image":false,"footnotes":""},"class_list":["post-1277","page","type-page","status-publish","hentry"],"acf":[],"_links":{"self":[{"href":"https:\/\/ssps-backup.200.solutions\/index.php?rest_route=\/wp\/v2\/pages\/1277","targetHints":{"allow":["GET"]}}],"collection":[{"href":"https:\/\/ssps-backup.200.solutions\/index.php?rest_route=\/wp\/v2\/pages"}],"about":[{"href":"https:\/\/ssps-backup.200.solutions\/index.php?rest_route=\/wp\/v2\/types\/page"}],"author":[{"embeddable":true,"href":"https:\/\/ssps-backup.200.solutions\/index.php?rest_route=\/wp\/v2\/users\/14"}],"replies":[{"embeddable":true,"href":"https:\/\/ssps-backup.200.solutions\/index.php?rest_route=%2Fwp%2Fv2%2Fcomments&post=1277"}],"version-history":[{"count":2,"href":"https:\/\/ssps-backup.200.solutions\/index.php?rest_route=\/wp\/v2\/pages\/1277\/revisions"}],"predecessor-version":[{"id":2378,"href":"https:\/\/ssps-backup.200.solutions\/index.php?rest_route=\/wp\/v2\/pages\/1277\/revisions\/2378"}],"up":[{"embeddable":true,"href":"https:\/\/ssps-backup.200.solutions\/index.php?rest_route=\/wp\/v2\/pages\/154"}],"wp:attachment":[{"href":"https:\/\/ssps-backup.200.solutions\/index.php?rest_route=%2Fwp%2Fv2%2Fmedia&parent=1277"}],"curies":[{"name":"wp","href":"https:\/\/api.w.org\/{rel}","templated":true}]}}