{"id":1274,"date":"2020-12-26T23:26:52","date_gmt":"2020-12-26T22:26:52","guid":{"rendered":"https:\/\/ssps-backup.200.solutions\/?page_id=1274"},"modified":"2021-09-02T23:59:01","modified_gmt":"2021-09-02T21:59:01","slug":"polytechnicke-hnizdo","status":"publish","type":"page","link":"https:\/\/ssps-backup.200.solutions\/?page_id=1274","title":{"rendered":"Polytechnick\u00e9 hn\u00edzdo"},"content":{"rendered":"\n<p>Ve spolupr\u00e1ci se z\u0159izovatelem a s\u00a0Hospod\u00e1\u0159skou komorou \u010cR vzniklo na Sm\u00edchovsk\u00e9 SP\u0160 a gymn\u00e1ziu Polytechnick\u00e9 hn\u00edzdo, kter\u00e9 m\u00e1 svou mechanickou a robotickou u\u010debnu. Ty mohou vyu\u017e\u00edvat nejen studenti Sm\u00edchovsk\u00e9 SP\u0160 a gymn\u00e1zia, ale i \u017e\u00e1ci okoln\u00edch z\u00e1kladn\u00edch \u0161kol, pro kter\u00e9 je zde organizov\u00e1na v\u00fduka.<\/p>\n\n\n\n<div class=\"wp-block-image\"><figure class=\"aligncenter size-full\"><img fetchpriority=\"high\" decoding=\"async\" width=\"996\" height=\"555\" src=\"https:\/\/ssps-backup.200.solutions\/wp-content\/uploads\/2021\/09\/robotika.jpg\" alt=\"\" class=\"wp-image-2376\" srcset=\"https:\/\/ssps-backup.200.solutions\/wp-content\/uploads\/2021\/09\/robotika.jpg 996w, https:\/\/ssps-backup.200.solutions\/wp-content\/uploads\/2021\/09\/robotika-300x167.jpg 300w, https:\/\/ssps-backup.200.solutions\/wp-content\/uploads\/2021\/09\/robotika-768x428.jpg 768w\" sizes=\"(max-width: 996px) 100vw, 996px\" \/><figcaption>U\u010debna robotiky<\/figcaption><\/figure><\/div>\n\n\n\n<p>Vedouc\u00edm Polytechnick\u00e9ho hn\u00edzda je absolvent a u\u010ditel Sm\u00edchovsk\u00e9 SP\u0160 a gymn\u00e1zia <a href=\"https:\/\/ssps-backup.200.solutions\/ucitel\/adam-pribyl\/\">Adam P\u0159ibyl<\/a>.<\/p>\n\n\n\n<p><strong>Mo\u017enost zapojen\u00ed student\u016f:<\/strong> studenti se mohou zapojit do p\u0159\u00edpravy v\u00fduky a jako absolventi tuto v\u00fduku i v\u00e9st.<\/p>\n","protected":false},"excerpt":{"rendered":"<p>Ve spolupr\u00e1ci se z\u0159izovatelem a s\u00a0Hospod\u00e1\u0159skou komorou \u010cR vzniklo na Sm\u00edchovsk\u00e9 SP\u0160 a gymn\u00e1ziu Polytechnick\u00e9&#8230; <a href=\"https:\/\/ssps-backup.200.solutions\/?page_id=1274\" class=\"readmore\">Zobrazit v\u00edce<\/a><\/p>\n","protected":false},"author":14,"featured_media":0,"parent":154,"menu_order":0,"comment_status":"closed","ping_status":"closed","template":"","meta":{"_acf_changed":false,"inline_featured_image":false,"footnotes":""},"class_list":["post-1274","page","type-page","status-publish","hentry"],"acf":[],"_links":{"self":[{"href":"https:\/\/ssps-backup.200.solutions\/index.php?rest_route=\/wp\/v2\/pages\/1274","targetHints":{"allow":["GET"]}}],"collection":[{"href":"https:\/\/ssps-backup.200.solutions\/index.php?rest_route=\/wp\/v2\/pages"}],"about":[{"href":"https:\/\/ssps-backup.200.solutions\/index.php?rest_route=\/wp\/v2\/types\/page"}],"author":[{"embeddable":true,"href":"https:\/\/ssps-backup.200.solutions\/index.php?rest_route=\/wp\/v2\/users\/14"}],"replies":[{"embeddable":true,"href":"https:\/\/ssps-backup.200.solutions\/index.php?rest_route=%2Fwp%2Fv2%2Fcomments&post=1274"}],"version-history":[{"count":3,"href":"https:\/\/ssps-backup.200.solutions\/index.php?rest_route=\/wp\/v2\/pages\/1274\/revisions"}],"predecessor-version":[{"id":2377,"href":"https:\/\/ssps-backup.200.solutions\/index.php?rest_route=\/wp\/v2\/pages\/1274\/revisions\/2377"}],"up":[{"embeddable":true,"href":"https:\/\/ssps-backup.200.solutions\/index.php?rest_route=\/wp\/v2\/pages\/154"}],"wp:attachment":[{"href":"https:\/\/ssps-backup.200.solutions\/index.php?rest_route=%2Fwp%2Fv2%2Fmedia&parent=1274"}],"curies":[{"name":"wp","href":"https:\/\/api.w.org\/{rel}","templated":true}]}}