{"id":1270,"date":"2020-12-26T23:20:23","date_gmt":"2020-12-26T22:20:23","guid":{"rendered":"https:\/\/ssps-backup.200.solutions\/?page_id=1270"},"modified":"2020-12-26T23:20:23","modified_gmt":"2020-12-26T22:20:23","slug":"ssps-itec","status":"publish","type":"page","link":"https:\/\/ssps-backup.200.solutions\/?page_id=1270","title":{"rendered":"SSP\u0160 ITEC"},"content":{"rendered":"\n<p>Na Sm\u00edchovsk\u00e9 SP\u0160 a gymn\u00e1ziu prob\u00edhaj\u00ed vzd\u011bl\u00e1vac\u00ed kurzy a prohl\u00eddky pro u\u010ditele a studenty z cel\u00e9 Evropy, kter\u00e9 zaji\u0161\u0165uje pracovn\u00ed skupina SSPS ITEC ve spolupr\u00e1ci s firmou\u00a0ITC International a dal\u0161\u00edmi partnery. Tyto kurzy se t\u00fdkaj\u00ed oblasti STEM a informa\u010dn\u00edch technologi\u00ed.<\/p>\n\n\n\n<p>Lektory jsou p\u0159ev\u00e1\u017en\u011b absolventi a studenti Sm\u00edchovsk\u00e9 SP\u0160 a gymn\u00e1zia, a to v\u00a0oblastech jako je robotika, virtu\u00e1ln\u00ed a roz\u0161\u00ed\u0159en\u00e1 realita, Internet v\u011bc\u00ed, 3D tisk, kybernetick\u00e1 bezpe\u010dnost atd. Koordin\u00e1torem je absolvent Sm\u00edchovsk\u00e9 SP\u0160 a gymn\u00e1zia Jakub Jarol\u00edmek.<\/p>\n\n\n\n<p><strong>Mo\u017enost zapojen\u00ed student\u016f:<\/strong> studenti se mohou st\u00e1t p\u0159edn\u00e1\u0161ej\u00edc\u00edmi \u010di se zapojit do organizace st\u00e1\u017e\u00ed. &nbsp;<\/p>\n","protected":false},"excerpt":{"rendered":"<p>Na Sm\u00edchovsk\u00e9 SP\u0160 a gymn\u00e1ziu prob\u00edhaj\u00ed vzd\u011bl\u00e1vac\u00ed kurzy a prohl\u00eddky pro u\u010ditele a studenty z&#8230; <a href=\"https:\/\/ssps-backup.200.solutions\/?page_id=1270\" class=\"readmore\">Zobrazit v\u00edce<\/a><\/p>\n","protected":false},"author":14,"featured_media":0,"parent":154,"menu_order":0,"comment_status":"closed","ping_status":"closed","template":"","meta":{"_acf_changed":false,"inline_featured_image":false,"footnotes":""},"class_list":["post-1270","page","type-page","status-publish","hentry"],"acf":[],"_links":{"self":[{"href":"https:\/\/ssps-backup.200.solutions\/index.php?rest_route=\/wp\/v2\/pages\/1270","targetHints":{"allow":["GET"]}}],"collection":[{"href":"https:\/\/ssps-backup.200.solutions\/index.php?rest_route=\/wp\/v2\/pages"}],"about":[{"href":"https:\/\/ssps-backup.200.solutions\/index.php?rest_route=\/wp\/v2\/types\/page"}],"author":[{"embeddable":true,"href":"https:\/\/ssps-backup.200.solutions\/index.php?rest_route=\/wp\/v2\/users\/14"}],"replies":[{"embeddable":true,"href":"https:\/\/ssps-backup.200.solutions\/index.php?rest_route=%2Fwp%2Fv2%2Fcomments&post=1270"}],"version-history":[{"count":1,"href":"https:\/\/ssps-backup.200.solutions\/index.php?rest_route=\/wp\/v2\/pages\/1270\/revisions"}],"predecessor-version":[{"id":1271,"href":"https:\/\/ssps-backup.200.solutions\/index.php?rest_route=\/wp\/v2\/pages\/1270\/revisions\/1271"}],"up":[{"embeddable":true,"href":"https:\/\/ssps-backup.200.solutions\/index.php?rest_route=\/wp\/v2\/pages\/154"}],"wp:attachment":[{"href":"https:\/\/ssps-backup.200.solutions\/index.php?rest_route=%2Fwp%2Fv2%2Fmedia&parent=1270"}],"curies":[{"name":"wp","href":"https:\/\/api.w.org\/{rel}","templated":true}]}}