{"id":1267,"date":"2024-12-26T23:15:33","date_gmt":"2024-12-26T22:15:33","guid":{"rendered":"https:\/\/ssps-backup.200.solutions\/?page_id=1267"},"modified":"2024-12-27T19:14:49","modified_gmt":"2024-12-27T18:14:49","slug":"profesni-sit","status":"publish","type":"page","link":"https:\/\/ssps-backup.200.solutions\/?page_id=1267","title":{"rendered":"Profesn\u00ed s\u00ed\u0165"},"content":{"rendered":"\n<p>Studenti Sm\u00edchovsk\u00e9 st\u0159edn\u00ed pr\u016fmyslov\u00e9 \u0161koly a gymn\u00e1zia naprogramovali intern\u00ed \u0161koln\u00ed profesn\u00ed s\u00ed\u0165. Tato platforma umo\u017e\u0148uje student\u016fm formovat t\u00fdmy, spolupracovat na zaj\u00edmav\u00fdch n\u00e1padech a efektivn\u011b \u0159\u00eddit sv\u00e9 projekty. V r\u00e1mci p\u0159edm\u011bt\u016f <strong>prezenta\u010dn\u00ed dovednosti<\/strong> a <strong>v\u00fdchova k podnik\u00e1n\u00ed<\/strong> si studenti vytvo\u0159\u00ed a budou pr\u016fb\u011b\u017en\u011b aktualizovat sv\u016fj u\u017eivatelsk\u00fd profil. Prost\u0159ednictv\u00edm platformy mohou snadno hledat spolupracovn\u00edky, p\u0159ipojovat se k dal\u0161\u00edm projekt\u016fm nebo komunikovat skrze integrovan\u00fd chat.<\/p>\n\n\n\n<p>Pokud budou m\u00edt studenti z\u00e1jem, mohou si sv\u016fj profil pozd\u011bji p\u0159en\u00e9st na ve\u0159ejnou profesn\u00ed s\u00ed\u0165.<\/p>\n\n\n\n<p>Koordin\u00e1torem tohoto projektu je za Sm\u00edchovskou st\u0159edn\u00ed pr\u016fmyslovou \u0161kolu pan <strong>Bruno Bart\u016fn\u011bk<\/strong>.<\/p>\n\n\n\n<p>Do profesn\u00ed s\u00edt\u011b se m\u016f\u017eete p\u0159ihl\u00e1sit na n\u00e1sleduj\u00edc\u00edm <a href=\"https:\/\/ssps.zapojse.com\" rel=\"nofollow noopener\" target=\"_blank\">odkazu<\/a>.<\/p>\n\n\n\n<h2 class=\"wp-block-heading\"><strong>Zapojen\u00ed student\u016f:<\/strong><\/h2>\n\n\n\n<ul class=\"wp-block-list\">\n<li><strong>\u0160koln\u00ed rok 2024\/2025<\/strong>: Povinn\u00e9 zapojen\u00ed pro v\u0161echny studenty prvn\u00edch a\u017e t\u0159et\u00edch ro\u010dn\u00edk\u016f.<\/li>\n\n\n\n<li><strong>\u0160koln\u00ed rok 2025\/2026 a d\u00e1le<\/strong>: Platforma bude povinn\u00e1 pro v\u0161echny studenty nap\u0159\u00ed\u010d obory.<\/li>\n<\/ul>\n","protected":false},"excerpt":{"rendered":"<p>Studenti Sm\u00edchovsk\u00e9 st\u0159edn\u00ed pr\u016fmyslov\u00e9 \u0161koly a gymn\u00e1zia naprogramovali intern\u00ed \u0161koln\u00ed profesn\u00ed s\u00ed\u0165. Tato platforma umo\u017e\u0148uje&#8230; <a href=\"https:\/\/ssps-backup.200.solutions\/?page_id=1267\" class=\"readmore\">Zobrazit v\u00edce<\/a><\/p>\n","protected":false},"author":24,"featured_media":0,"parent":154,"menu_order":0,"comment_status":"closed","ping_status":"closed","template":"","meta":{"_acf_changed":false,"inline_featured_image":false,"footnotes":""},"class_list":["post-1267","page","type-page","status-publish","hentry"],"acf":[],"_links":{"self":[{"href":"https:\/\/ssps-backup.200.solutions\/index.php?rest_route=\/wp\/v2\/pages\/1267","targetHints":{"allow":["GET"]}}],"collection":[{"href":"https:\/\/ssps-backup.200.solutions\/index.php?rest_route=\/wp\/v2\/pages"}],"about":[{"href":"https:\/\/ssps-backup.200.solutions\/index.php?rest_route=\/wp\/v2\/types\/page"}],"author":[{"embeddable":true,"href":"https:\/\/ssps-backup.200.solutions\/index.php?rest_route=\/wp\/v2\/users\/24"}],"replies":[{"embeddable":true,"href":"https:\/\/ssps-backup.200.solutions\/index.php?rest_route=%2Fwp%2Fv2%2Fcomments&post=1267"}],"version-history":[{"count":4,"href":"https:\/\/ssps-backup.200.solutions\/index.php?rest_route=\/wp\/v2\/pages\/1267\/revisions"}],"predecessor-version":[{"id":6691,"href":"https:\/\/ssps-backup.200.solutions\/index.php?rest_route=\/wp\/v2\/pages\/1267\/revisions\/6691"}],"up":[{"embeddable":true,"href":"https:\/\/ssps-backup.200.solutions\/index.php?rest_route=\/wp\/v2\/pages\/154"}],"wp:attachment":[{"href":"https:\/\/ssps-backup.200.solutions\/index.php?rest_route=%2Fwp%2Fv2%2Fmedia&parent=1267"}],"curies":[{"name":"wp","href":"https:\/\/api.w.org\/{rel}","templated":true}]}}