{"id":1254,"date":"2020-12-26T22:47:34","date_gmt":"2020-12-26T21:47:34","guid":{"rendered":"https:\/\/ssps-backup.200.solutions\/?page_id=1254"},"modified":"2020-12-26T22:47:34","modified_gmt":"2020-12-26T21:47:34","slug":"vertical-production","status":"publish","type":"page","link":"https:\/\/ssps-backup.200.solutions\/?page_id=1254","title":{"rendered":"Vertical Production"},"content":{"rendered":"\n<p>Skupina Vertical Production se v\u011bnuje p\u0159edev\u0161\u00edm tvorb\u011b vide\u00ed. Fungov\u00e1n\u00ed Vertical Production je \u00fazce propojeno s\u00a0<a href=\"https:\/\/ssps-backup.200.solutions\/projekty\/medialni-dum-preslova\/\">Medi\u00e1ln\u00edm domem Preslova<\/a>. <\/p>\n\n\n\n<p>Zakladateli a majiteli jsou t\u0159i studenti \u010dtvrt\u00e9ho ro\u010dn\u00edku st\u0159edn\u00ed \u0161koly Daniel Fric (Sm\u00edchovsk\u00e1 SP\u0160 a gymn\u00e1zium), Mikul\u00e1\u0161 Pil\u00e1t a Ond\u0159ej P\u00f3\u010d (oba SP\u0160ST Pansk\u00e1).<\/p>\n\n\n\n<p>V\u00edce informac\u00ed tak\u00e9 na <a href=\"https:\/\/verticalproduction.cz\/\" rel=\"nofollow noopener\" target=\"_blank\">webov\u00fdch str\u00e1nk\u00e1ch<\/a> Vertical Production.<\/p>\n\n\n\n<div class=\"wp-block-image\"><figure class=\"aligncenter size-large is-resized\"><img decoding=\"async\" src=\"https:\/\/ssps-backup.200.solutions\/wp-content\/uploads\/2020\/12\/Icon.png\" alt=\"\" class=\"wp-image-1255\" width=\"54\" height=\"115\" srcset=\"https:\/\/ssps-backup.200.solutions\/wp-content\/uploads\/2020\/12\/Icon.png 461w, https:\/\/ssps-backup.200.solutions\/wp-content\/uploads\/2020\/12\/Icon-141x300.png 141w\" sizes=\"(max-width: 54px) 100vw, 54px\" \/><\/figure><\/div>\n\n\n\n<p><\/p>\n","protected":false},"excerpt":{"rendered":"<p>Skupina Vertical Production se v\u011bnuje p\u0159edev\u0161\u00edm tvorb\u011b vide\u00ed. Fungov\u00e1n\u00ed Vertical Production je \u00fazce propojeno s\u00a0Medi\u00e1ln\u00edm&#8230; <a href=\"https:\/\/ssps-backup.200.solutions\/?page_id=1254\" class=\"readmore\">Zobrazit v\u00edce<\/a><\/p>\n","protected":false},"author":14,"featured_media":0,"parent":1236,"menu_order":5,"comment_status":"closed","ping_status":"closed","template":"","meta":{"_acf_changed":false,"inline_featured_image":false,"footnotes":""},"class_list":["post-1254","page","type-page","status-publish","hentry"],"acf":[],"_links":{"self":[{"href":"https:\/\/ssps-backup.200.solutions\/index.php?rest_route=\/wp\/v2\/pages\/1254","targetHints":{"allow":["GET"]}}],"collection":[{"href":"https:\/\/ssps-backup.200.solutions\/index.php?rest_route=\/wp\/v2\/pages"}],"about":[{"href":"https:\/\/ssps-backup.200.solutions\/index.php?rest_route=\/wp\/v2\/types\/page"}],"author":[{"embeddable":true,"href":"https:\/\/ssps-backup.200.solutions\/index.php?rest_route=\/wp\/v2\/users\/14"}],"replies":[{"embeddable":true,"href":"https:\/\/ssps-backup.200.solutions\/index.php?rest_route=%2Fwp%2Fv2%2Fcomments&post=1254"}],"version-history":[{"count":1,"href":"https:\/\/ssps-backup.200.solutions\/index.php?rest_route=\/wp\/v2\/pages\/1254\/revisions"}],"predecessor-version":[{"id":1256,"href":"https:\/\/ssps-backup.200.solutions\/index.php?rest_route=\/wp\/v2\/pages\/1254\/revisions\/1256"}],"up":[{"embeddable":true,"href":"https:\/\/ssps-backup.200.solutions\/index.php?rest_route=\/wp\/v2\/pages\/1236"}],"wp:attachment":[{"href":"https:\/\/ssps-backup.200.solutions\/index.php?rest_route=%2Fwp%2Fv2%2Fmedia&parent=1254"}],"curies":[{"name":"wp","href":"https:\/\/api.w.org\/{rel}","templated":true}]}}