{"id":1250,"date":"2020-12-26T22:42:20","date_gmt":"2020-12-26T21:42:20","guid":{"rendered":"https:\/\/ssps-backup.200.solutions\/?page_id=1250"},"modified":"2020-12-26T22:42:20","modified_gmt":"2020-12-26T21:42:20","slug":"studio-301","status":"publish","type":"page","link":"https:\/\/ssps-backup.200.solutions\/?page_id=1250","title":{"rendered":"Studio 301"},"content":{"rendered":"\n<p>Spole\u010dnost Studio 301 s.r.o. vznikla za \u00fa\u010delem vytv\u00e1\u0159en\u00ed \u0161pi\u010dkov\u00fdch aplikac\u00ed, tvorby po\u010d\u00edta\u010dov\u00fdch her, tvorby prohl\u00eddek ve virtu\u00e1ln\u00ed realit\u011b, vizualizaci. Zakladatel\u00e9 a majitel\u00e9 jsou t\u0159i b\u00fdval\u00ed studenti Sm\u00edchovsk\u00e9 SP\u0160 <a href=\"https:\/\/ssps-backup.200.solutions\/ucitel\/igor-zhmaylo\/\">Igor \u017dmajlo<\/a>, <a href=\"https:\/\/ssps-backup.200.solutions\/ucitel\/michal-jares\/\">Michal Jare\u0161<\/a> a Kry\u0161tof Toman.<\/p>\n\n\n\n<p>V\u00edce informac\u00ed je k dispozici tak\u00e9 na <a href=\"https:\/\/www.studio301.cz\/\" rel=\"nofollow noopener\" target=\"_blank\">webov\u00fdch str\u00e1nk\u00e1ch<\/a> spole\u010dnosti.<\/p>\n\n\n\n<div class=\"wp-block-image\"><figure class=\"aligncenter size-large\"><img decoding=\"async\" width=\"111\" height=\"85\" src=\"https:\/\/ssps-backup.200.solutions\/wp-content\/uploads\/2020\/12\/unnamed.png\" alt=\"\" class=\"wp-image-1252\"\/><\/figure><\/div>\n","protected":false},"excerpt":{"rendered":"<p>Spole\u010dnost Studio 301 s.r.o. vznikla za \u00fa\u010delem vytv\u00e1\u0159en\u00ed \u0161pi\u010dkov\u00fdch aplikac\u00ed, tvorby po\u010d\u00edta\u010dov\u00fdch her, tvorby prohl\u00eddek&#8230; <a href=\"https:\/\/ssps-backup.200.solutions\/?page_id=1250\" class=\"readmore\">Zobrazit v\u00edce<\/a><\/p>\n","protected":false},"author":14,"featured_media":0,"parent":1236,"menu_order":4,"comment_status":"closed","ping_status":"closed","template":"","meta":{"_acf_changed":false,"inline_featured_image":false,"footnotes":""},"class_list":["post-1250","page","type-page","status-publish","hentry"],"acf":[],"_links":{"self":[{"href":"https:\/\/ssps-backup.200.solutions\/index.php?rest_route=\/wp\/v2\/pages\/1250","targetHints":{"allow":["GET"]}}],"collection":[{"href":"https:\/\/ssps-backup.200.solutions\/index.php?rest_route=\/wp\/v2\/pages"}],"about":[{"href":"https:\/\/ssps-backup.200.solutions\/index.php?rest_route=\/wp\/v2\/types\/page"}],"author":[{"embeddable":true,"href":"https:\/\/ssps-backup.200.solutions\/index.php?rest_route=\/wp\/v2\/users\/14"}],"replies":[{"embeddable":true,"href":"https:\/\/ssps-backup.200.solutions\/index.php?rest_route=%2Fwp%2Fv2%2Fcomments&post=1250"}],"version-history":[{"count":1,"href":"https:\/\/ssps-backup.200.solutions\/index.php?rest_route=\/wp\/v2\/pages\/1250\/revisions"}],"predecessor-version":[{"id":1253,"href":"https:\/\/ssps-backup.200.solutions\/index.php?rest_route=\/wp\/v2\/pages\/1250\/revisions\/1253"}],"up":[{"embeddable":true,"href":"https:\/\/ssps-backup.200.solutions\/index.php?rest_route=\/wp\/v2\/pages\/1236"}],"wp:attachment":[{"href":"https:\/\/ssps-backup.200.solutions\/index.php?rest_route=%2Fwp%2Fv2%2Fmedia&parent=1250"}],"curies":[{"name":"wp","href":"https:\/\/api.w.org\/{rel}","templated":true}]}}