{"id":1238,"date":"2020-12-26T22:23:16","date_gmt":"2020-12-26T21:23:16","guid":{"rendered":"https:\/\/ssps-backup.200.solutions\/?page_id=1238"},"modified":"2020-12-26T22:48:04","modified_gmt":"2020-12-26T21:48:04","slug":"200solutions","status":"publish","type":"page","link":"https:\/\/ssps-backup.200.solutions\/?page_id=1238","title":{"rendered":"200solutions"},"content":{"rendered":"\n<p>Spole\u010dnost 200solutions, s.r.o. se zab\u00fdv\u00e1 se p\u0159edev\u0161\u00edm tvorbou webov\u00fdch aplikac\u00ed. Je propojeno s&nbsp;Medi\u00e1ln\u00edm domem Preslova. Jeho zakladatelem a majitelem je <a href=\"https:\/\/ssps-backup.200.solutions\/ucitel\/marek-kejda\/\" data-type=\"URL\" data-id=\"https:\/\/ssps-backup.200.solutions\/ucitel\/marek-kejda\/\">Marek Kejda<\/a>, absolvent a u\u010ditel Sm\u00edchovsk\u00e9 SP\u0160 a gymn\u00e1zia.<\/p>\n\n\n\n<p>V\u00edce se dozv\u00edte tak\u00e9 na <a href=\"https:\/\/200solutions.com\/\" rel=\"nofollow noopener\" target=\"_blank\">webov\u00fdch str\u00e1nk\u00e1ch<\/a> spole\u010dnosti.<\/p>\n\n\n\n<div class=\"wp-block-image\"><figure class=\"aligncenter size-large\"><img fetchpriority=\"high\" decoding=\"async\" width=\"680\" height=\"466\" src=\"https:\/\/ssps-backup.200.solutions\/wp-content\/uploads\/2020\/12\/logo.png\" alt=\"\" class=\"wp-image-1242\" srcset=\"https:\/\/ssps-backup.200.solutions\/wp-content\/uploads\/2020\/12\/logo.png 680w, https:\/\/ssps-backup.200.solutions\/wp-content\/uploads\/2020\/12\/logo-300x206.png 300w\" sizes=\"(max-width: 680px) 100vw, 680px\" \/><\/figure><\/div>\n","protected":false},"excerpt":{"rendered":"<p>Spole\u010dnost 200solutions, s.r.o. se zab\u00fdv\u00e1 se p\u0159edev\u0161\u00edm tvorbou webov\u00fdch aplikac\u00ed. Je propojeno s&nbsp;Medi\u00e1ln\u00edm domem Preslova&#8230;. <a href=\"https:\/\/ssps-backup.200.solutions\/?page_id=1238\" class=\"readmore\">Zobrazit v\u00edce<\/a><\/p>\n","protected":false},"author":14,"featured_media":0,"parent":1236,"menu_order":0,"comment_status":"closed","ping_status":"closed","template":"","meta":{"_acf_changed":false,"inline_featured_image":false,"footnotes":""},"class_list":["post-1238","page","type-page","status-publish","hentry"],"acf":[],"_links":{"self":[{"href":"https:\/\/ssps-backup.200.solutions\/index.php?rest_route=\/wp\/v2\/pages\/1238","targetHints":{"allow":["GET"]}}],"collection":[{"href":"https:\/\/ssps-backup.200.solutions\/index.php?rest_route=\/wp\/v2\/pages"}],"about":[{"href":"https:\/\/ssps-backup.200.solutions\/index.php?rest_route=\/wp\/v2\/types\/page"}],"author":[{"embeddable":true,"href":"https:\/\/ssps-backup.200.solutions\/index.php?rest_route=\/wp\/v2\/users\/14"}],"replies":[{"embeddable":true,"href":"https:\/\/ssps-backup.200.solutions\/index.php?rest_route=%2Fwp%2Fv2%2Fcomments&post=1238"}],"version-history":[{"count":5,"href":"https:\/\/ssps-backup.200.solutions\/index.php?rest_route=\/wp\/v2\/pages\/1238\/revisions"}],"predecessor-version":[{"id":1257,"href":"https:\/\/ssps-backup.200.solutions\/index.php?rest_route=\/wp\/v2\/pages\/1238\/revisions\/1257"}],"up":[{"embeddable":true,"href":"https:\/\/ssps-backup.200.solutions\/index.php?rest_route=\/wp\/v2\/pages\/1236"}],"wp:attachment":[{"href":"https:\/\/ssps-backup.200.solutions\/index.php?rest_route=%2Fwp%2Fv2%2Fmedia&parent=1238"}],"curies":[{"name":"wp","href":"https:\/\/api.w.org\/{rel}","templated":true}]}}