{"id":1236,"date":"2020-12-26T22:20:31","date_gmt":"2020-12-26T21:20:31","guid":{"rendered":"https:\/\/ssps-backup.200.solutions\/?page_id=1236"},"modified":"2020-12-26T22:49:07","modified_gmt":"2020-12-26T21:49:07","slug":"start-upy","status":"publish","type":"page","link":"https:\/\/ssps-backup.200.solutions\/?page_id=1236","title":{"rendered":"Start-upy"},"content":{"rendered":"\n<p>Na Sm\u00edchovsk\u00e9 st\u0159edn\u00ed pr\u016fmyslov\u00e9 \u0161kole a gymn\u00e1ziu ji\u017e nyn\u00ed funguje p\u011bt Start-up\u016f a studenti \u010di absolventi uva\u017euj\u00ed o zalo\u017een\u00ed dal\u0161\u00edch. Vznik\u00e1 prostor, kde budou m\u00edt Start-upy sd\u00edlen\u00e9 kancel\u00e1\u0159e a kde budou m\u00edt sv\u00e9 s\u00eddlo. Budou tak\u00e9 propojeni s\u00a0nov\u011b vznikaj\u00edc\u00edm Coworkingov\u00fdm centrem p\u0159i Sm\u00edchovsk\u00e9 SP\u0160 a gymn\u00e1ziu. Je sl\u00edbena podpora z\u0159izovatele i spolupr\u00e1ce s\u00a0Pra\u017esk\u00fdm inova\u010dn\u00edm institutem.<\/p>\n\n\n\n<p>Vlevo je p\u0159ehled ji\u017e existuj\u00edc\u00edch a funguj\u00edc\u00edch Start-up\u016f.<\/p>\n\n\n\n<p><strong>Mo\u017en\u00e9 zapojen\u00ed student\u016f:<\/strong> studenti se mohou p\u0159idat k\u00a0ji\u017e existuj\u00edc\u00edm Start-up\u016fm, nebo mohou p\u0159ij\u00edt se sv\u00fdm vlastn\u00edm. Sm\u00edchovsk\u00e1 SP\u0160 a gymn\u00e1zium jim v\u00a0r\u00e1mci sv\u00fdch mo\u017enost\u00ed pom\u016f\u017ee s\u00a0jeho rozb\u011bhem.<\/p>\n","protected":false},"excerpt":{"rendered":"<p>Na Sm\u00edchovsk\u00e9 st\u0159edn\u00ed pr\u016fmyslov\u00e9 \u0161kole a gymn\u00e1ziu ji\u017e nyn\u00ed funguje p\u011bt Start-up\u016f a studenti \u010di&#8230; <a href=\"https:\/\/ssps-backup.200.solutions\/?page_id=1236\" class=\"readmore\">Zobrazit v\u00edce<\/a><\/p>\n","protected":false},"author":14,"featured_media":0,"parent":154,"menu_order":0,"comment_status":"closed","ping_status":"closed","template":"","meta":{"_acf_changed":false,"inline_featured_image":false,"footnotes":""},"class_list":["post-1236","page","type-page","status-publish","hentry"],"acf":[],"_links":{"self":[{"href":"https:\/\/ssps-backup.200.solutions\/index.php?rest_route=\/wp\/v2\/pages\/1236","targetHints":{"allow":["GET"]}}],"collection":[{"href":"https:\/\/ssps-backup.200.solutions\/index.php?rest_route=\/wp\/v2\/pages"}],"about":[{"href":"https:\/\/ssps-backup.200.solutions\/index.php?rest_route=\/wp\/v2\/types\/page"}],"author":[{"embeddable":true,"href":"https:\/\/ssps-backup.200.solutions\/index.php?rest_route=\/wp\/v2\/users\/14"}],"replies":[{"embeddable":true,"href":"https:\/\/ssps-backup.200.solutions\/index.php?rest_route=%2Fwp%2Fv2%2Fcomments&post=1236"}],"version-history":[{"count":2,"href":"https:\/\/ssps-backup.200.solutions\/index.php?rest_route=\/wp\/v2\/pages\/1236\/revisions"}],"predecessor-version":[{"id":1258,"href":"https:\/\/ssps-backup.200.solutions\/index.php?rest_route=\/wp\/v2\/pages\/1236\/revisions\/1258"}],"up":[{"embeddable":true,"href":"https:\/\/ssps-backup.200.solutions\/index.php?rest_route=\/wp\/v2\/pages\/154"}],"wp:attachment":[{"href":"https:\/\/ssps-backup.200.solutions\/index.php?rest_route=%2Fwp%2Fv2%2Fmedia&parent=1236"}],"curies":[{"name":"wp","href":"https:\/\/api.w.org\/{rel}","templated":true}]}}