{"id":1233,"date":"2020-12-26T22:13:18","date_gmt":"2020-12-26T21:13:18","guid":{"rendered":"https:\/\/ssps-backup.200.solutions\/?page_id=1233"},"modified":"2021-11-15T16:21:57","modified_gmt":"2021-11-15T15:21:57","slug":"coworkingove-centrum-pri-smichovske-sps-a-gymnaziu","status":"publish","type":"page","link":"https:\/\/ssps-backup.200.solutions\/?page_id=1233","title":{"rendered":"Coworkingov\u00e9 centrum Next Zone"},"content":{"rendered":"\n<div class=\"wp-block-columns is-layout-flex wp-container-core-columns-is-layout-9d6595d7 wp-block-columns-is-layout-flex\">\n<div class=\"wp-block-column is-layout-flow wp-block-column-is-layout-flow\" style=\"flex-basis:66.66%\">\n<p>Coworkingov\u00e9 centrum Next Zone vzniklo p\u0159estav\u011bn\u00edm star\u00fdch nepou\u017e\u00edvan\u00fdch d\u00edlen a \u0161aten. Obdivuhodnou pr\u00e1c\u00ed pana \u0160t\u011bp\u00e1nka tak vznikl <strong>prostor pro po\u0159\u00e1d\u00e1n\u00ed ud\u00e1lost\u00ed pro technologicko-startupovou komunitu<\/strong> i partnery \u0161koly.<\/p>\n\n\n\n<p>Prostor je od z\u00e1kladu navr\u017een pro po\u0159\u00e1d\u00e1n\u00ed profesion\u00e1ln\u00edch fyzick\u00fdch i virtu\u00e1ln\u00edch event\u016f. S p\u0159ilehl\u00fdmi d\u00edlnami Maker Space tak <strong>nab\u00edz\u00ed z\u00e1zem\u00ed startup\u016fm student\u016fm Sm\u00edchovsk\u00e9 SP\u0160 a gymn\u00e1zia<\/strong> i ostatn\u00edch pra\u017esk\u00fdch \u0161kol.<\/p>\n<\/div>\n\n\n\n<div class=\"wp-block-column is-layout-flow wp-block-column-is-layout-flow\" style=\"flex-basis:33.33%\">\n<figure class=\"wp-block-image size-full is-resized is-style-rounded\"><img decoding=\"async\" src=\"https:\/\/ssps-backup.200.solutions\/wp-content\/uploads\/2021\/09\/frame.png\" alt=\"\" class=\"wp-image-2439\" width=\"174\" height=\"174\" srcset=\"https:\/\/ssps-backup.200.solutions\/wp-content\/uploads\/2021\/09\/frame.png 831w, https:\/\/ssps-backup.200.solutions\/wp-content\/uploads\/2021\/09\/frame-300x300.png 300w, https:\/\/ssps-backup.200.solutions\/wp-content\/uploads\/2021\/09\/frame-150x150.png 150w, https:\/\/ssps-backup.200.solutions\/wp-content\/uploads\/2021\/09\/frame-768x768.png 768w\" sizes=\"(max-width: 174px) 100vw, 174px\" \/><\/figure>\n<\/div>\n<\/div>\n\n\n\n<p>Next Zone nen\u00ed jenom o fyzick\u00fdch nebo virtu\u00e1ln\u00edch eventech, je o <strong>propojov\u00e1n\u00ed lid\u00ed z rozli\u010dn\u00fdch obor\u016f, inspiraci a vzd\u011bl\u00e1v\u00e1n\u00ed lid\u00ed. <\/strong>Pou\u017e\u00edv\u00e1 novou formu vzd\u011bl\u00e1v\u00e1n\u00ed, kter\u00e1 je v\u00edce personalizovan\u00e1 a z\u00e1bavn\u00e1, motivuje a podporuje lidi, nap\u0159\u00ed\u010d v\u011bkov\u00fdmi kategoriemi.<\/p>\n\n\n\n<p>Sou\u010d\u00e1st\u00ed Next Zone jsou tak\u00e9 <strong>Next Zone Labs a Maker Space<\/strong>. Labs je m\u00edsto, kde se potk\u00e1vaj\u00ed kreativn\u00ed lid\u00e9. Spolu s Maker Space tvo\u0159\u00ed unik\u00e1tn\u00ed prost\u0159ed\u00ed, pro startupy.<\/p>\n\n\n\n<p><strong>Zaj\u00edm\u00e1te se o technologie a podnik\u00e1n\u00ed? <\/strong>Nenechte si ut\u00e9ct \u017e\u00e1dnou novinku a<strong> sledujte <a rel=\"noreferrer noopener nofollow\" href=\"https:\/\/www.instagram.com\/nextzone.io\/\" target=\"_blank\">Next Zone na Instagramu<\/a>!<\/strong><\/p>\n\n\n\n<p><a href=\"http:\/\/www.nextzone.io\" rel=\"nofollow noopener\" target=\"_blank\">Webov\u00e1 platforma www.nextzone.io<\/a><\/p>\n\n\n<style type=\"text\/css\" scoped>.rbs_gallery_69f9ceb9a721cSpinner{\r\n\t\t\t\tmargin: 50px auto;\r\n\t\t\t\twidth: 50px;\r\n\t\t\t\theight: 40px;\r\n\t\t\t\ttext-align: center;\r\n\t\t\t\tfont-size: 10px;\r\n\t\t\t}\r\n\t\t\t.rbs_gallery_69f9ceb9a721cSpinner > div{\r\n\t\t\t  background-color: #333;\r\n\t\t\t  height: 100%;\r\n\t\t\t  width: 6px;\r\n\t\t\t  display: inline-block;\r\n\t\t\t  -webkit-animation: rbs_gallery_69f9ceb9a721c-stretchdelay 1.2s infinite ease-in-out;\r\n\t\t\t  animation: rbs_gallery_69f9ceb9a721c-stretchdelay 1.2s infinite ease-in-out;\r\n\t\t\t}\r\n\t\t\t.rbs_gallery_69f9ceb9a721cSpinner .rbs_gallery_69f9ceb9a721cRect2 {\r\n\t\t\t  -webkit-animation-delay: -1.1s;\r\n\t\t\t  animation-delay: -1.1s;\r\n\t\t\t}\r\n\t\t\t.rbs_gallery_69f9ceb9a721cSpinner .rbs_gallery_69f9ceb9a721cRect3 {\r\n\t\t\t  -webkit-animation-delay: -1.0s;\r\n\t\t\t  animation-delay: -1.0s;\r\n\t\t\t}\r\n\t\t\t.rbs_gallery_69f9ceb9a721cSpinner .rbs_gallery_69f9ceb9a721cRect4 {\r\n\t\t\t  -webkit-animation-delay: -0.9s;\r\n\t\t\t  animation-delay: -0.9s;\r\n\t\t\t}\r\n\t\t\t.rbs_gallery_69f9ceb9a721cSpinner .rbs_gallery_69f9ceb9a721cRect5 {\r\n\t\t\t  -webkit-animation-delay: -0.8s;\r\n\t\t\t  animation-delay: -0.8s;\r\n\t\t\t}\r\n\t\t\t@-webkit-keyframes rbs_gallery_69f9ceb9a721c-stretchdelay {\r\n\t\t\t  0%, 40%, 100% { -webkit-transform: scaleY(0.4) }  \r\n\t\t\t  20% { -webkit-transform: scaleY(1.0) }\r\n\t\t\t}\r\n\t\t\t@keyframes rbs_gallery_69f9ceb9a721c-stretchdelay {\r\n\t\t\t  0%, 40%, 100% { \r\n\t\t\t    transform: scaleY(0.4);\r\n\t\t\t    -webkit-transform: scaleY(0.4);\r\n\t\t\t  }  20% { \r\n\t\t\t    transform: scaleY(1.0);\r\n\t\t\t    -webkit-transform: scaleY(1.0);\r\n\t\t\t  }\r\n\t\t\t}\r\n\t\t<\/style><div class=\"robo-gallery-wrap robo-gallery-wrap-id2645 robo-gallery-grid\" ><div id=\"rbs_gallery_69f9ceb9a721c-block-loader\" class=\"rbs_gallery_69f9ceb9a721cSpinner\"><div class=\"rbs_gallery_69f9ceb9a721cRect1\"><\/div> <div class=\"rbs_gallery_69f9ceb9a721cRect2\"><\/div> <div class=\"rbs_gallery_69f9ceb9a721cRect3\"><\/div> <div class=\"rbs_gallery_69f9ceb9a721cRect4\"><\/div> <div class=\"rbs_gallery_69f9ceb9a721cRect5\"><\/div><\/div><div id=\"robo_gallery_main_block_rbs_gallery_69f9ceb9a721c\" class=\"robogallery-gallery-2645\" style=\"width:100%;  display: none;\"><div id=\"rbs_gallery_69f9ceb9a721c\" data-options=\"rbs_gallery_69f9ceb9a721c\" style=\"width:100%;\" class=\"robo_gallery  \"><div class=\"rbs-img  category2645 \" ><div class=\"rbs-img-image   rbs-lightbox \" ><div class=\"rbs-img-thumbs\"  data-thumbnail=\"https:\/\/ssps-backup.200.solutions\/wp-content\/uploads\/2021\/11\/244656415_232240358962546_3748698791399613673_n-300x200.jpg\"  title=\"NEXT ZONE\"  data-width=\"300\"  data-height=\"200\" ><\/div><div class=\"rbs-img-data-popup\"  data-popup=\"https:\/\/ssps-backup.200.solutions\/wp-content\/uploads\/2021\/11\/244656415_232240358962546_3748698791399613673_n.jpg\"  title=\"NEXT ZONE\" ><\/div><div class=\"thumbnail-overlay\"><div class=\"rbsTitle \">NEXT ZONE<\/div><div class=\"rbsIcons\"><i class=\"fa fa-search-plus rbsZoomIcon \" ><\/i><\/div><\/div><\/div><\/div><div class=\"rbs-img  category2645 \" ><div class=\"rbs-img-image   rbs-lightbox \" ><div class=\"rbs-img-thumbs\"  data-thumbnail=\"https:\/\/ssps-backup.200.solutions\/wp-content\/uploads\/2021\/11\/247582641_241176494735599_6337969980568239800_n-300x300.jpg\"  title=\"NEXT ZONE\"  data-width=\"300\"  data-height=\"300\" ><\/div><div class=\"rbs-img-data-popup\"  data-popup=\"https:\/\/ssps-backup.200.solutions\/wp-content\/uploads\/2021\/11\/247582641_241176494735599_6337969980568239800_n.jpg\"  title=\"NEXT ZONE\" ><\/div><div class=\"thumbnail-overlay\"><div class=\"rbsTitle \">NEXT ZONE<\/div><div class=\"rbsIcons\"><i class=\"fa fa-search-plus rbsZoomIcon \" ><\/i><\/div><\/div><\/div><\/div><div class=\"rbs-img  category2645 \" ><div class=\"rbs-img-image   rbs-lightbox \" ><div class=\"rbs-img-thumbs\"  data-thumbnail=\"https:\/\/ssps-backup.200.solutions\/wp-content\/uploads\/2021\/11\/247358245_241176621402253_1055700787701554256_n-300x300.jpg\"  title=\"NEXT ZONE\"  data-width=\"300\"  data-height=\"300\" ><\/div><div class=\"rbs-img-data-popup\"  data-popup=\"https:\/\/ssps-backup.200.solutions\/wp-content\/uploads\/2021\/11\/247358245_241176621402253_1055700787701554256_n.jpg\"  title=\"NEXT ZONE\" ><\/div><div class=\"thumbnail-overlay\"><div class=\"rbsTitle \">NEXT ZONE<\/div><div class=\"rbsIcons\"><i class=\"fa fa-search-plus rbsZoomIcon \" ><\/i><\/div><\/div><\/div><\/div><div class=\"rbs-img  category2645 \" ><div class=\"rbs-img-image   rbs-lightbox \" ><div class=\"rbs-img-thumbs\"  data-thumbnail=\"https:\/\/ssps-backup.200.solutions\/wp-content\/uploads\/2021\/11\/249277387_245937250926190_3214827625216289759_n-300x300.jpg\"  title=\"NEXT ZONE\"  data-width=\"300\"  data-height=\"300\" ><\/div><div class=\"rbs-img-data-popup\"  data-popup=\"https:\/\/ssps-backup.200.solutions\/wp-content\/uploads\/2021\/11\/249277387_245937250926190_3214827625216289759_n.jpg\"  title=\"NEXT ZONE\" ><\/div><div class=\"thumbnail-overlay\"><div class=\"rbsTitle \">NEXT ZONE<\/div><div class=\"rbsIcons\"><i class=\"fa fa-search-plus rbsZoomIcon \" ><\/i><\/div><\/div><\/div><\/div><div class=\"rbs-img  category2645 \" ><div class=\"rbs-img-image   rbs-lightbox \" ><div class=\"rbs-img-thumbs\"  data-thumbnail=\"https:\/\/ssps-backup.200.solutions\/wp-content\/uploads\/2021\/11\/254867956_255081396678442_8170482815597671139_n-300x300.jpg\"  title=\"NEXT ZONE\"  data-width=\"300\"  data-height=\"300\" ><\/div><div class=\"rbs-img-data-popup\"  data-popup=\"https:\/\/ssps-backup.200.solutions\/wp-content\/uploads\/2021\/11\/254867956_255081396678442_8170482815597671139_n.jpg\"  title=\"NEXT ZONE\" ><\/div><div class=\"thumbnail-overlay\"><div class=\"rbsTitle \">NEXT ZONE<\/div><div class=\"rbsIcons\"><i class=\"fa fa-search-plus rbsZoomIcon \" ><\/i><\/div><\/div><\/div><\/div><div class=\"rbs-img  category2645 \" ><div class=\"rbs-img-image   rbs-lightbox \" ><div class=\"rbs-img-thumbs\"  data-thumbnail=\"https:\/\/ssps-backup.200.solutions\/wp-content\/uploads\/2021\/11\/255564902_255081416678440_8216809188021939312_n-300x300.jpg\"  title=\"NEXT ZONE\"  data-width=\"300\"  data-height=\"300\" ><\/div><div class=\"rbs-img-data-popup\"  data-popup=\"https:\/\/ssps-backup.200.solutions\/wp-content\/uploads\/2021\/11\/255564902_255081416678440_8216809188021939312_n.jpg\"  title=\"NEXT ZONE\" ><\/div><div class=\"thumbnail-overlay\"><div class=\"rbsTitle \">NEXT ZONE<\/div><div class=\"rbsIcons\"><i class=\"fa fa-search-plus rbsZoomIcon \" ><\/i><\/div><\/div><\/div><\/div><div class=\"rbs-img  category2645 \" ><div class=\"rbs-img-image   rbs-lightbox \" ><div class=\"rbs-img-thumbs\"  data-thumbnail=\"https:\/\/ssps-backup.200.solutions\/wp-content\/uploads\/2021\/11\/255347865_255081413345107_430114954725181187_n-300x300.jpg\"  title=\"NEXT ZONE\"  data-width=\"300\"  data-height=\"300\" ><\/div><div class=\"rbs-img-data-popup\"  data-popup=\"https:\/\/ssps-backup.200.solutions\/wp-content\/uploads\/2021\/11\/255347865_255081413345107_430114954725181187_n.jpg\"  title=\"NEXT ZONE\" ><\/div><div class=\"thumbnail-overlay\"><div class=\"rbsTitle \">NEXT ZONE<\/div><div class=\"rbsIcons\"><i class=\"fa fa-search-plus rbsZoomIcon \" ><\/i><\/div><\/div><\/div><\/div><div class=\"rbs-img  category2645 \" ><div class=\"rbs-img-image   rbs-lightbox \" ><div class=\"rbs-img-thumbs\"  data-thumbnail=\"https:\/\/ssps-backup.200.solutions\/wp-content\/uploads\/2021\/11\/255305279_255689446617637_5872639791777762166_n-300x300.jpg\"  title=\"NEXT ZONE\"  data-width=\"300\"  data-height=\"300\" ><\/div><div class=\"rbs-img-data-popup\"  data-popup=\"https:\/\/ssps-backup.200.solutions\/wp-content\/uploads\/2021\/11\/255305279_255689446617637_5872639791777762166_n.jpg\"  title=\"NEXT ZONE\" ><\/div><div class=\"thumbnail-overlay\"><div class=\"rbsTitle \">NEXT ZONE<\/div><div class=\"rbsIcons\"><i class=\"fa fa-search-plus rbsZoomIcon \" ><\/i><\/div><\/div><\/div><\/div><div class=\"rbs-img  category2645 \" ><div class=\"rbs-img-image   rbs-lightbox \" ><div class=\"rbs-img-thumbs\"  data-thumbnail=\"https:\/\/ssps-backup.200.solutions\/wp-content\/uploads\/2021\/11\/30f76c33-2fc6-4379-b138-8bd34e22e5f5-300x200.jpg\"  title=\"NEXT ZONE\"  data-width=\"300\"  data-height=\"200\" ><\/div><div class=\"rbs-img-data-popup\"  data-popup=\"https:\/\/ssps-backup.200.solutions\/wp-content\/uploads\/2021\/11\/30f76c33-2fc6-4379-b138-8bd34e22e5f5.jpg\"  title=\"NEXT ZONE\" ><\/div><div class=\"thumbnail-overlay\"><div class=\"rbsTitle \">NEXT ZONE<\/div><div class=\"rbsIcons\"><i class=\"fa fa-search-plus rbsZoomIcon \" ><\/i><\/div><\/div><\/div><\/div><\/div><\/div><\/div><script>var rbs_gallery_69f9ceb9a721c = {\"version\":\"5.0.7\",\"id\":2645,\"class\":\"id2645\",\"roboGalleryDelay\":1000,\"mainContainer\":\"#robo_gallery_main_block_rbs_gallery_69f9ceb9a721c\",\"loadingContainer\":\"#rbs_gallery_69f9ceb9a721c-block-loader\",\"loadingContainerObj\":\"rbs_gallery_69f9ceb9a721c-block-loader\",\"columnWidth\":\"auto\",\"columns\":3,\"resolutions\":[{\"columnWidth\":\"auto\",\"columns\":3,\"maxWidth\":960},{\"columnWidth\":\"auto\",\"columns\":2,\"maxWidth\":650},{\"columnWidth\":\"auto\",\"columns\":1,\"maxWidth\":450}],\"lightboxOptions\":{\"gallery\":{\"enabled\":true,\"tCounter\":\"%curr% of %total%\"}},\"overlayEffect\":\"direction-aware-fade\",\"boxesToLoadStart\":9,\"boxesToLoad\":9,\"waitUntilThumbLoads\":1,\"LoadingWord\":\"Loading...\",\"loadMoreWord\":\"Load More\",\"noMoreEntriesWord\":\"No More Entries\",\"horizontalSpaceBetweenBoxes\":15,\"verticalSpaceBetweenBoxes\":15,\"lazyLoad\":1,\"wrapContainer\":\"#robo-gallery-wrap-rbs_gallery_69f9ceb9a721c\"};<\/script>","protected":false},"excerpt":{"rendered":"<p>Coworkingov\u00e9 centrum Next Zone vzniklo p\u0159estav\u011bn\u00edm star\u00fdch nepou\u017e\u00edvan\u00fdch d\u00edlen a \u0161aten. Obdivuhodnou pr\u00e1c\u00ed pana \u0160t\u011bp\u00e1nka&#8230; <a href=\"https:\/\/ssps-backup.200.solutions\/?page_id=1233\" class=\"readmore\">Zobrazit v\u00edce<\/a><\/p>\n","protected":false},"author":14,"featured_media":0,"parent":154,"menu_order":0,"comment_status":"closed","ping_status":"closed","template":"","meta":{"_acf_changed":false,"inline_featured_image":false,"footnotes":""},"class_list":["post-1233","page","type-page","status-publish","hentry"],"acf":[],"_links":{"self":[{"href":"https:\/\/ssps-backup.200.solutions\/index.php?rest_route=\/wp\/v2\/pages\/1233","targetHints":{"allow":["GET"]}}],"collection":[{"href":"https:\/\/ssps-backup.200.solutions\/index.php?rest_route=\/wp\/v2\/pages"}],"about":[{"href":"https:\/\/ssps-backup.200.solutions\/index.php?rest_route=\/wp\/v2\/types\/page"}],"author":[{"embeddable":true,"href":"https:\/\/ssps-backup.200.solutions\/index.php?rest_route=\/wp\/v2\/users\/14"}],"replies":[{"embeddable":true,"href":"https:\/\/ssps-backup.200.solutions\/index.php?rest_route=%2Fwp%2Fv2%2Fcomments&post=1233"}],"version-history":[{"count":10,"href":"https:\/\/ssps-backup.200.solutions\/index.php?rest_route=\/wp\/v2\/pages\/1233\/revisions"}],"predecessor-version":[{"id":4890,"href":"https:\/\/ssps-backup.200.solutions\/index.php?rest_route=\/wp\/v2\/pages\/1233\/revisions\/4890"}],"up":[{"embeddable":true,"href":"https:\/\/ssps-backup.200.solutions\/index.php?rest_route=\/wp\/v2\/pages\/154"}],"wp:attachment":[{"href":"https:\/\/ssps-backup.200.solutions\/index.php?rest_route=%2Fwp%2Fv2%2Fmedia&parent=1233"}],"curies":[{"name":"wp","href":"https:\/\/api.w.org\/{rel}","templated":true}]}}